{"id":12041,"date":"2022-03-04T06:39:08","date_gmt":"2022-03-04T06:39:08","guid":{"rendered":"http:\/\/safariredsea.com\/?page_id=12041"},"modified":"2022-03-30T10:56:25","modified_gmt":"2022-03-30T10:56:25","slug":"safari-hurghada","status":"publish","type":"page","link":"https:\/\/www.safariredsea.com\/de\/safari-hurghada\/","title":{"rendered":"Safari Hurghada"},"content":{"rendered":"<h1 id=\"tw-target-text\" class=\"tw-data-text tw-text-large tw-ta\" dir=\"ltr\" style=\"text-align: center;\" data-placeholder=\"Translation\"><strong><span style=\"color: #ffcc00;\">Safari Hurghada &#8211; Quad Bike Touren, Jeep Safari, D\u00fcnenbuggy Hurghada<\/span><\/strong><\/h1>\n<p>Die W\u00fcstensafari Hurghada ist eine wunderbare Begegnung, da Sie sich an jedem Punkt selbst helfen, die Zeit zu behalten, in der Sie sich noch einmal mit neuer Energie f\u00fchlen.<\/p>\n<p>Die Unterst\u00fctzung von Millionen von Einzelpersonen bei diesem Besuch mit Familien und Ehepartnern versprechen, dass die W\u00fcstensafari Hurghada der beste Besuch unter den zahlreichen verschiedenen Besuchen ist.<\/p>\n<p>\u00c4u\u00dferst perfekte und saubere Fahrzeuge und ein umg\u00e4nglicher Safari-Guide f\u00fcr Sie. Auch das famili\u00e4re Klima ist entscheidend f\u00fcr unsere Safarireisen.<\/p>\n","protected":false},"excerpt":{"rendered":"<p>Safari Hurghada &#8211; Quad Bike Touren, Jeep Safari, D\u00fcnenbuggy Hurghada Die W\u00fcstensafari Hurghada ist eine wunderbare Begegnung, da Sie sich an jedem Punkt selbst helfen, die Zeit zu behalten, in der Sie sich noch einmal mit neuer Energie f\u00fchlen. Die Unterst\u00fctzung von Millionen von Einzelpersonen bei diesem Besuch mit Familien und Ehepartnern versprechen, dass die [&hellip;]<\/p>\n","protected":false},"author":1,"featured_media":16823,"parent":0,"menu_order":0,"comment_status":"closed","ping_status":"closed","template":"page-template.php","meta":{"_acf_changed":false,"footnotes":""},"class_list":["post-12041","page","type-page","status-publish","has-post-thumbnail","hentry","entry"],"acf":[],"_links":{"self":[{"href":"https:\/\/www.safariredsea.com\/de\/wp-json\/wp\/v2\/pages\/12041","targetHints":{"allow":["GET"]}}],"collection":[{"href":"https:\/\/www.safariredsea.com\/de\/wp-json\/wp\/v2\/pages"}],"about":[{"href":"https:\/\/www.safariredsea.com\/de\/wp-json\/wp\/v2\/types\/page"}],"author":[{"embeddable":true,"href":"https:\/\/www.safariredsea.com\/de\/wp-json\/wp\/v2\/users\/1"}],"replies":[{"embeddable":true,"href":"https:\/\/www.safariredsea.com\/de\/wp-json\/wp\/v2\/comments?post=12041"}],"version-history":[{"count":5,"href":"https:\/\/www.safariredsea.com\/de\/wp-json\/wp\/v2\/pages\/12041\/revisions"}],"predecessor-version":[{"id":16057,"href":"https:\/\/www.safariredsea.com\/de\/wp-json\/wp\/v2\/pages\/12041\/revisions\/16057"}],"wp:featuredmedia":[{"embeddable":true,"href":"https:\/\/www.safariredsea.com\/de\/wp-json\/wp\/v2\/media\/16823"}],"wp:attachment":[{"href":"https:\/\/www.safariredsea.com\/de\/wp-json\/wp\/v2\/media?parent=12041"}],"curies":[{"name":"wp","href":"https:\/\/api.w.org\/{rel}","templated":true}]}}