{"id":12063,"date":"2022-03-04T08:27:32","date_gmt":"2022-03-04T08:27:32","guid":{"rendered":"http:\/\/safariredsea.com\/?page_id=12063"},"modified":"2022-03-16T13:39:42","modified_gmt":"2022-03-16T13:39:42","slug":"quad-biking-hurghada","status":"publish","type":"page","link":"https:\/\/www.safariredsea.com\/de\/safari-hurghada\/quad-biking-hurghada\/","title":{"rendered":"Quad Biking Hurghada"},"content":{"rendered":"<h2 style=\"text-align: center;\"><strong>Quad Biking Hurghada<\/strong><\/h2>\n<p>&nbsp;<\/p>\n<p>Mit dieser besten W\u00fcstensafari haben wir verschiedene andere weit verbreitete \u00dcbungen mitgebracht. Obwohl wir mehr Arten von Safaris f\u00fcr Sie haben, als Sunset Desert Safari, Quad Biking Hurghada Angebote, gefolgt von Evening Desert Safari, k\u00f6nnen Sie die bewunderten Desert Safari Deals ausw\u00e4hlen und genie\u00dfen.<\/p>\n","protected":false},"excerpt":{"rendered":"<p>Quad Biking Hurghada &nbsp; Mit dieser besten W\u00fcstensafari haben wir verschiedene andere weit verbreitete \u00dcbungen mitgebracht. Obwohl wir mehr Arten von Safaris f\u00fcr Sie haben, als Sunset Desert Safari, Quad Biking Hurghada Angebote, gefolgt von Evening Desert Safari, k\u00f6nnen Sie die bewunderten Desert Safari Deals ausw\u00e4hlen und genie\u00dfen.<\/p>\n","protected":false},"author":1,"featured_media":6949,"parent":12041,"menu_order":0,"comment_status":"closed","ping_status":"closed","template":"page-template-cat.php","meta":{"_acf_changed":false,"footnotes":""},"class_list":["post-12063","page","type-page","status-publish","has-post-thumbnail","hentry","entry"],"acf":[],"_links":{"self":[{"href":"https:\/\/www.safariredsea.com\/de\/wp-json\/wp\/v2\/pages\/12063","targetHints":{"allow":["GET"]}}],"collection":[{"href":"https:\/\/www.safariredsea.com\/de\/wp-json\/wp\/v2\/pages"}],"about":[{"href":"https:\/\/www.safariredsea.com\/de\/wp-json\/wp\/v2\/types\/page"}],"author":[{"embeddable":true,"href":"https:\/\/www.safariredsea.com\/de\/wp-json\/wp\/v2\/users\/1"}],"replies":[{"embeddable":true,"href":"https:\/\/www.safariredsea.com\/de\/wp-json\/wp\/v2\/comments?post=12063"}],"version-history":[{"count":7,"href":"https:\/\/www.safariredsea.com\/de\/wp-json\/wp\/v2\/pages\/12063\/revisions"}],"predecessor-version":[{"id":15602,"href":"https:\/\/www.safariredsea.com\/de\/wp-json\/wp\/v2\/pages\/12063\/revisions\/15602"}],"up":[{"embeddable":true,"href":"https:\/\/www.safariredsea.com\/de\/wp-json\/wp\/v2\/pages\/12041"}],"wp:featuredmedia":[{"embeddable":true,"href":"https:\/\/www.safariredsea.com\/de\/wp-json\/wp\/v2\/media\/6949"}],"wp:attachment":[{"href":"https:\/\/www.safariredsea.com\/de\/wp-json\/wp\/v2\/media?parent=12063"}],"curies":[{"name":"wp","href":"https:\/\/api.w.org\/{rel}","templated":true}]}}