{"id":12128,"date":"2022-03-04T12:21:58","date_gmt":"2022-03-04T12:21:58","guid":{"rendered":"http:\/\/safariredsea.com\/?page_id=12128"},"modified":"2022-03-15T14:53:29","modified_gmt":"2022-03-15T14:53:29","slug":"safari-sharm-el-sheikh","status":"publish","type":"page","link":"https:\/\/www.safariredsea.com\/de\/safari-sharm-el-sheikh\/","title":{"rendered":"Safari Sharm El Sheikh"},"content":{"rendered":"<h1 style=\"text-align: center;\"><span style=\"color: #ffcc00;\"><strong>Sharm El Sheikh &#8211; Quad Bike Tours Sharm El Sheikh, D\u00fcnenbuggy Sharm El Sheikh<\/strong><\/span><\/h1>\n<p>&nbsp;<\/p>\n<p>&nbsp;<\/p>\n<p>Der Punkt der W\u00fcstensafari in Sharm El Sheikh ist nicht lange, bevor die Safari beginnt. Es gibt eine Pause zum Entspannen. Badezimmer f\u00fcr M\u00e4nner und Frauen sind sogar f\u00fcr Ihre Bequemlichkeit da.<\/p>\n<p>Dort warten auch Quads Bike und Dune Buggy auf Sie. Angenommen, Sie m\u00f6chten an der Fahrt teilnehmen, k\u00f6nnen Sie 20 bis 30 Minuten fahren.<\/p>\n","protected":false},"excerpt":{"rendered":"<p>Sharm El Sheikh &#8211; Quad Bike Tours Sharm El Sheikh, D\u00fcnenbuggy Sharm El Sheikh &nbsp; &nbsp; Der Punkt der W\u00fcstensafari in Sharm El Sheikh ist nicht lange, bevor die Safari beginnt. Es gibt eine Pause zum Entspannen. Badezimmer f\u00fcr M\u00e4nner und Frauen sind sogar f\u00fcr Ihre Bequemlichkeit da. Dort warten auch Quads Bike und Dune [&hellip;]<\/p>\n","protected":false},"author":1,"featured_media":16858,"parent":0,"menu_order":0,"comment_status":"closed","ping_status":"closed","template":"page-template.php","meta":{"_acf_changed":false,"footnotes":""},"class_list":["post-12128","page","type-page","status-publish","has-post-thumbnail","hentry","entry"],"acf":[],"_links":{"self":[{"href":"https:\/\/www.safariredsea.com\/de\/wp-json\/wp\/v2\/pages\/12128","targetHints":{"allow":["GET"]}}],"collection":[{"href":"https:\/\/www.safariredsea.com\/de\/wp-json\/wp\/v2\/pages"}],"about":[{"href":"https:\/\/www.safariredsea.com\/de\/wp-json\/wp\/v2\/types\/page"}],"author":[{"embeddable":true,"href":"https:\/\/www.safariredsea.com\/de\/wp-json\/wp\/v2\/users\/1"}],"replies":[{"embeddable":true,"href":"https:\/\/www.safariredsea.com\/de\/wp-json\/wp\/v2\/comments?post=12128"}],"version-history":[{"count":4,"href":"https:\/\/www.safariredsea.com\/de\/wp-json\/wp\/v2\/pages\/12128\/revisions"}],"predecessor-version":[{"id":15393,"href":"https:\/\/www.safariredsea.com\/de\/wp-json\/wp\/v2\/pages\/12128\/revisions\/15393"}],"wp:featuredmedia":[{"embeddable":true,"href":"https:\/\/www.safariredsea.com\/de\/wp-json\/wp\/v2\/media\/16858"}],"wp:attachment":[{"href":"https:\/\/www.safariredsea.com\/de\/wp-json\/wp\/v2\/media?parent=12128"}],"curies":[{"name":"wp","href":"https:\/\/api.w.org\/{rel}","templated":true}]}}