{"id":12475,"date":"2022-03-05T18:13:41","date_gmt":"2022-03-05T18:13:41","guid":{"rendered":"http:\/\/safariredsea.com\/?page_id=12475"},"modified":"2022-03-16T13:54:26","modified_gmt":"2022-03-16T13:54:26","slug":"makadi-bay-jeep-safari","status":"publish","type":"page","link":"https:\/\/www.safariredsea.com\/de\/safari-makadi-bay\/makadi-bay-jeep-safari\/","title":{"rendered":"Makadi Bay Jeep-Safari"},"content":{"rendered":"<h2 style=\"text-align: center;\"><strong>Makadi Bay Jeep-Safari<\/strong><\/h2>\n<p>&nbsp;<\/p>\n<p>&nbsp;<\/p>\n<p style=\"text-align: center;\">Die Makadi Bay Jeep Safari ist eine wunderbare Begegnung, da Sie sich an jedem Punkt selbst helfen, die Zeit zu behalten, in der Sie sich noch einmal mit neuer Energie f\u00fchlen. Die Unterst\u00fctzung von Millionen von Einzelpersonen bei diesem Besuch mit Familien und Ehepartnern versprechen, dass die W\u00fcstensafari Hurghada der beste Besuch unter den zahlreichen verschiedenen Besuchen ist.<\/p>\n","protected":false},"excerpt":{"rendered":"<p>Makadi Bay Jeep-Safari &nbsp; &nbsp; Die Makadi Bay Jeep Safari ist eine wunderbare Begegnung, da Sie sich an jedem Punkt selbst helfen, die Zeit zu behalten, in der Sie sich noch einmal mit neuer Energie f\u00fchlen. Die Unterst\u00fctzung von Millionen von Einzelpersonen bei diesem Besuch mit Familien und Ehepartnern versprechen, dass die W\u00fcstensafari Hurghada der [&hellip;]<\/p>\n","protected":false},"author":1,"featured_media":7983,"parent":12439,"menu_order":0,"comment_status":"closed","ping_status":"closed","template":"page-template-city.php","meta":{"_acf_changed":false,"footnotes":""},"class_list":["post-12475","page","type-page","status-publish","has-post-thumbnail","hentry","entry"],"acf":[],"_links":{"self":[{"href":"https:\/\/www.safariredsea.com\/de\/wp-json\/wp\/v2\/pages\/12475","targetHints":{"allow":["GET"]}}],"collection":[{"href":"https:\/\/www.safariredsea.com\/de\/wp-json\/wp\/v2\/pages"}],"about":[{"href":"https:\/\/www.safariredsea.com\/de\/wp-json\/wp\/v2\/types\/page"}],"author":[{"embeddable":true,"href":"https:\/\/www.safariredsea.com\/de\/wp-json\/wp\/v2\/users\/1"}],"replies":[{"embeddable":true,"href":"https:\/\/www.safariredsea.com\/de\/wp-json\/wp\/v2\/comments?post=12475"}],"version-history":[{"count":6,"href":"https:\/\/www.safariredsea.com\/de\/wp-json\/wp\/v2\/pages\/12475\/revisions"}],"predecessor-version":[{"id":15618,"href":"https:\/\/www.safariredsea.com\/de\/wp-json\/wp\/v2\/pages\/12475\/revisions\/15618"}],"up":[{"embeddable":true,"href":"https:\/\/www.safariredsea.com\/de\/wp-json\/wp\/v2\/pages\/12439"}],"wp:featuredmedia":[{"embeddable":true,"href":"https:\/\/www.safariredsea.com\/de\/wp-json\/wp\/v2\/media\/7983"}],"wp:attachment":[{"href":"https:\/\/www.safariredsea.com\/de\/wp-json\/wp\/v2\/media?parent=12475"}],"curies":[{"name":"wp","href":"https:\/\/api.w.org\/{rel}","templated":true}]}}