{"id":13153,"date":"2022-03-07T13:41:46","date_gmt":"2022-03-07T13:41:46","guid":{"rendered":"http:\/\/safariredsea.com\/?page_id=13153"},"modified":"2022-03-13T21:45:06","modified_gmt":"2022-03-13T21:45:06","slug":"safari-sahl-hasheesh","status":"publish","type":"page","link":"https:\/\/www.safariredsea.com\/de\/safari-sahl-hasheesh\/","title":{"rendered":"Safari Sahl Hasheesh"},"content":{"rendered":"<h2 style=\"text-align: center;\"><span style=\"color: #ffcc00;\"><strong>Safari Sahl Hashesh &#8211; Quad Bike Tours Sahl Hashesh , Jeep Safari Sahl Hashesh, Dune Buggy Sahl Hashesh<\/strong><\/span><\/h2>\n<p>&nbsp;<\/p>\n<p>&nbsp;<\/p>\n<p>Mit diesem Best Sahl Hashesh haben wir verschiedene andere weit verbreitete Drills mitgebracht. Sie k\u00f6nnen bewunderte W\u00fcstensafari-Angebote ausw\u00e4hlen und genie\u00dfen. Vergessen Sie bei Ihrem Besuch in Sahl Hashesh nicht, diese unglaublichen Angebote zu nutzen, die Sie bei der W\u00fcstensafari in Sahl Hashesh erwarten.<\/p>\n","protected":false},"excerpt":{"rendered":"<p>Safari Sahl Hashesh &#8211; Quad Bike Tours Sahl Hashesh , Jeep Safari Sahl Hashesh, Dune Buggy Sahl Hashesh &nbsp; &nbsp; Mit diesem Best Sahl Hashesh haben wir verschiedene andere weit verbreitete Drills mitgebracht. Sie k\u00f6nnen bewunderte W\u00fcstensafari-Angebote ausw\u00e4hlen und genie\u00dfen. Vergessen Sie bei Ihrem Besuch in Sahl Hashesh nicht, diese unglaublichen Angebote zu nutzen, die [&hellip;]<\/p>\n","protected":false},"author":1,"featured_media":16851,"parent":0,"menu_order":0,"comment_status":"closed","ping_status":"closed","template":"page-template.php","meta":{"_acf_changed":false,"footnotes":""},"class_list":["post-13153","page","type-page","status-publish","has-post-thumbnail","hentry","entry"],"acf":[],"_links":{"self":[{"href":"https:\/\/www.safariredsea.com\/de\/wp-json\/wp\/v2\/pages\/13153","targetHints":{"allow":["GET"]}}],"collection":[{"href":"https:\/\/www.safariredsea.com\/de\/wp-json\/wp\/v2\/pages"}],"about":[{"href":"https:\/\/www.safariredsea.com\/de\/wp-json\/wp\/v2\/types\/page"}],"author":[{"embeddable":true,"href":"https:\/\/www.safariredsea.com\/de\/wp-json\/wp\/v2\/users\/1"}],"replies":[{"embeddable":true,"href":"https:\/\/www.safariredsea.com\/de\/wp-json\/wp\/v2\/comments?post=13153"}],"version-history":[{"count":6,"href":"https:\/\/www.safariredsea.com\/de\/wp-json\/wp\/v2\/pages\/13153\/revisions"}],"predecessor-version":[{"id":14722,"href":"https:\/\/www.safariredsea.com\/de\/wp-json\/wp\/v2\/pages\/13153\/revisions\/14722"}],"wp:featuredmedia":[{"embeddable":true,"href":"https:\/\/www.safariredsea.com\/de\/wp-json\/wp\/v2\/media\/16851"}],"wp:attachment":[{"href":"https:\/\/www.safariredsea.com\/de\/wp-json\/wp\/v2\/media?parent=13153"}],"curies":[{"name":"wp","href":"https:\/\/api.w.org\/{rel}","templated":true}]}}