{"id":13203,"date":"2022-03-07T20:21:07","date_gmt":"2022-03-07T20:21:07","guid":{"rendered":"http:\/\/safariredsea.com\/?page_id=13203"},"modified":"2022-03-13T21:32:30","modified_gmt":"2022-03-13T21:32:30","slug":"safari-el-gouna","status":"publish","type":"page","link":"https:\/\/www.safariredsea.com\/de\/safari-el-gouna\/","title":{"rendered":"Safari El Gouna"},"content":{"rendered":"<h1 style=\"text-align: center;\"><span style=\"color: #ffcc00;\"><strong>Safari El Gouna &#8211; Quad Bike Touren El Gouna, Jeep Safari El Gouna, D\u00fcnenbuggy El Gouna<\/strong><\/span><\/h1>\n<p>&nbsp;<\/p>\n<p>El Gouna Desert Safari Point ist nicht lange, bevor die Safari beginnt. Es gibt eine Pause zum Entspannen. Badezimmer f\u00fcr M\u00e4nner und Frauen sind sogar f\u00fcr Ihre Bequemlichkeit da. Dort warten auch Quads Bike und Dune Buggy auf Sie. Angenommen, Sie m\u00f6chten an der Fahrt teilnehmen, k\u00f6nnen Sie 20 bis 30 Minuten fahren.<\/p>\n","protected":false},"excerpt":{"rendered":"<p>Safari El Gouna &#8211; Quad Bike Touren El Gouna, Jeep Safari El Gouna, D\u00fcnenbuggy El Gouna &nbsp; El Gouna Desert Safari Point ist nicht lange, bevor die Safari beginnt. Es gibt eine Pause zum Entspannen. Badezimmer f\u00fcr M\u00e4nner und Frauen sind sogar f\u00fcr Ihre Bequemlichkeit da. Dort warten auch Quads Bike und Dune Buggy auf [&hellip;]<\/p>\n","protected":false},"author":1,"featured_media":6588,"parent":0,"menu_order":0,"comment_status":"closed","ping_status":"closed","template":"page-template.php","meta":{"_acf_changed":false,"footnotes":""},"class_list":["post-13203","page","type-page","status-publish","has-post-thumbnail","hentry","entry"],"acf":[],"_links":{"self":[{"href":"https:\/\/www.safariredsea.com\/de\/wp-json\/wp\/v2\/pages\/13203","targetHints":{"allow":["GET"]}}],"collection":[{"href":"https:\/\/www.safariredsea.com\/de\/wp-json\/wp\/v2\/pages"}],"about":[{"href":"https:\/\/www.safariredsea.com\/de\/wp-json\/wp\/v2\/types\/page"}],"author":[{"embeddable":true,"href":"https:\/\/www.safariredsea.com\/de\/wp-json\/wp\/v2\/users\/1"}],"replies":[{"embeddable":true,"href":"https:\/\/www.safariredsea.com\/de\/wp-json\/wp\/v2\/comments?post=13203"}],"version-history":[{"count":6,"href":"https:\/\/www.safariredsea.com\/de\/wp-json\/wp\/v2\/pages\/13203\/revisions"}],"predecessor-version":[{"id":14714,"href":"https:\/\/www.safariredsea.com\/de\/wp-json\/wp\/v2\/pages\/13203\/revisions\/14714"}],"wp:featuredmedia":[{"embeddable":true,"href":"https:\/\/www.safariredsea.com\/de\/wp-json\/wp\/v2\/media\/6588"}],"wp:attachment":[{"href":"https:\/\/www.safariredsea.com\/de\/wp-json\/wp\/v2\/media?parent=13203"}],"curies":[{"name":"wp","href":"https:\/\/api.w.org\/{rel}","templated":true}]}}