{"id":14245,"date":"2022-03-11T10:02:23","date_gmt":"2022-03-11T10:02:23","guid":{"rendered":"http:\/\/safariredsea.com\/?page_id=14245"},"modified":"2022-03-15T10:44:56","modified_gmt":"2022-03-15T10:44:56","slug":"quadfahren-soma-bay","status":"publish","type":"page","link":"https:\/\/www.safariredsea.com\/de\/safari-soma-bay\/quadfahren-soma-bay\/","title":{"rendered":"Quadfahren Soma Bay"},"content":{"rendered":"<h2 style=\"text-align: center;\"><strong>Quadfahren Soma Bay<\/strong><\/h2>\n<p>&nbsp;<\/p>\n<p>&nbsp;<\/p>\n<p style=\"text-align: left;\">F\u00fcr die Leute, die mehr Energie in ihrer Neglect-Safari w\u00fcnschen, bieten wir die Entscheidung, die Quad-Bike-Safari Soma Bay als eine der Aktivit\u00e4ten zu verschmelzen. Wenn Sie noch nie das Schiff eines vierr\u00e4drigen Quad Biking in Safari Soma Bay gesteuert haben, werden Sie sicherlich eine aufregende Grundlage finden. Wir werden gro\u00dfe Anstrengungen unternehmen, um das Quad-Biking-Abenteuer f\u00fcr Sie unterhaltsam und sicher zu gestalten<\/p>\n<p>&nbsp;<\/p>\n","protected":false},"excerpt":{"rendered":"<p>Quadfahren Soma Bay &nbsp; &nbsp; F\u00fcr die Leute, die mehr Energie in ihrer Neglect-Safari w\u00fcnschen, bieten wir die Entscheidung, die Quad-Bike-Safari Soma Bay als eine der Aktivit\u00e4ten zu verschmelzen. Wenn Sie noch nie das Schiff eines vierr\u00e4drigen Quad Biking in Safari Soma Bay gesteuert haben, werden Sie sicherlich eine aufregende Grundlage finden. Wir werden gro\u00dfe [&hellip;]<\/p>\n","protected":false},"author":1,"featured_media":8039,"parent":14247,"menu_order":0,"comment_status":"closed","ping_status":"closed","template":"page-template-city.php","meta":{"_acf_changed":false,"footnotes":""},"class_list":["post-14245","page","type-page","status-publish","has-post-thumbnail","hentry","entry"],"acf":[],"_links":{"self":[{"href":"https:\/\/www.safariredsea.com\/de\/wp-json\/wp\/v2\/pages\/14245","targetHints":{"allow":["GET"]}}],"collection":[{"href":"https:\/\/www.safariredsea.com\/de\/wp-json\/wp\/v2\/pages"}],"about":[{"href":"https:\/\/www.safariredsea.com\/de\/wp-json\/wp\/v2\/types\/page"}],"author":[{"embeddable":true,"href":"https:\/\/www.safariredsea.com\/de\/wp-json\/wp\/v2\/users\/1"}],"replies":[{"embeddable":true,"href":"https:\/\/www.safariredsea.com\/de\/wp-json\/wp\/v2\/comments?post=14245"}],"version-history":[{"count":6,"href":"https:\/\/www.safariredsea.com\/de\/wp-json\/wp\/v2\/pages\/14245\/revisions"}],"predecessor-version":[{"id":15194,"href":"https:\/\/www.safariredsea.com\/de\/wp-json\/wp\/v2\/pages\/14245\/revisions\/15194"}],"up":[{"embeddable":true,"href":"https:\/\/www.safariredsea.com\/de\/wp-json\/wp\/v2\/pages\/14247"}],"wp:featuredmedia":[{"embeddable":true,"href":"https:\/\/www.safariredsea.com\/de\/wp-json\/wp\/v2\/media\/8039"}],"wp:attachment":[{"href":"https:\/\/www.safariredsea.com\/de\/wp-json\/wp\/v2\/media?parent=14245"}],"curies":[{"name":"wp","href":"https:\/\/api.w.org\/{rel}","templated":true}]}}