{"id":15825,"date":"2022-03-24T04:01:59","date_gmt":"2022-03-24T04:01:59","guid":{"rendered":"http:\/\/safariredsea.com\/?page_id=15825"},"modified":"2022-03-24T08:41:45","modified_gmt":"2022-03-24T08:41:45","slug":"ein-partner-werden","status":"publish","type":"page","link":"https:\/\/www.safariredsea.com\/de\/ein-partner-werden\/","title":{"rendered":"Ein Partner werden"},"content":{"rendered":"<hr \/>\n<p>&nbsp;<\/p>\n<h1><\/h1>\n<h1 style=\"text-align: center;\"><strong><span style=\"text-shadow: -2px 1px 17px rgba(136, 136, 136, 1);\">So arbeiten Sie mit uns zusammen<\/span><\/strong><\/h1>\n<p>&nbsp;<\/p>\n<p class=\"headline\"><span style=\"font-size: 17px;\">Zeigen Sie Ihren Kunden die besten Safarireisen im Roten Meer und helfen Sie ihnen, die besten Touren zu planen und zu buchen.<\/span><\/p>\n<p class=\"headline\"><span style=\"font-size: 17px;\"><strong>Safari Red Sea<\/strong> bietet allen Partnern viele M\u00f6glichkeiten, unsere Produkte zu verkaufen. Wenn Sie ein Reiseb\u00fcro, ein Tourismusunternehmen, ein Gemischtwarenladen in \u00c4gypten oder ein gro\u00dfes Unternehmen, eine Fluggesellschaft, ein Hotel, ein Concierge, ein Influencer, ein Content-Ersteller oder ein anderes Unternehmen sind, das daran interessiert ist, seinen Kunden eine unterhaltsame M\u00f6glichkeit zu bieten, \u00c4gypten zu erleben , wir arbeiten gerne mit Ihnen zusammen!<\/span><\/p>\n<div class=\"mceTemp\"><span style=\"font-size: 17px;\">\u00a0<\/span><\/div>\n<p><span style=\"font-size: 17px;\">Wir arbeiten mit <strong>Online-Reiseb\u00fcros (OTAs)<\/strong> \/ <strong>Fluggesellschaften<\/strong> \/ <strong>Hotel-Concierges<\/strong> \/ &lt; zusammen strong&gt;Reiseb\u00fcros \/ <strong>Reisef\u00fchrer. <\/strong><\/span><\/p>\n<p><span style=\"font-size: 17px;\">Verbinden Sie Ihre Kunden mit unglaublichen Erfahrungen mit <strong>Safari Red Sea<\/strong>. <\/span><\/p>\n<p><span style=\"font-size: 17px;\">Profitieren Sie von unserer White-Label-Integration oder POS, dem schnellen Buchungsfluss und der nahtlosen Kundenkommunikation. Als Gegenleistung f\u00fcr die Bewerbung von <strong>Safari Red Sea<\/strong>-Produkten auf Ihrer Website erhalten Sie eine Provision f\u00fcr jede erfolgreiche Buchung. Kontaktieren Sie uns einfach \u00fcber eine der folgenden Optionen und wir werden uns in K\u00fcrze mit Ihnen in Verbindung setzen.<\/span><\/p>\n<p style=\"text-align: center;\"><span style=\"font-size: 17px;\">Senden Sie Ihre Anfrage hier oder senden Sie eine E-Mail an unser Verkaufsteam unter<\/span><a href=\"mailto: partner@safariredsea.com\"><span style=\"font-size: 19px;\"> partner@safariredsea.com<\/span><\/a><\/p>\n<p style=\"text-align: center;\">\n<div class=\"wpcf7 no-js\" id=\"wpcf7-f2246-o1\" lang=\"de-DE\" dir=\"ltr\" data-wpcf7-id=\"2246\">\n<div class=\"screen-reader-response\"><p role=\"status\" aria-live=\"polite\" aria-atomic=\"true\"><\/p> <ul><\/ul><\/div>\n<form action=\"\/de\/wp-json\/wp\/v2\/pages\/15825#wpcf7-f2246-o1\" method=\"post\" class=\"wpcf7-form init\" aria-label=\"Kontaktformular\" novalidate=\"novalidate\" data-status=\"init\">\n<fieldset class=\"hidden-fields-container\"><input type=\"hidden\" name=\"_wpcf7\" value=\"2246\" \/><input type=\"hidden\" name=\"_wpcf7_version\" value=\"6.1.1\" \/><input type=\"hidden\" name=\"_wpcf7_locale\" value=\"de_DE\" \/><input type=\"hidden\" name=\"_wpcf7_unit_tag\" value=\"wpcf7-f2246-o1\" \/><input type=\"hidden\" name=\"_wpcf7_container_post\" value=\"0\" \/><input type=\"hidden\" name=\"_wpcf7_posted_data_hash\" value=\"\" \/>\n<\/fieldset>\n<div class=\"row\">\n\t<div class=\"col-md-12 col-lg-12 col-sm-12 col-xs-12\">\n\t\t<div class=\"form-group\">\n\t\t\t<p><span class=\"wpcf7-form-control-wrap\" data-name=\"your-name\"><input size=\"40\" maxlength=\"400\" class=\"wpcf7-form-control wpcf7-text wpcf7-validates-as-required form-control\" aria-required=\"true\" aria-invalid=\"false\" placeholder=\"Your Name\" value=\"\" type=\"text\" name=\"your-name\" \/><\/span>\n\t\t\t<\/p>\n\t\t<\/div>\n\t<\/div>\n\t<div class=\"col-md-12 col-lg-12 col-sm-12 col-xs-12\">\n\t\t<div class=\"form-group\">\n\t\t\t<p><span class=\"wpcf7-form-control-wrap\" data-name=\"your-email\"><input size=\"40\" maxlength=\"400\" class=\"wpcf7-form-control wpcf7-email wpcf7-validates-as-required wpcf7-text wpcf7-validates-as-email form-control\" aria-required=\"true\" aria-invalid=\"false\" placeholder=\"Your Email\" value=\"\" type=\"email\" name=\"your-email\" \/><\/span>\n\t\t\t<\/p>\n\t\t<\/div>\n\t<\/div>\n\t<div class=\"col-md-12 col-lg-12 col-sm-12 col-xs-12\">\n\t\t<div class=\"form-group\">\n\t\t\t<p><span class=\"wpcf7-form-control-wrap\" data-name=\"your-subject\"><select class=\"wpcf7-form-control wpcf7-select wpcf7-validates-as-required form-control\" aria-required=\"true\" aria-invalid=\"false\" name=\"your-subject\"><option value=\"\">Business Type<\/option><option value=\"Online Travel agents (OTA)\">Online Travel agents (OTA)<\/option><option value=\"Airline\">Airline<\/option><option value=\"Hotel Concierge\">Hotel Concierge<\/option><option value=\"Travel Agent\">Travel Agent<\/option><option value=\"Travel Guide\">Travel Guide<\/option><option value=\"Travel Writer\">Travel Writer<\/option><option value=\"Travel News Website\">Travel News Website<\/option><option value=\"Other\">Other<\/option><\/select><\/span>\n\t\t\t<\/p>\n\t\t<\/div>\n\t<\/div>\n\t<div class=\"col-md-12 col-lg-12 col-sm-12 col-xs-12\">\n\t\t<div class=\"form-group\">\n\t\t\t<p><span class=\"wpcf7-form-control-wrap\" data-name=\"your-message\"><textarea cols=\"40\" rows=\"10\" maxlength=\"2000\" class=\"wpcf7-form-control wpcf7-textarea form-control\" aria-invalid=\"false\" placeholder=\"Tell us more about you and How you would like to sell our tours\" name=\"your-message\"><\/textarea><\/span>\n\t\t\t<\/p>\n\t\t<\/div>\n\t<\/div>\n\t<div class=\"col-md-12 col-lg-12 col-sm-12 col-xs-12\">\n\t\t<div class=\"form-group\">\n\t\t\t<p><input type=\"hidden\" name=\"_wpcf7_captcha_challenge_captcha-1\" value=\"1942048643\" \/><img decoding=\"async\" class=\"wpcf7-form-control wpcf7-captchac wpcf7-captcha-captcha-1\" width=\"72\" height=\"24\" alt=\"captcha\" src=\"https:\/\/www.safariredsea.com\/wp-content\/uploads\/wpcf7_captcha\/1942048643.png\" \/><span class=\"wpcf7-form-control-wrap\" data-name=\"captcha-1\"><input size=\"40\" class=\"wpcf7-form-control wpcf7-captchar\" autocomplete=\"off\" aria-invalid=\"false\" value=\"\" type=\"text\" name=\"captcha-1\" \/><\/span>\n\t\t\t<\/p>\n\t\t<\/div>\n\t<\/div>\n\t<div class=\"col-md-12 col-lg-12 col-sm-12 col-xs-12\">\n\t\t<div class=\"form-group\">\n\t\t\t<p><input class=\"wpcf7-form-control wpcf7-submit has-spinner btn_sub\" type=\"submit\" value=\"SUBMIT Request\" \/>\n\t\t\t<\/p>\n\t\t<\/div>\n\t<\/div>\n<\/div><p style=\"display: none !important;\" class=\"akismet-fields-container\" data-prefix=\"_wpcf7_ak_\"><label>&#916;<textarea name=\"_wpcf7_ak_hp_textarea\" cols=\"45\" rows=\"8\" maxlength=\"100\"><\/textarea><\/label><input type=\"hidden\" id=\"ak_js_1\" name=\"_wpcf7_ak_js\" value=\"78\"\/><script>document.getElementById( \"ak_js_1\" ).setAttribute( \"value\", ( new Date() ).getTime() );<\/script><\/p><div class=\"wpcf7-response-output\" aria-hidden=\"true\"><\/div>\n<\/form>\n<\/div>\n<\/p>\n","protected":false},"excerpt":{"rendered":"<p>&nbsp; So arbeiten Sie mit uns zusammen &nbsp; Zeigen Sie Ihren Kunden die besten Safarireisen im Roten Meer und helfen Sie ihnen, die besten Touren zu planen und zu buchen. Safari Red Sea bietet allen Partnern viele M\u00f6glichkeiten, unsere Produkte zu verkaufen. Wenn Sie ein Reiseb\u00fcro, ein Tourismusunternehmen, ein Gemischtwarenladen in \u00c4gypten oder ein gro\u00dfes [&hellip;]<\/p>\n","protected":false},"author":1,"featured_media":0,"parent":0,"menu_order":0,"comment_status":"closed","ping_status":"closed","template":"","meta":{"_acf_changed":false,"footnotes":""},"class_list":["post-15825","page","type-page","status-publish","hentry","entry"],"acf":[],"_links":{"self":[{"href":"https:\/\/www.safariredsea.com\/de\/wp-json\/wp\/v2\/pages\/15825","targetHints":{"allow":["GET"]}}],"collection":[{"href":"https:\/\/www.safariredsea.com\/de\/wp-json\/wp\/v2\/pages"}],"about":[{"href":"https:\/\/www.safariredsea.com\/de\/wp-json\/wp\/v2\/types\/page"}],"author":[{"embeddable":true,"href":"https:\/\/www.safariredsea.com\/de\/wp-json\/wp\/v2\/users\/1"}],"replies":[{"embeddable":true,"href":"https:\/\/www.safariredsea.com\/de\/wp-json\/wp\/v2\/comments?post=15825"}],"version-history":[{"count":3,"href":"https:\/\/www.safariredsea.com\/de\/wp-json\/wp\/v2\/pages\/15825\/revisions"}],"predecessor-version":[{"id":15972,"href":"https:\/\/www.safariredsea.com\/de\/wp-json\/wp\/v2\/pages\/15825\/revisions\/15972"}],"wp:attachment":[{"href":"https:\/\/www.safariredsea.com\/de\/wp-json\/wp\/v2\/media?parent=15825"}],"curies":[{"name":"wp","href":"https:\/\/api.w.org\/{rel}","templated":true}]}}