{"id":15843,"date":"2022-03-24T04:23:34","date_gmt":"2022-03-24T04:23:34","guid":{"rendered":"http:\/\/safariredsea.com\/?page_id=15843"},"modified":"2022-03-24T09:35:46","modified_gmt":"2022-03-24T09:35:46","slug":"kontaktiere-uns","status":"publish","type":"page","link":"https:\/\/www.safariredsea.com\/de\/kontaktiere-uns\/","title":{"rendered":"Kontaktiere uns"},"content":{"rendered":"<h4 style=\"text-align: center;\">Safari Red Sea Contact<\/h4>\n<p style=\"text-align: center;\">Falls Sie Fragen haben oder unsere Hilfe ben\u00f6tigen, z\u00f6gern Sie nicht, uns zu kontaktieren.<\/p>\n<div class=\"cotactInfoTxt\">\n<p style=\"text-align: left;\">Wir verstehen Ihre Reisebedenken und sind hier, um Ihnen zu helfen. Wenn Sie eine Tour buchen oder das Datum oder die Uhrzeit \u00e4ndern oder einfach eine allgemeine Anfrage senden m\u00f6chten, f\u00fcllen Sie bitte das Formular aus und w\u00e4hlen Sie eine der <strong> unten stehenden Optionen<\/strong> aus. Dies ist der schnellste Weg, Ihre Anfrage zu bearbeiten. Wenn Sie Fragen haben oder weitere Unterst\u00fctzung ben\u00f6tigen, steht Ihnen unser Kundendienstteam rund um die Uhr in mehreren Sprachen zur Verf\u00fcgung <em><a href=\"tel:+201002662664\">+201002662664<\/a><\/em>.<\/p>\n<\/div>\n<div class=\"contact_us_bottom\">\n<div class=\"contact_us_box\">\n<h5 style=\"text-align: center;\">Senden Sie uns eine Nachricht<\/h5>\n<p>Wir arbeiten hart daran, Ihnen per E-Mail zu helfen, senden Sie uns die Nachricht und wir werden Ihnen so schnell wie m\u00f6glich antworten.<\/p>\n<div class=\"contact_field\" style=\"text-align: center;\">\n<div class=\"wpcf7 no-js\" id=\"wpcf7-f2254-o1\" lang=\"de-DE\" dir=\"ltr\" data-wpcf7-id=\"2254\">\n<div class=\"screen-reader-response\"><p role=\"status\" aria-live=\"polite\" aria-atomic=\"true\"><\/p> <ul><\/ul><\/div>\n<form action=\"\/de\/wp-json\/wp\/v2\/pages\/15843#wpcf7-f2254-o1\" method=\"post\" class=\"wpcf7-form init\" aria-label=\"Kontaktformular\" novalidate=\"novalidate\" data-status=\"init\">\n<fieldset class=\"hidden-fields-container\"><input type=\"hidden\" name=\"_wpcf7\" value=\"2254\" \/><input type=\"hidden\" name=\"_wpcf7_version\" value=\"6.1.1\" \/><input type=\"hidden\" name=\"_wpcf7_locale\" value=\"de_DE\" \/><input type=\"hidden\" name=\"_wpcf7_unit_tag\" value=\"wpcf7-f2254-o1\" \/><input type=\"hidden\" name=\"_wpcf7_container_post\" value=\"0\" \/><input type=\"hidden\" name=\"_wpcf7_posted_data_hash\" value=\"\" \/>\n<\/fieldset>\n<div class=\"row\">\n\t<div class=\"col-md-12 col-lg-12 col-sm-12 col-xs-12\">\n\t\t<div class=\"form-group\">\n\t\t\t<p><span class=\"wpcf7-form-control-wrap\" data-name=\"your-name\"><input size=\"40\" maxlength=\"400\" class=\"wpcf7-form-control wpcf7-text wpcf7-validates-as-required form-control\" aria-required=\"true\" aria-invalid=\"false\" placeholder=\"Dein Name\" value=\"\" type=\"text\" name=\"your-name\" \/><\/span>\n\t\t\t<\/p>\n\t\t<\/div>\n\t<\/div>\n\t<div class=\"col-md-12 col-lg-12 col-sm-12 col-xs-12\">\n\t\t<div class=\"form-group\">\n\t\t\t<p><span class=\"wpcf7-form-control-wrap\" data-name=\"your-email\"><input size=\"40\" maxlength=\"400\" class=\"wpcf7-form-control wpcf7-email wpcf7-validates-as-required wpcf7-text wpcf7-validates-as-email form-control\" aria-required=\"true\" aria-invalid=\"false\" placeholder=\"Deine E-Mail\" value=\"\" type=\"email\" name=\"your-email\" \/><\/span>\n\t\t\t<\/p>\n\t\t<\/div>\n\t<\/div>\n\t<div class=\"col-md-12 col-lg-12 col-sm-12 col-xs-12\">\n\t\t<div class=\"form-group\">\n\t\t\t<p><span class=\"wpcf7-form-control-wrap\" data-name=\"your-subject\"><select class=\"wpcf7-form-control wpcf7-select wpcf7-validates-as-required form-control\" aria-required=\"true\" aria-invalid=\"false\" name=\"your-subject\"><option value=\"\">Gegenstand<\/option><option value=\"Abholzeit vom Hotel\">Abholzeit vom Hotel<\/option><option value=\"Tour-Gutschein\">Tour-Gutschein<\/option><option value=\"Buchungsstornierung\">Buchungsstornierung<\/option><option value=\"Sonstiges\">Sonstiges<\/option><\/select><\/span>\n\t\t\t<\/p>\n\t\t<\/div>\n\t<\/div>\n\t<div class=\"col-md-12 col-lg-12 col-sm-12 col-xs-12\">\n\t\t<div class=\"form-group\">\n\t\t\t<p><span class=\"wpcf7-form-control-wrap\" data-name=\"your-message\"><textarea cols=\"40\" rows=\"10\" maxlength=\"2000\" class=\"wpcf7-form-control wpcf7-textarea form-control\" aria-invalid=\"false\" placeholder=\"Ihre Nachricht\" name=\"your-message\"><\/textarea><\/span>\n\t\t\t<\/p>\n\t\t<\/div>\n\t<\/div>\n\t<div class=\"col-md-12 col-lg-12 col-sm-12 col-xs-12\">\n\t\t<div class=\"form-group\">\n\t\t\t<p><input type=\"hidden\" name=\"_wpcf7_captcha_challenge_captcha-1\" value=\"512135546\" \/><img decoding=\"async\" class=\"wpcf7-form-control wpcf7-captchac wpcf7-captcha-captcha-1\" width=\"72\" height=\"24\" alt=\"captcha\" src=\"https:\/\/www.safariredsea.com\/wp-content\/uploads\/wpcf7_captcha\/512135546.png\" \/><span class=\"wpcf7-form-control-wrap\" data-name=\"captcha-1\"><input size=\"40\" class=\"wpcf7-form-control wpcf7-captchar\" autocomplete=\"off\" aria-invalid=\"false\" value=\"\" type=\"text\" name=\"captcha-1\" \/><\/span>\n\t\t\t<\/p>\n\t\t<\/div>\n\t<\/div>\n\t<div class=\"col-md-12 col-lg-12 col-sm-12 col-xs-12\">\n\t\t<div class=\"form-group\">\n\t\t\t<p><input class=\"wpcf7-form-control wpcf7-submit has-spinner btn_sub\" type=\"submit\" value=\"Senden Sie meine Frage\" \/>\n\t\t\t<\/p>\n\t\t<\/div>\n\t<\/div>\n<\/div><p style=\"display: none !important;\" class=\"akismet-fields-container\" data-prefix=\"_wpcf7_ak_\"><label>&#916;<textarea name=\"_wpcf7_ak_hp_textarea\" cols=\"45\" rows=\"8\" maxlength=\"100\"><\/textarea><\/label><input type=\"hidden\" id=\"ak_js_1\" name=\"_wpcf7_ak_js\" value=\"39\"\/><script>document.getElementById( \"ak_js_1\" ).setAttribute( \"value\", ( new Date() ).getTime() );<\/script><\/p><div class=\"wpcf7-response-output\" aria-hidden=\"true\"><\/div>\n<\/form>\n<\/div>\n<\/div>\n<\/div>\n<\/div>\n","protected":false},"excerpt":{"rendered":"<p>Safari Red Sea Contact Falls Sie Fragen haben oder unsere Hilfe ben\u00f6tigen, z\u00f6gern Sie nicht, uns zu kontaktieren. Wir verstehen Ihre Reisebedenken und sind hier, um Ihnen zu helfen. Wenn Sie eine Tour buchen oder das Datum oder die Uhrzeit \u00e4ndern oder einfach eine allgemeine Anfrage senden m\u00f6chten, f\u00fcllen Sie bitte das Formular aus und [&hellip;]<\/p>\n","protected":false},"author":1,"featured_media":0,"parent":0,"menu_order":0,"comment_status":"closed","ping_status":"closed","template":"page-contact.php","meta":{"_acf_changed":false,"footnotes":""},"class_list":["post-15843","page","type-page","status-publish","hentry","entry"],"acf":[],"_links":{"self":[{"href":"https:\/\/www.safariredsea.com\/de\/wp-json\/wp\/v2\/pages\/15843","targetHints":{"allow":["GET"]}}],"collection":[{"href":"https:\/\/www.safariredsea.com\/de\/wp-json\/wp\/v2\/pages"}],"about":[{"href":"https:\/\/www.safariredsea.com\/de\/wp-json\/wp\/v2\/types\/page"}],"author":[{"embeddable":true,"href":"https:\/\/www.safariredsea.com\/de\/wp-json\/wp\/v2\/users\/1"}],"replies":[{"embeddable":true,"href":"https:\/\/www.safariredsea.com\/de\/wp-json\/wp\/v2\/comments?post=15843"}],"version-history":[{"count":3,"href":"https:\/\/www.safariredsea.com\/de\/wp-json\/wp\/v2\/pages\/15843\/revisions"}],"predecessor-version":[{"id":16016,"href":"https:\/\/www.safariredsea.com\/de\/wp-json\/wp\/v2\/pages\/15843\/revisions\/16016"}],"wp:attachment":[{"href":"https:\/\/www.safariredsea.com\/de\/wp-json\/wp\/v2\/media?parent=15843"}],"curies":[{"name":"wp","href":"https:\/\/api.w.org\/{rel}","templated":true}]}}