{"id":15859,"date":"2022-03-24T04:39:43","date_gmt":"2022-03-24T04:39:43","guid":{"rendered":"http:\/\/safariredsea.com\/?page_id=15859"},"modified":"2022-03-24T09:03:38","modified_gmt":"2022-03-24T09:03:38","slug":"geschaeftsbedingungen","status":"publish","type":"page","link":"https:\/\/www.safariredsea.com\/de\/geschaeftsbedingungen\/","title":{"rendered":"Gesch\u00e4ftsbedingungen"},"content":{"rendered":"<p>Vielen Dank f\u00fcr Ihr Interesse an <strong>Safari Red Sea<\/strong>. Die Buchung Ihrer Safari-Tour kann \u00fcber unsere Online-Website erfolgen. Sobald Sie Ihr Safari-Paket gebucht haben, wird davon ausgegangen, dass Sie die mit Ihrer Tour verbundenen Allgemeinen Gesch\u00e4ftsbedingungen gelesen haben. Bitte gehen Sie die Allgemeinen Gesch\u00e4ftsbedingungen im Detail durch, bevor Sie Ihre Buchung in Anspruch nehmen. Wir behalten uns das Recht vor, Richtlinien jederzeit unter Ber\u00fccksichtigung der Umst\u00e4nde zu \u00e4ndern\/erg\u00e4nzen.<\/p>\n<p><strong>1. PREISE UND TARIFE<\/strong><br \/>\nUnsere Politik ist neben der Unterkunft und Reservierung von Abholorten im Internet die Zusicherung einer ordnungsm\u00e4\u00dfigen Bewertung. Der auf unserer Website angegebene Kostenplan f\u00fcr das Reisepaket wird pro Person \/ pro Person berechnet. Diese Kosten beinhalten kein Trinkgeld f\u00fcr Besatzungsmitglieder\/Personal und Fahrer. Die auf unserer Website genannten Preise k\u00f6nnen ohne vorherige Ank\u00fcndigung ge\u00e4ndert werden. Diese Erh\u00f6hung oder Verringerung erfolgt nur, wenn die Kraftstoffpreise, der Arbeitspreis, die \u00dcbernachtungspreise oder ein Transportpreis wirtschaftlich beeinflusst werden.<\/p>\n<p><strong>2. ZAHLUNGSART<\/strong><br \/>\nBei Abholung muss der Kunde den vollen Betrag in bar bezahlen. Kunden k\u00f6nnen auch online mit Kreditkarte bezahlen.<\/p>\n<p><strong>3. BEST\u00c4TIGUNG<\/strong><br \/>\nWenn Sie bei uns reservieren, wird sich unser Tourpersonal mit einer Best\u00e4tigungs-E-Mail bei Ihnen melden. Sie werden gebeten, den Ihnen angebotenen Plan durchzugehen, da unsere Mitarbeiter den besten Spielplan je nach Saison anbieten.<\/p>\n<p><strong>4. STORNIERUNG &amp; NO-SHOW-RICHTLINIE<\/strong><br \/>\n<strong>4.1<\/strong> Stornierung<br \/>\n\u2022 Im Falle einer Stornierung k\u00f6nnen Geb\u00fchren anfallen.<br \/>\n\u2022 Im Falle einer \u00c4nderung oder \u00dcberarbeitung des Plans vor 24 Stunden werden keine Geb\u00fchren erhoben.<br \/>\n\u2022 Im Falle einer \u00c4nderung oder Stornierung der Tour innerhalb von 24 Stunden werden 50 % Geb\u00fchren abgezogen.<br \/>\n\u2022 Im Falle einer \u00c4nderung, Erg\u00e4nzung oder Stornierung der Tour einige Stunden vorher werden 100 % Geb\u00fchren abgezogen. Und es wird kein Bargeld zur\u00fcckerstattet.<br \/>\n<strong>4.2<\/strong> Nichterscheinen<br \/>\nWenn Sie nicht zur Tour erscheinen, f\u00fchren alle angebotenen Rabatte zu einer Stornierung und k\u00f6nnen beim n\u00e4chsten Mal nicht genutzt werden. Im Falle einer Terminverschiebung wird dies als best\u00e4tigter Besuch betrachtet.<\/p>\n<p><strong>5. STORNIERUNGSVERFAHREN<\/strong><br \/>\nBevor Sie eine Stornierung vornehmen, empfehlen wir Ihnen, die Stornierungsregeln und -bestimmungen, die f\u00fcr Ihre ausgew\u00e4hlte Safari-Tour gelten, sorgf\u00e4ltig zu lesen. Um die gebuchte Aktivit\u00e4t ganz oder teilweise zu stornieren, m\u00fcssen Sie Safari Red Sea dar\u00fcber informieren, andernfalls wird dies als Ihre letzte abgeschlossene Buchung bei uns betrachtet. Wenn Sie eine Stornierungsanfrage stellen, werden wir uns per E-Mail oder telefonisch mit Ihnen in Verbindung setzen und Ihnen best\u00e4tigen, dass wir Ihre Anfrage best\u00e4tigt haben, und auch, ob bei der Stornierung Geb\u00fchren angefallen sind. Safari Red Sea ist nicht verantwortlich f\u00fcr Stornierungsgeb\u00fchren oder solche, die nicht von uns best\u00e4tigt wurden.<\/p>\n<p><strong>6. REISE\u00c4NDERUNGEN<\/strong><br \/>\nIn Ihrem Paket enthaltene Richtungsangaben und Anweisungen k\u00f6nnen sich unter Ber\u00fccksichtigung von Umgebungs-\/Wetterbedingungen, Stra\u00dfenanweisungen und anderen damit verbundenen Dingen \u00e4ndern. Bei Unklarheiten k\u00f6nnen Sie sich direkt an das Management wenden, um Ihnen je nach Verf\u00fcgbarkeit die beste Alternative zu bieten. Safari Red Sea beh\u00e4lt sich das uneingeschr\u00e4nkte Recht vor, geringf\u00fcgige \u00c4nderungen\/Anpassungen im Zeitplan vorzunehmen, wann immer dies erforderlich ist, ohne dass eine R\u00fcckerstattung damit verbunden ist. Dar\u00fcber hinaus w\u00fcrde bei Naturkatastrophen wie \u00dcberschwemmungen und Erdbeben keine Entsch\u00e4digung gezahlt.<\/p>\n<p><strong>7. REISEVERSICHERUNG<\/strong><br \/>\nSafari Red Sea ist nicht verantwortlich f\u00fcr Zwischenf\u00e4lle oder Sch\u00e4den infolge von Unf\u00e4llen, Krankheiten, Sch\u00e4den oder Verlust von pers\u00f6nlichen Gegenst\u00e4nden oder sogar f\u00fcr den R\u00fccktritt von der Tour. Es wird dringend empfohlen, dass der Reisende eine Reiseschutzrichtlinie durchl\u00e4uft, um unerwartete Vorf\u00e4lle zu bew\u00e4ltigen.<\/p>\n<p><strong>9. NUTZUNGSBESCHR\u00c4NKUNGEN DER WEBSITE<\/strong><br \/>\nAlle Materialien auf dieser Website geh\u00f6ren ausschlie\u00dflich Safari Red Sea, einschlie\u00dflich des Logos, der Bilder, der in den Tourpaketen bereitgestellten Daten, der Bewertung von Points of Interest und anderer wichtiger sensibler Komponenten, die vollst\u00e4ndig Safari Red Sea geh\u00f6ren. Sie stimmen zu, diese Website oder jegliches Material nicht f\u00fcr nicht-individuelle, gesch\u00e4ftliche oder illegale Zwecke zu missbrauchen.<\/p>\n<p>&nbsp;<\/p>\n","protected":false},"excerpt":{"rendered":"<p>Vielen Dank f\u00fcr Ihr Interesse an Safari Red Sea. Die Buchung Ihrer Safari-Tour kann \u00fcber unsere Online-Website erfolgen. Sobald Sie Ihr Safari-Paket gebucht haben, wird davon ausgegangen, dass Sie die mit Ihrer Tour verbundenen Allgemeinen Gesch\u00e4ftsbedingungen gelesen haben. Bitte gehen Sie die Allgemeinen Gesch\u00e4ftsbedingungen im Detail durch, bevor Sie Ihre Buchung in Anspruch nehmen. Wir [&hellip;]<\/p>\n","protected":false},"author":1,"featured_media":0,"parent":0,"menu_order":0,"comment_status":"closed","ping_status":"closed","template":"","meta":{"_acf_changed":false,"footnotes":""},"class_list":["post-15859","page","type-page","status-publish","hentry","entry"],"acf":[],"_links":{"self":[{"href":"https:\/\/www.safariredsea.com\/de\/wp-json\/wp\/v2\/pages\/15859","targetHints":{"allow":["GET"]}}],"collection":[{"href":"https:\/\/www.safariredsea.com\/de\/wp-json\/wp\/v2\/pages"}],"about":[{"href":"https:\/\/www.safariredsea.com\/de\/wp-json\/wp\/v2\/types\/page"}],"author":[{"embeddable":true,"href":"https:\/\/www.safariredsea.com\/de\/wp-json\/wp\/v2\/users\/1"}],"replies":[{"embeddable":true,"href":"https:\/\/www.safariredsea.com\/de\/wp-json\/wp\/v2\/comments?post=15859"}],"version-history":[{"count":2,"href":"https:\/\/www.safariredsea.com\/de\/wp-json\/wp\/v2\/pages\/15859\/revisions"}],"predecessor-version":[{"id":15987,"href":"https:\/\/www.safariredsea.com\/de\/wp-json\/wp\/v2\/pages\/15859\/revisions\/15987"}],"wp:attachment":[{"href":"https:\/\/www.safariredsea.com\/de\/wp-json\/wp\/v2\/media?parent=15859"}],"curies":[{"name":"wp","href":"https:\/\/api.w.org\/{rel}","templated":true}]}}