{"id":15909,"date":"2022-03-24T05:40:11","date_gmt":"2022-03-24T05:40:11","guid":{"rendered":"http:\/\/safariredsea.com\/?page_id=15909"},"modified":"2022-03-24T09:15:00","modified_gmt":"2022-03-24T09:15:00","slug":"datenschutz-bestimmungen","status":"publish","type":"page","link":"https:\/\/www.safariredsea.com\/de\/datenschutz-bestimmungen\/","title":{"rendered":"Datenschutz-Bestimmungen"},"content":{"rendered":"<p><em><strong>Letzte Aktualisierung: 15.03.2022<\/strong><\/em><\/p>\n<p><strong>DATENSCHUTZERKL\u00c4RUNG<\/strong><br \/>\nDie Website <strong>Safariredsea.com<\/strong> weist nur auf die Sicherheit ihrer Kunden hin, die sie nutzen. Diese Datenschutzrichtlinie gilt nur f\u00fcr <strong>Safari Red Sea<\/strong>. Kundensicherheit hat f\u00fcr uns oberste Priorit\u00e4t und ist unser Teil der Richtlinie. Wir r\u00e4umen unseren Kunden h\u00f6chste Priorit\u00e4t ein und erf\u00fcllen ihre jeweiligen Anforderungen, einschlie\u00dflich der Rechte der Website- und Website-Eigent\u00fcmer . Dar\u00fcber hinaus wird die Art und Weise, wie diese Website die Kundendokumente nutzt, lagert und sichert, ebenfalls in diesem Verfahren registriert.<\/p>\n<p><strong>DIE WEBSITE<\/strong><br \/>\nDiese Website und ihre exklusiven Inhaber verfolgen einen praktischen Ansatz, um mit dem Schutz der Kunden umzugehen und sicherzustellen, dass das dynamische Reisen die Sicherheit seiner Kunden w\u00e4hrend ihrer abenteuerlichen Reiseerfahrung best\u00e4tigt.<\/p>\n<p><strong>VERWENDUNG VON COOKIES<\/strong><br \/>\nF\u00fcr eine bessere Kundenbeziehung enth\u00e4lt diese Website Cookies, w\u00e4hrend Sie auf dieser Website surfen. Gegebenenfalls verwendet diese Website einen organisierten Rahmen von Cookies, der den Kunden autorisiert, wenn er zum ersten Mal auf der Website surft, und es ihm auch erm\u00f6glicht, die Verwendung von Cookies auf seinen Computern oder anderen intelligenten Ger\u00e4ten zu autorisieren oder zu verhindern. Um Cookies von dieser Website zu vermeiden, wird Kunden empfohlen, dass sie, wenn sie die Verwendung von Cookies und auch das Teilen von Cookies von der Website Safariredsea.com ablehnen m\u00f6chten, in diesem Fall die Datenschutzeinstellungen der Webprogramme verwenden m\u00fcssen.<\/p>\n<p>Diese Website praktiziert Tracking-Software, auch Software wurde unter Google Analytics entwickelt, die Cookies praktiziert, um Benutzeraktivit\u00e4ten zu verfolgen. Diese Software speichert ein Cookie auf dem Speicherger\u00e4t des Computers mit einem bestimmten Ergebnis, um Ihre Bewegungen und alles, was Sie tun, w\u00e4hrend des Konsums und der Nutzung der Website zu verfolgen und zu \u00fcberwachen, speichert oder sammelt jedoch keine individuellen Daten. Bei Unklarheiten wird empfohlen, die Sicherheitsvereinbarung von Google durchzugehen. In keinem Fall sammeln wir irgendwelche Daten oder speichern sie f\u00fcr zuk\u00fcnftige Referenzen.<\/p>\n<p><strong>KONTAKT &amp; KOMMUNIKATION<\/strong><br \/>\nIhre privaten Daten werden vertraulich behandelt und sorgf\u00e4ltig in unserer Datenbank aufbewahrt, und diese Daten werden nur f\u00fcr den Zeitraum f\u00fcr unsere erforderliche Verwendung verwendet, wie in der Datenschutzerkl\u00e4rung angegeben.<\/p>\n<p><strong>EMAIL-NEWSLETTER<\/strong><br \/>\nWir kommunizieren und verwenden die aktualisierten Informationen \u00fcber unsere E-Mail-Briefe, Abonnenten werden durch unsere Produkte und Dienstleistungen, die von dieser Website bereitgestellt werden, auf dem Laufenden gehalten. Willige Vollkunden k\u00f6nnen sich \u00fcber unseren online programmierten Prozess anmelden.<\/p>\n<p><strong>EXTERNE INHALTE<\/strong><br \/>\nDie aufgenommenen Bilder stammen von Drittanbietern. Alle Inhalte sind Eigentum von <strong>Safari Red Sea<\/strong>. Die Website sollte an keinem bestimmten Punkt in irgendeiner Form f\u00fcr Sch\u00e4den in irgendeiner Form verantwortlich gemacht werden. ANZEIGEN UND GESPONSERE LINKS Diese Website enth\u00e4lt Werbung und wenige unterst\u00fctzte Links, die im Allgemeinen von unseren Werbeverbindungen unterst\u00fctzt werden, die die Datenschutzrichtlinien in Bezug auf die von ihnen geschalteten Anzeigen befolgen. Immer wenn Sie auf den Link oder eine Werbung klicken, werden Sie auf die Hauptwerbeseite weitergeleitet. Dies kann auch den Verbrauch von Cookies beinhalten, die im Gegenzug auf dem Speicherlaufwerk Ihres Computers gespeichert werden k\u00f6nnen. SOCIAL-MEDIA-PLATTFORMEN Den Kunden wird empfohlen, Online-Networking-Plattformen umsichtig zu nutzen und Beitr\u00e4ge mit einer reaktionsschnellen Einstellung zu leisten und pers\u00f6nliche oder sensible Informationen sorgf\u00e4ltig \u00fcber Online-Networking-Plattformen zu teilen. Es wird dringend empfohlen, Informationen \u00fcber einen soliden authentischen Kanal auszutauschen.<\/p>\n","protected":false},"excerpt":{"rendered":"<p>Letzte Aktualisierung: 15.03.2022 DATENSCHUTZERKL\u00c4RUNG Die Website Safariredsea.com weist nur auf die Sicherheit ihrer Kunden hin, die sie nutzen. Diese Datenschutzrichtlinie gilt nur f\u00fcr Safari Red Sea. Kundensicherheit hat f\u00fcr uns oberste Priorit\u00e4t und ist unser Teil der Richtlinie. Wir r\u00e4umen unseren Kunden h\u00f6chste Priorit\u00e4t ein und erf\u00fcllen ihre jeweiligen Anforderungen, einschlie\u00dflich der Rechte der Website- [&hellip;]<\/p>\n","protected":false},"author":1,"featured_media":0,"parent":0,"menu_order":0,"comment_status":"closed","ping_status":"closed","template":"","meta":{"_acf_changed":false,"footnotes":""},"class_list":["post-15909","page","type-page","status-publish","hentry","entry"],"acf":[],"_links":{"self":[{"href":"https:\/\/www.safariredsea.com\/de\/wp-json\/wp\/v2\/pages\/15909","targetHints":{"allow":["GET"]}}],"collection":[{"href":"https:\/\/www.safariredsea.com\/de\/wp-json\/wp\/v2\/pages"}],"about":[{"href":"https:\/\/www.safariredsea.com\/de\/wp-json\/wp\/v2\/types\/page"}],"author":[{"embeddable":true,"href":"https:\/\/www.safariredsea.com\/de\/wp-json\/wp\/v2\/users\/1"}],"replies":[{"embeddable":true,"href":"https:\/\/www.safariredsea.com\/de\/wp-json\/wp\/v2\/comments?post=15909"}],"version-history":[{"count":2,"href":"https:\/\/www.safariredsea.com\/de\/wp-json\/wp\/v2\/pages\/15909\/revisions"}],"predecessor-version":[{"id":16002,"href":"https:\/\/www.safariredsea.com\/de\/wp-json\/wp\/v2\/pages\/15909\/revisions\/16002"}],"wp:attachment":[{"href":"https:\/\/www.safariredsea.com\/de\/wp-json\/wp\/v2\/media?parent=15909"}],"curies":[{"name":"wp","href":"https:\/\/api.w.org\/{rel}","templated":true}]}}