{"id":12055,"date":"2022-03-04T07:48:48","date_gmt":"2022-03-04T07:48:48","guid":{"rendered":"http:\/\/safariredsea.com\/?page_id=12055"},"modified":"2022-03-13T21:26:00","modified_gmt":"2022-03-13T21:26:00","slug":"safari-hurghada","status":"publish","type":"page","link":"https:\/\/www.safariredsea.com\/es\/safari-hurghada\/","title":{"rendered":"Safari Hurghada"},"content":{"rendered":"<h1 style=\"text-align: center;\"><span style=\"color: #ffcc00;\"><strong>Safari Hurghada: recorridos en quad, safari en jeep, buggy por las dunas Hurghada<\/strong><\/span><\/h1>\n<p>Desert Safari\u00a0Hurghada es un encuentro maravilloso, ya que cada vez que te ayudas a mantener el tiempo te sientes con energ\u00eda nuevamente.<\/p>\n<p>El apoyo de millones de personas en esta visita con familias y c\u00f3nyuges garantiza que Desert Safari Hurghada es la mejor visita entre la amplia gama de visitas.<\/p>\n<p>Veh\u00edculos extremadamente perfectos y limpios y una gu\u00eda de safari afable para usted. Adem\u00e1s, el clima familiar es vital para nuestros viajes de safari.<\/p>\n","protected":false},"excerpt":{"rendered":"<p>Safari Hurghada: recorridos en quad, safari en jeep, buggy por las dunas Hurghada Desert Safari\u00a0Hurghada es un encuentro maravilloso, ya que cada vez que te ayudas a mantener el tiempo te sientes con energ\u00eda nuevamente. El apoyo de millones de personas en esta visita con familias y c\u00f3nyuges garantiza que Desert Safari Hurghada es la [&hellip;]<\/p>\n","protected":false},"author":1,"featured_media":16827,"parent":0,"menu_order":0,"comment_status":"closed","ping_status":"closed","template":"page-template.php","meta":{"_acf_changed":false,"footnotes":""},"class_list":["post-12055","page","type-page","status-publish","has-post-thumbnail","hentry","entry"],"acf":[],"_links":{"self":[{"href":"https:\/\/www.safariredsea.com\/es\/wp-json\/wp\/v2\/pages\/12055","targetHints":{"allow":["GET"]}}],"collection":[{"href":"https:\/\/www.safariredsea.com\/es\/wp-json\/wp\/v2\/pages"}],"about":[{"href":"https:\/\/www.safariredsea.com\/es\/wp-json\/wp\/v2\/types\/page"}],"author":[{"embeddable":true,"href":"https:\/\/www.safariredsea.com\/es\/wp-json\/wp\/v2\/users\/1"}],"replies":[{"embeddable":true,"href":"https:\/\/www.safariredsea.com\/es\/wp-json\/wp\/v2\/comments?post=12055"}],"version-history":[{"count":4,"href":"https:\/\/www.safariredsea.com\/es\/wp-json\/wp\/v2\/pages\/12055\/revisions"}],"predecessor-version":[{"id":14709,"href":"https:\/\/www.safariredsea.com\/es\/wp-json\/wp\/v2\/pages\/12055\/revisions\/14709"}],"wp:featuredmedia":[{"embeddable":true,"href":"https:\/\/www.safariredsea.com\/es\/wp-json\/wp\/v2\/media\/16827"}],"wp:attachment":[{"href":"https:\/\/www.safariredsea.com\/es\/wp-json\/wp\/v2\/media?parent=12055"}],"curies":[{"name":"wp","href":"https:\/\/api.w.org\/{rel}","templated":true}]}}