{"id":12119,"date":"2022-03-04T10:32:35","date_gmt":"2022-03-04T10:32:35","guid":{"rendered":"http:\/\/safariredsea.com\/?page_id=12119"},"modified":"2022-03-16T13:27:35","modified_gmt":"2022-03-16T13:27:35","slug":"buggy-safari-hurghada","status":"publish","type":"page","link":"https:\/\/www.safariredsea.com\/es\/safari-hurghada\/buggy-safari-hurghada\/","title":{"rendered":"Buggy Safari Hurghada"},"content":{"rendered":"<h2 style=\"text-align: center;\"><strong>Buggy Safari Hurghada<\/strong><\/h2>\n<p>&nbsp;<\/p>\n<p style=\"text-align: center;\">En cuanto a la forma de vida y la historia de este Best, Buggy Safari Hurghada se mantiene contento todo el d\u00eda. Junto con esto, traemos muchas m\u00e1s cosas emocionantes que te sorprender\u00e1n con su encanto y emoci\u00f3n.<\/p>\n","protected":false},"excerpt":{"rendered":"<p>Buggy Safari Hurghada &nbsp; En cuanto a la forma de vida y la historia de este Best, Buggy Safari Hurghada se mantiene contento todo el d\u00eda. Junto con esto, traemos muchas m\u00e1s cosas emocionantes que te sorprender\u00e1n con su encanto y emoci\u00f3n.<\/p>\n","protected":false},"author":1,"featured_media":7011,"parent":12055,"menu_order":0,"comment_status":"closed","ping_status":"closed","template":"page-template-city.php","meta":{"_acf_changed":false,"footnotes":""},"class_list":["post-12119","page","type-page","status-publish","has-post-thumbnail","hentry","entry"],"acf":[],"_links":{"self":[{"href":"https:\/\/www.safariredsea.com\/es\/wp-json\/wp\/v2\/pages\/12119","targetHints":{"allow":["GET"]}}],"collection":[{"href":"https:\/\/www.safariredsea.com\/es\/wp-json\/wp\/v2\/pages"}],"about":[{"href":"https:\/\/www.safariredsea.com\/es\/wp-json\/wp\/v2\/types\/page"}],"author":[{"embeddable":true,"href":"https:\/\/www.safariredsea.com\/es\/wp-json\/wp\/v2\/users\/1"}],"replies":[{"embeddable":true,"href":"https:\/\/www.safariredsea.com\/es\/wp-json\/wp\/v2\/comments?post=12119"}],"version-history":[{"count":7,"href":"https:\/\/www.safariredsea.com\/es\/wp-json\/wp\/v2\/pages\/12119\/revisions"}],"predecessor-version":[{"id":15590,"href":"https:\/\/www.safariredsea.com\/es\/wp-json\/wp\/v2\/pages\/12119\/revisions\/15590"}],"up":[{"embeddable":true,"href":"https:\/\/www.safariredsea.com\/es\/wp-json\/wp\/v2\/pages\/12055"}],"wp:featuredmedia":[{"embeddable":true,"href":"https:\/\/www.safariredsea.com\/es\/wp-json\/wp\/v2\/media\/7011"}],"wp:attachment":[{"href":"https:\/\/www.safariredsea.com\/es\/wp-json\/wp\/v2\/media?parent=12119"}],"curies":[{"name":"wp","href":"https:\/\/api.w.org\/{rel}","templated":true}]}}