{"id":12433,"date":"2022-03-05T16:27:02","date_gmt":"2022-03-05T16:27:02","guid":{"rendered":"http:\/\/safariredsea.com\/?page_id=12433"},"modified":"2022-03-15T14:45:05","modified_gmt":"2022-03-15T14:45:05","slug":"buggy-safari-sharm-el-sheikh","status":"publish","type":"page","link":"https:\/\/www.safariredsea.com\/es\/safari-sharm-el-sheikh\/buggy-safari-sharm-el-sheikh\/","title":{"rendered":"Buggy Safari Sharm El Sheikh"},"content":{"rendered":"<h2 style=\"text-align: center;\"><strong>Buggy Safari Sharm El Sheikh<\/strong><\/h2>\n<p>&nbsp;<\/p>\n<p style=\"text-align: center;\">En cuanto a la forma de vida y la historia de este Best, Buggy Safari Sharm El Sheikh se mantiene satisfecho todo el d\u00eda. Junto con esto, traemos muchas m\u00e1s cosas emocionantes que te sorprender\u00e1n con su encanto y emoci\u00f3n.<\/p>\n","protected":false},"excerpt":{"rendered":"<p>Buggy Safari Sharm El Sheikh &nbsp; En cuanto a la forma de vida y la historia de este Best, Buggy Safari Sharm El Sheikh se mantiene satisfecho todo el d\u00eda. Junto con esto, traemos muchas m\u00e1s cosas emocionantes que te sorprender\u00e1n con su encanto y emoci\u00f3n.<\/p>\n","protected":false},"author":1,"featured_media":7001,"parent":12397,"menu_order":0,"comment_status":"closed","ping_status":"closed","template":"page-template-city.php","meta":{"_acf_changed":false,"footnotes":""},"class_list":["post-12433","page","type-page","status-publish","has-post-thumbnail","hentry","entry"],"acf":[],"_links":{"self":[{"href":"https:\/\/www.safariredsea.com\/es\/wp-json\/wp\/v2\/pages\/12433","targetHints":{"allow":["GET"]}}],"collection":[{"href":"https:\/\/www.safariredsea.com\/es\/wp-json\/wp\/v2\/pages"}],"about":[{"href":"https:\/\/www.safariredsea.com\/es\/wp-json\/wp\/v2\/types\/page"}],"author":[{"embeddable":true,"href":"https:\/\/www.safariredsea.com\/es\/wp-json\/wp\/v2\/users\/1"}],"replies":[{"embeddable":true,"href":"https:\/\/www.safariredsea.com\/es\/wp-json\/wp\/v2\/comments?post=12433"}],"version-history":[{"count":5,"href":"https:\/\/www.safariredsea.com\/es\/wp-json\/wp\/v2\/pages\/12433\/revisions"}],"predecessor-version":[{"id":15384,"href":"https:\/\/www.safariredsea.com\/es\/wp-json\/wp\/v2\/pages\/12433\/revisions\/15384"}],"up":[{"embeddable":true,"href":"https:\/\/www.safariredsea.com\/es\/wp-json\/wp\/v2\/pages\/12397"}],"wp:featuredmedia":[{"embeddable":true,"href":"https:\/\/www.safariredsea.com\/es\/wp-json\/wp\/v2\/media\/7001"}],"wp:attachment":[{"href":"https:\/\/www.safariredsea.com\/es\/wp-json\/wp\/v2\/media?parent=12433"}],"curies":[{"name":"wp","href":"https:\/\/api.w.org\/{rel}","templated":true}]}}