{"id":12451,"date":"2022-03-05T17:17:06","date_gmt":"2022-03-05T17:17:06","guid":{"rendered":"http:\/\/safariredsea.com\/?page_id=12451"},"modified":"2022-03-15T12:14:00","modified_gmt":"2022-03-15T12:14:00","slug":"safari-makadi-bay","status":"publish","type":"page","link":"https:\/\/www.safariredsea.com\/es\/safari-makadi-bay\/","title":{"rendered":"Safari Makadi Bay"},"content":{"rendered":"<h2 style=\"text-align: center;\"><span style=\"color: #ffcc00;\">Safari en la bah\u00eda de Makadi: recorridos en quad por la bah\u00eda de Makadi, safari en jeep por la bah\u00eda de Makadi, buggy por las dunas<br \/>\nSafari en la bah\u00eda de Makadi<\/span><\/h2>\n<p>&nbsp;<\/p>\n<p>&nbsp;<\/p>\n<p>Crea los mejores recuerdos con tu familia y seres queridos en Makadi Bay Safari. El atardecer y el amanecer son las mejores vistas que debes capturar en el desierto de Makadi Bay.<\/p>\n","protected":false},"excerpt":{"rendered":"<p>Safari en la bah\u00eda de Makadi: recorridos en quad por la bah\u00eda de Makadi, safari en jeep por la bah\u00eda de Makadi, buggy por las dunas Safari en la bah\u00eda de Makadi &nbsp; &nbsp; Crea los mejores recuerdos con tu familia y seres queridos en Makadi Bay Safari. El atardecer y el amanecer son las [&hellip;]<\/p>\n","protected":false},"author":1,"featured_media":16841,"parent":0,"menu_order":0,"comment_status":"closed","ping_status":"closed","template":"page-template.php","meta":{"_acf_changed":false,"footnotes":""},"class_list":["post-12451","page","type-page","status-publish","has-post-thumbnail","hentry","entry"],"acf":[],"_links":{"self":[{"href":"https:\/\/www.safariredsea.com\/es\/wp-json\/wp\/v2\/pages\/12451","targetHints":{"allow":["GET"]}}],"collection":[{"href":"https:\/\/www.safariredsea.com\/es\/wp-json\/wp\/v2\/pages"}],"about":[{"href":"https:\/\/www.safariredsea.com\/es\/wp-json\/wp\/v2\/types\/page"}],"author":[{"embeddable":true,"href":"https:\/\/www.safariredsea.com\/es\/wp-json\/wp\/v2\/users\/1"}],"replies":[{"embeddable":true,"href":"https:\/\/www.safariredsea.com\/es\/wp-json\/wp\/v2\/comments?post=12451"}],"version-history":[{"count":7,"href":"https:\/\/www.safariredsea.com\/es\/wp-json\/wp\/v2\/pages\/12451\/revisions"}],"predecessor-version":[{"id":15267,"href":"https:\/\/www.safariredsea.com\/es\/wp-json\/wp\/v2\/pages\/12451\/revisions\/15267"}],"wp:featuredmedia":[{"embeddable":true,"href":"https:\/\/www.safariredsea.com\/es\/wp-json\/wp\/v2\/media\/16841"}],"wp:attachment":[{"href":"https:\/\/www.safariredsea.com\/es\/wp-json\/wp\/v2\/media?parent=12451"}],"curies":[{"name":"wp","href":"https:\/\/api.w.org\/{rel}","templated":true}]}}