{"id":12469,"date":"2022-03-05T17:46:26","date_gmt":"2022-03-05T17:46:26","guid":{"rendered":"http:\/\/safariredsea.com\/?page_id=12469"},"modified":"2022-03-16T15:44:52","modified_gmt":"2022-03-16T15:44:52","slug":"paseo-en-quad-por-la-bahia-de-makadi","status":"publish","type":"page","link":"https:\/\/www.safariredsea.com\/es\/safari-makadi-bay\/paseo-en-quad-por-la-bahia-de-makadi\/","title":{"rendered":"Paseo en quad por la bah\u00eda de Makadi"},"content":{"rendered":"<h2 style=\"text-align: center;\"><strong>Paseo en quad por la bah\u00eda de Makadi<\/strong><\/h2>\n<p>&nbsp;<\/p>\n<p>En cuanto a la forma de vida y la historia de este Best, Quad Biking Makadi Bay se mantiene satisfecho todo el d\u00eda. Junto con esto, traemos muchas m\u00e1s cosas emocionantes que te sorprender\u00e1n con su encanto y emoci\u00f3n.<\/p>\n","protected":false},"excerpt":{"rendered":"<p>Paseo en quad por la bah\u00eda de Makadi &nbsp; En cuanto a la forma de vida y la historia de este Best, Quad Biking Makadi Bay se mantiene satisfecho todo el d\u00eda. Junto con esto, traemos muchas m\u00e1s cosas emocionantes que te sorprender\u00e1n con su encanto y emoci\u00f3n.<\/p>\n","protected":false},"author":1,"featured_media":7068,"parent":12451,"menu_order":0,"comment_status":"closed","ping_status":"closed","template":"page-template-city.php","meta":{"_acf_changed":false,"footnotes":""},"class_list":["post-12469","page","type-page","status-publish","has-post-thumbnail","hentry","entry"],"acf":[],"_links":{"self":[{"href":"https:\/\/www.safariredsea.com\/es\/wp-json\/wp\/v2\/pages\/12469","targetHints":{"allow":["GET"]}}],"collection":[{"href":"https:\/\/www.safariredsea.com\/es\/wp-json\/wp\/v2\/pages"}],"about":[{"href":"https:\/\/www.safariredsea.com\/es\/wp-json\/wp\/v2\/types\/page"}],"author":[{"embeddable":true,"href":"https:\/\/www.safariredsea.com\/es\/wp-json\/wp\/v2\/users\/1"}],"replies":[{"embeddable":true,"href":"https:\/\/www.safariredsea.com\/es\/wp-json\/wp\/v2\/comments?post=12469"}],"version-history":[{"count":7,"href":"https:\/\/www.safariredsea.com\/es\/wp-json\/wp\/v2\/pages\/12469\/revisions"}],"predecessor-version":[{"id":15631,"href":"https:\/\/www.safariredsea.com\/es\/wp-json\/wp\/v2\/pages\/12469\/revisions\/15631"}],"up":[{"embeddable":true,"href":"https:\/\/www.safariredsea.com\/es\/wp-json\/wp\/v2\/pages\/12451"}],"wp:featuredmedia":[{"embeddable":true,"href":"https:\/\/www.safariredsea.com\/es\/wp-json\/wp\/v2\/media\/7068"}],"wp:attachment":[{"href":"https:\/\/www.safariredsea.com\/es\/wp-json\/wp\/v2\/media?parent=12469"}],"curies":[{"name":"wp","href":"https:\/\/api.w.org\/{rel}","templated":true}]}}