{"id":12530,"date":"2022-03-05T20:15:48","date_gmt":"2022-03-05T20:15:48","guid":{"rendered":"http:\/\/safariredsea.com\/?page_id=12530"},"modified":"2022-03-15T07:38:09","modified_gmt":"2022-03-15T07:38:09","slug":"safari-por-el-desierto-de-hurghada","status":"publish","type":"page","link":"https:\/\/www.safariredsea.com\/es\/safari-por-el-desierto-de-hurghada\/","title":{"rendered":"Safari por el desierto de Hurghada"},"content":{"rendered":"<h2 style=\"text-align: center;\"><strong>Safari por el desierto de Hurghada<\/strong><\/h2>\n<p>&nbsp;<\/p>\n<p style=\"text-align: center;\"><strong>Safari por el desierto de Hurghada<\/strong> es una experiencia maravillosa, ya que cada vez que te ayudas a mantener el tiempo te sientes con energ\u00eda nuevamente.<\/p>\n<p style=\"text-align: center;\">El apoyo de millones de personas en esta visita con familias y c\u00f3nyuges garantiza que Desert Safari es la bah\u00eda de Hurghada, la mejor visita entre la amplia gama de visitas.<\/p>\n<p>&nbsp;<\/p>\n","protected":false},"excerpt":{"rendered":"<p>Safari por el desierto de Hurghada &nbsp; Safari por el desierto de Hurghada es una experiencia maravillosa, ya que cada vez que te ayudas a mantener el tiempo te sientes con energ\u00eda nuevamente. El apoyo de millones de personas en esta visita con familias y c\u00f3nyuges garantiza que Desert Safari es la bah\u00eda de Hurghada, [&hellip;]<\/p>\n","protected":false},"author":1,"featured_media":7656,"parent":0,"menu_order":0,"comment_status":"closed","ping_status":"closed","template":"page-template-cat.php","meta":{"_acf_changed":false,"footnotes":""},"class_list":["post-12530","page","type-page","status-publish","has-post-thumbnail","hentry","entry"],"acf":[],"_links":{"self":[{"href":"https:\/\/www.safariredsea.com\/es\/wp-json\/wp\/v2\/pages\/12530","targetHints":{"allow":["GET"]}}],"collection":[{"href":"https:\/\/www.safariredsea.com\/es\/wp-json\/wp\/v2\/pages"}],"about":[{"href":"https:\/\/www.safariredsea.com\/es\/wp-json\/wp\/v2\/types\/page"}],"author":[{"embeddable":true,"href":"https:\/\/www.safariredsea.com\/es\/wp-json\/wp\/v2\/users\/1"}],"replies":[{"embeddable":true,"href":"https:\/\/www.safariredsea.com\/es\/wp-json\/wp\/v2\/comments?post=12530"}],"version-history":[{"count":6,"href":"https:\/\/www.safariredsea.com\/es\/wp-json\/wp\/v2\/pages\/12530\/revisions"}],"predecessor-version":[{"id":15033,"href":"https:\/\/www.safariredsea.com\/es\/wp-json\/wp\/v2\/pages\/12530\/revisions\/15033"}],"wp:featuredmedia":[{"embeddable":true,"href":"https:\/\/www.safariredsea.com\/es\/wp-json\/wp\/v2\/media\/7656"}],"wp:attachment":[{"href":"https:\/\/www.safariredsea.com\/es\/wp-json\/wp\/v2\/media?parent=12530"}],"curies":[{"name":"wp","href":"https:\/\/api.w.org\/{rel}","templated":true}]}}