{"id":12550,"date":"2022-03-05T20:58:56","date_gmt":"2022-03-05T20:58:56","guid":{"rendered":"http:\/\/safariredsea.com\/?page_id=12550"},"modified":"2022-03-15T08:23:24","modified_gmt":"2022-03-15T08:23:24","slug":"safari-en-buggy-por-hurgada","status":"publish","type":"page","link":"https:\/\/www.safariredsea.com\/es\/safari-en-buggy-por-hurgada\/","title":{"rendered":"Safari en buggy por Hurgada"},"content":{"rendered":"<h2 style=\"text-align: center;\"><strong>Safari en buggy por Hurgada<\/strong><\/h2>\n<p>&nbsp;<\/p>\n<p style=\"text-align: center;\">En cuanto a la forma de vida y la historia de este Best, Hurghada Buggy Safari se mantiene satisfecho todo el d\u00eda. Junto con esto, traemos muchas m\u00e1s cosas emocionantes que te sorprender\u00e1n con su encanto y emoci\u00f3n.<\/p>\n","protected":false},"excerpt":{"rendered":"<p>Safari en buggy por Hurgada &nbsp; En cuanto a la forma de vida y la historia de este Best, Hurghada Buggy Safari se mantiene satisfecho todo el d\u00eda. Junto con esto, traemos muchas m\u00e1s cosas emocionantes que te sorprender\u00e1n con su encanto y emoci\u00f3n.<\/p>\n","protected":false},"author":1,"featured_media":7433,"parent":0,"menu_order":0,"comment_status":"closed","ping_status":"closed","template":"page-template-cat.php","meta":{"_acf_changed":false,"footnotes":""},"class_list":["post-12550","page","type-page","status-publish","has-post-thumbnail","hentry","entry"],"acf":[],"_links":{"self":[{"href":"https:\/\/www.safariredsea.com\/es\/wp-json\/wp\/v2\/pages\/12550","targetHints":{"allow":["GET"]}}],"collection":[{"href":"https:\/\/www.safariredsea.com\/es\/wp-json\/wp\/v2\/pages"}],"about":[{"href":"https:\/\/www.safariredsea.com\/es\/wp-json\/wp\/v2\/types\/page"}],"author":[{"embeddable":true,"href":"https:\/\/www.safariredsea.com\/es\/wp-json\/wp\/v2\/users\/1"}],"replies":[{"embeddable":true,"href":"https:\/\/www.safariredsea.com\/es\/wp-json\/wp\/v2\/comments?post=12550"}],"version-history":[{"count":5,"href":"https:\/\/www.safariredsea.com\/es\/wp-json\/wp\/v2\/pages\/12550\/revisions"}],"predecessor-version":[{"id":15063,"href":"https:\/\/www.safariredsea.com\/es\/wp-json\/wp\/v2\/pages\/12550\/revisions\/15063"}],"wp:featuredmedia":[{"embeddable":true,"href":"https:\/\/www.safariredsea.com\/es\/wp-json\/wp\/v2\/media\/7433"}],"wp:attachment":[{"href":"https:\/\/www.safariredsea.com\/es\/wp-json\/wp\/v2\/media?parent=12550"}],"curies":[{"name":"wp","href":"https:\/\/api.w.org\/{rel}","templated":true}]}}