{"id":12710,"date":"2022-03-06T08:20:12","date_gmt":"2022-03-06T08:20:12","guid":{"rendered":"http:\/\/safariredsea.com\/?page_id=12710"},"modified":"2022-03-15T07:48:40","modified_gmt":"2022-03-15T07:48:40","slug":"safari-de-un-dia-en-el-desierto-al-atardecer-de-hurghada","status":"publish","type":"page","link":"https:\/\/www.safariredsea.com\/es\/safari-de-un-dia-en-el-desierto-al-atardecer-de-hurghada\/","title":{"rendered":"Safari de un d\u00eda en el desierto al atardecer de Hurghada"},"content":{"rendered":"<h2 style=\"text-align: center;\"><strong>Safari de un d\u00eda en el desierto al atardecer de Hurghada<\/strong><\/h2>\n<p>&nbsp;<\/p>\n<p style=\"text-align: center;\">En cuanto a la forma de vida y la historia de este Best, Hurghada Sunset Desert Day Safari se mantiene satisfecho todo el d\u00eda. Junto con esto, traemos muchas m\u00e1s cosas emocionantes que te sorprender\u00e1n con su encanto y emoci\u00f3n.<\/p>\n<p>&nbsp;<\/p>\n","protected":false},"excerpt":{"rendered":"<p>Safari de un d\u00eda en el desierto al atardecer de Hurghada &nbsp; En cuanto a la forma de vida y la historia de este Best, Hurghada Sunset Desert Day Safari se mantiene satisfecho todo el d\u00eda. Junto con esto, traemos muchas m\u00e1s cosas emocionantes que te sorprender\u00e1n con su encanto y emoci\u00f3n. &nbsp;<\/p>\n","protected":false},"author":1,"featured_media":7304,"parent":0,"menu_order":0,"comment_status":"closed","ping_status":"closed","template":"page-template-cat.php","meta":{"_acf_changed":false,"footnotes":""},"class_list":["post-12710","page","type-page","status-publish","has-post-thumbnail","hentry","entry"],"acf":[],"_links":{"self":[{"href":"https:\/\/www.safariredsea.com\/es\/wp-json\/wp\/v2\/pages\/12710","targetHints":{"allow":["GET"]}}],"collection":[{"href":"https:\/\/www.safariredsea.com\/es\/wp-json\/wp\/v2\/pages"}],"about":[{"href":"https:\/\/www.safariredsea.com\/es\/wp-json\/wp\/v2\/types\/page"}],"author":[{"embeddable":true,"href":"https:\/\/www.safariredsea.com\/es\/wp-json\/wp\/v2\/users\/1"}],"replies":[{"embeddable":true,"href":"https:\/\/www.safariredsea.com\/es\/wp-json\/wp\/v2\/comments?post=12710"}],"version-history":[{"count":5,"href":"https:\/\/www.safariredsea.com\/es\/wp-json\/wp\/v2\/pages\/12710\/revisions"}],"predecessor-version":[{"id":15046,"href":"https:\/\/www.safariredsea.com\/es\/wp-json\/wp\/v2\/pages\/12710\/revisions\/15046"}],"wp:featuredmedia":[{"embeddable":true,"href":"https:\/\/www.safariredsea.com\/es\/wp-json\/wp\/v2\/media\/7304"}],"wp:attachment":[{"href":"https:\/\/www.safariredsea.com\/es\/wp-json\/wp\/v2\/media?parent=12710"}],"curies":[{"name":"wp","href":"https:\/\/api.w.org\/{rel}","templated":true}]}}