{"id":12927,"date":"2022-03-06T12:49:01","date_gmt":"2022-03-06T12:49:01","guid":{"rendered":"http:\/\/safariredsea.com\/?page_id=12927"},"modified":"2022-03-15T08:58:55","modified_gmt":"2022-03-15T08:58:55","slug":"tour-en-buggy-por-hurgada","status":"publish","type":"page","link":"https:\/\/www.safariredsea.com\/es\/tour-en-buggy-por-hurgada\/","title":{"rendered":"Tour en buggy por Hurgada"},"content":{"rendered":"<h2 style=\"text-align: center;\"><strong>Tour en buggy por Hurgada<\/strong><\/h2>\n<p>&nbsp;<\/p>\n<p style=\"text-align: center;\">En cuanto a la forma de vida y la historia de este Best, Hurghada Buggy Tour se mantiene satisfecho todo el d\u00eda. Junto con esto, traemos muchas m\u00e1s cosas emocionantes que te sorprender\u00e1n con su encanto y emoci\u00f3n.<\/p>\n","protected":false},"excerpt":{"rendered":"<p>Tour en buggy por Hurgada &nbsp; En cuanto a la forma de vida y la historia de este Best, Hurghada Buggy Tour se mantiene satisfecho todo el d\u00eda. Junto con esto, traemos muchas m\u00e1s cosas emocionantes que te sorprender\u00e1n con su encanto y emoci\u00f3n.<\/p>\n","protected":false},"author":1,"featured_media":7436,"parent":0,"menu_order":0,"comment_status":"closed","ping_status":"closed","template":"page-template-cat.php","meta":{"_acf_changed":false,"footnotes":""},"class_list":["post-12927","page","type-page","status-publish","has-post-thumbnail","hentry","entry"],"acf":[],"_links":{"self":[{"href":"https:\/\/www.safariredsea.com\/es\/wp-json\/wp\/v2\/pages\/12927","targetHints":{"allow":["GET"]}}],"collection":[{"href":"https:\/\/www.safariredsea.com\/es\/wp-json\/wp\/v2\/pages"}],"about":[{"href":"https:\/\/www.safariredsea.com\/es\/wp-json\/wp\/v2\/types\/page"}],"author":[{"embeddable":true,"href":"https:\/\/www.safariredsea.com\/es\/wp-json\/wp\/v2\/users\/1"}],"replies":[{"embeddable":true,"href":"https:\/\/www.safariredsea.com\/es\/wp-json\/wp\/v2\/comments?post=12927"}],"version-history":[{"count":6,"href":"https:\/\/www.safariredsea.com\/es\/wp-json\/wp\/v2\/pages\/12927\/revisions"}],"predecessor-version":[{"id":15107,"href":"https:\/\/www.safariredsea.com\/es\/wp-json\/wp\/v2\/pages\/12927\/revisions\/15107"}],"wp:featuredmedia":[{"embeddable":true,"href":"https:\/\/www.safariredsea.com\/es\/wp-json\/wp\/v2\/media\/7436"}],"wp:attachment":[{"href":"https:\/\/www.safariredsea.com\/es\/wp-json\/wp\/v2\/media?parent=12927"}],"curies":[{"name":"wp","href":"https:\/\/api.w.org\/{rel}","templated":true}]}}