{"id":13031,"date":"2022-03-06T17:44:17","date_gmt":"2022-03-06T17:44:17","guid":{"rendered":"http:\/\/safariredsea.com\/?page_id=13031"},"modified":"2022-03-15T12:44:55","modified_gmt":"2022-03-15T12:44:55","slug":"safari-en-la-bahia-de-makadi","status":"publish","type":"page","link":"https:\/\/www.safariredsea.com\/es\/safari-en-la-bahia-de-makadi\/","title":{"rendered":"Safari en la bah\u00eda de Makadi"},"content":{"rendered":"<h2 style=\"text-align: center;\"><strong>Safari en la bah\u00eda de Makadi<\/strong><\/h2>\n<p>&nbsp;<\/p>\n<p style=\"text-align: center;\">En cuanto a la forma de vida y la historia de este Best, Makadi Bay Safari Trip se mantiene satisfecho todo el d\u00eda. Junto con esto, traemos muchas m\u00e1s cosas emocionantes que te sorprender\u00e1n con su encanto y emoci\u00f3n.<\/p>\n","protected":false},"excerpt":{"rendered":"<p>Safari en la bah\u00eda de Makadi &nbsp; En cuanto a la forma de vida y la historia de este Best, Makadi Bay Safari Trip se mantiene satisfecho todo el d\u00eda. Junto con esto, traemos muchas m\u00e1s cosas emocionantes que te sorprender\u00e1n con su encanto y emoci\u00f3n.<\/p>\n","protected":false},"author":1,"featured_media":7367,"parent":0,"menu_order":0,"comment_status":"closed","ping_status":"closed","template":"page-template-city.php","meta":{"_acf_changed":false,"footnotes":""},"class_list":["post-13031","page","type-page","status-publish","has-post-thumbnail","hentry","entry"],"acf":[],"_links":{"self":[{"href":"https:\/\/www.safariredsea.com\/es\/wp-json\/wp\/v2\/pages\/13031","targetHints":{"allow":["GET"]}}],"collection":[{"href":"https:\/\/www.safariredsea.com\/es\/wp-json\/wp\/v2\/pages"}],"about":[{"href":"https:\/\/www.safariredsea.com\/es\/wp-json\/wp\/v2\/types\/page"}],"author":[{"embeddable":true,"href":"https:\/\/www.safariredsea.com\/es\/wp-json\/wp\/v2\/users\/1"}],"replies":[{"embeddable":true,"href":"https:\/\/www.safariredsea.com\/es\/wp-json\/wp\/v2\/comments?post=13031"}],"version-history":[{"count":5,"href":"https:\/\/www.safariredsea.com\/es\/wp-json\/wp\/v2\/pages\/13031\/revisions"}],"predecessor-version":[{"id":15291,"href":"https:\/\/www.safariredsea.com\/es\/wp-json\/wp\/v2\/pages\/13031\/revisions\/15291"}],"wp:featuredmedia":[{"embeddable":true,"href":"https:\/\/www.safariredsea.com\/es\/wp-json\/wp\/v2\/media\/7367"}],"wp:attachment":[{"href":"https:\/\/www.safariredsea.com\/es\/wp-json\/wp\/v2\/media?parent=13031"}],"curies":[{"name":"wp","href":"https:\/\/api.w.org\/{rel}","templated":true}]}}