{"id":13087,"date":"2022-03-07T10:42:10","date_gmt":"2022-03-07T10:42:10","guid":{"rendered":"http:\/\/safariredsea.com\/?page_id=13087"},"modified":"2022-03-15T12:07:54","modified_gmt":"2022-03-15T12:07:54","slug":"safari-marsa-alam","status":"publish","type":"page","link":"https:\/\/www.safariredsea.com\/es\/safari-marsa-alam\/","title":{"rendered":"Safari Marsa Alam"},"content":{"rendered":"<h2 style=\"text-align: center;\"><span style=\"color: #ffcc00;\"><strong>Safari Marsa Alam &#8211; Quad Bike Tours Marsa Alam , Jeep Safari Marsa Alam<\/strong><\/span><span style=\"color: #ffcc00;\"><strong>, Dune Buggy Marsa Alam<\/strong><\/span><\/h2>\n<p>&nbsp;<\/p>\n<p>En cuanto a la forma de vida y la historia de este Best, Marsa Alam se mantiene contento todo el d\u00eda. Junto con esto, traemos muchas m\u00e1s cosas emocionantes que te sorprender\u00e1n con su encanto y emoci\u00f3n.<\/p>\n","protected":false},"excerpt":{"rendered":"<p>Safari Marsa Alam &#8211; Quad Bike Tours Marsa Alam , Jeep Safari Marsa Alam, Dune Buggy Marsa Alam &nbsp; En cuanto a la forma de vida y la historia de este Best, Marsa Alam se mantiene contento todo el d\u00eda. Junto con esto, traemos muchas m\u00e1s cosas emocionantes que te sorprender\u00e1n con su encanto y [&hellip;]<\/p>\n","protected":false},"author":1,"featured_media":16820,"parent":0,"menu_order":0,"comment_status":"closed","ping_status":"closed","template":"page-template.php","meta":{"_acf_changed":false,"footnotes":""},"class_list":["post-13087","page","type-page","status-publish","has-post-thumbnail","hentry","entry"],"acf":[],"_links":{"self":[{"href":"https:\/\/www.safariredsea.com\/es\/wp-json\/wp\/v2\/pages\/13087","targetHints":{"allow":["GET"]}}],"collection":[{"href":"https:\/\/www.safariredsea.com\/es\/wp-json\/wp\/v2\/pages"}],"about":[{"href":"https:\/\/www.safariredsea.com\/es\/wp-json\/wp\/v2\/types\/page"}],"author":[{"embeddable":true,"href":"https:\/\/www.safariredsea.com\/es\/wp-json\/wp\/v2\/users\/1"}],"replies":[{"embeddable":true,"href":"https:\/\/www.safariredsea.com\/es\/wp-json\/wp\/v2\/comments?post=13087"}],"version-history":[{"count":5,"href":"https:\/\/www.safariredsea.com\/es\/wp-json\/wp\/v2\/pages\/13087\/revisions"}],"predecessor-version":[{"id":15262,"href":"https:\/\/www.safariredsea.com\/es\/wp-json\/wp\/v2\/pages\/13087\/revisions\/15262"}],"wp:featuredmedia":[{"embeddable":true,"href":"https:\/\/www.safariredsea.com\/es\/wp-json\/wp\/v2\/media\/16820"}],"wp:attachment":[{"href":"https:\/\/www.safariredsea.com\/es\/wp-json\/wp\/v2\/media?parent=13087"}],"curies":[{"name":"wp","href":"https:\/\/api.w.org\/{rel}","templated":true}]}}