{"id":13125,"date":"2022-03-07T12:34:31","date_gmt":"2022-03-07T12:34:31","guid":{"rendered":"http:\/\/safariredsea.com\/?page_id=13125"},"modified":"2022-03-16T16:07:27","modified_gmt":"2022-03-16T16:07:27","slug":"safari-en-jeep-por-marsa-alam","status":"publish","type":"page","link":"https:\/\/www.safariredsea.com\/es\/safari-marsa-alam\/safari-en-jeep-por-marsa-alam\/","title":{"rendered":"Safari en jeep por Marsa Alam"},"content":{"rendered":"<h2 style=\"text-align: center;\"><strong>Safari en jeep por Marsa Alam<\/strong><\/h2>\n<p>&nbsp;<\/p>\n<p style=\"text-align: center;\">En cuanto a la forma de vida y la historia de este Best, Marsa Alam Jeep Safari se mantiene satisfecho todo el d\u00eda. Junto con esto, traemos muchas m\u00e1s cosas emocionantes que te sorprender\u00e1n con su encanto y emoci\u00f3n.<\/p>\n","protected":false},"excerpt":{"rendered":"<p>Safari en jeep por Marsa Alam &nbsp; En cuanto a la forma de vida y la historia de este Best, Marsa Alam Jeep Safari se mantiene satisfecho todo el d\u00eda. Junto con esto, traemos muchas m\u00e1s cosas emocionantes que te sorprender\u00e1n con su encanto y emoci\u00f3n.<\/p>\n","protected":false},"author":1,"featured_media":7125,"parent":13087,"menu_order":0,"comment_status":"closed","ping_status":"closed","template":"page-template-city.php","meta":{"_acf_changed":false,"footnotes":""},"class_list":["post-13125","page","type-page","status-publish","has-post-thumbnail","hentry","entry"],"acf":[],"_links":{"self":[{"href":"https:\/\/www.safariredsea.com\/es\/wp-json\/wp\/v2\/pages\/13125","targetHints":{"allow":["GET"]}}],"collection":[{"href":"https:\/\/www.safariredsea.com\/es\/wp-json\/wp\/v2\/pages"}],"about":[{"href":"https:\/\/www.safariredsea.com\/es\/wp-json\/wp\/v2\/types\/page"}],"author":[{"embeddable":true,"href":"https:\/\/www.safariredsea.com\/es\/wp-json\/wp\/v2\/users\/1"}],"replies":[{"embeddable":true,"href":"https:\/\/www.safariredsea.com\/es\/wp-json\/wp\/v2\/comments?post=13125"}],"version-history":[{"count":6,"href":"https:\/\/www.safariredsea.com\/es\/wp-json\/wp\/v2\/pages\/13125\/revisions"}],"predecessor-version":[{"id":15652,"href":"https:\/\/www.safariredsea.com\/es\/wp-json\/wp\/v2\/pages\/13125\/revisions\/15652"}],"up":[{"embeddable":true,"href":"https:\/\/www.safariredsea.com\/es\/wp-json\/wp\/v2\/pages\/13087"}],"wp:featuredmedia":[{"embeddable":true,"href":"https:\/\/www.safariredsea.com\/es\/wp-json\/wp\/v2\/media\/7125"}],"wp:attachment":[{"href":"https:\/\/www.safariredsea.com\/es\/wp-json\/wp\/v2\/media?parent=13125"}],"curies":[{"name":"wp","href":"https:\/\/api.w.org\/{rel}","templated":true}]}}