{"id":13215,"date":"2022-03-07T20:50:17","date_gmt":"2022-03-07T20:50:17","guid":{"rendered":"http:\/\/safariredsea.com\/?page_id=13215"},"modified":"2022-03-13T21:33:16","modified_gmt":"2022-03-13T21:33:16","slug":"safari-el-gouna","status":"publish","type":"page","link":"https:\/\/www.safariredsea.com\/es\/safari-el-gouna\/","title":{"rendered":"Safari El Gouna"},"content":{"rendered":"<h2 style=\"text-align: center;\"><strong><span style=\"color: #ffcc00;\">Safari El Gouna &#8211; Tours en quad El Gouna, Jeep Safari El Gouna, Dune Buggy El Gouna<\/span><\/strong><\/h2>\n<p>&nbsp;<\/p>\n<p>El punto de safari por el desierto de El Gouna no falta mucho antes de que comience el safari. Hay un descanso para relajarse bastante. Incluso hay ba\u00f1os para hombres y mujeres para su comodidad. Quads Bike y Dune buggy tambi\u00e9n te esperan all\u00ed. Suponiendo que desee participar en el viaje, puede hacerlo durante 20 a 30 minutos.<\/p>\n","protected":false},"excerpt":{"rendered":"<p>Safari El Gouna &#8211; Tours en quad El Gouna, Jeep Safari El Gouna, Dune Buggy El Gouna &nbsp; El punto de safari por el desierto de El Gouna no falta mucho antes de que comience el safari. Hay un descanso para relajarse bastante. Incluso hay ba\u00f1os para hombres y mujeres para su comodidad. Quads Bike [&hellip;]<\/p>\n","protected":false},"author":1,"featured_media":6597,"parent":0,"menu_order":0,"comment_status":"closed","ping_status":"closed","template":"page-template.php","meta":{"_acf_changed":false,"footnotes":""},"class_list":["post-13215","page","type-page","status-publish","has-post-thumbnail","hentry","entry"],"acf":[],"_links":{"self":[{"href":"https:\/\/www.safariredsea.com\/es\/wp-json\/wp\/v2\/pages\/13215","targetHints":{"allow":["GET"]}}],"collection":[{"href":"https:\/\/www.safariredsea.com\/es\/wp-json\/wp\/v2\/pages"}],"about":[{"href":"https:\/\/www.safariredsea.com\/es\/wp-json\/wp\/v2\/types\/page"}],"author":[{"embeddable":true,"href":"https:\/\/www.safariredsea.com\/es\/wp-json\/wp\/v2\/users\/1"}],"replies":[{"embeddable":true,"href":"https:\/\/www.safariredsea.com\/es\/wp-json\/wp\/v2\/comments?post=13215"}],"version-history":[{"count":6,"href":"https:\/\/www.safariredsea.com\/es\/wp-json\/wp\/v2\/pages\/13215\/revisions"}],"predecessor-version":[{"id":14710,"href":"https:\/\/www.safariredsea.com\/es\/wp-json\/wp\/v2\/pages\/13215\/revisions\/14710"}],"wp:featuredmedia":[{"embeddable":true,"href":"https:\/\/www.safariredsea.com\/es\/wp-json\/wp\/v2\/media\/6597"}],"wp:attachment":[{"href":"https:\/\/www.safariredsea.com\/es\/wp-json\/wp\/v2\/media?parent=13215"}],"curies":[{"name":"wp","href":"https:\/\/api.w.org\/{rel}","templated":true}]}}