{"id":13235,"date":"2022-03-07T21:23:59","date_gmt":"2022-03-07T21:23:59","guid":{"rendered":"http:\/\/safariredsea.com\/?page_id=13235"},"modified":"2022-03-16T16:39:16","modified_gmt":"2022-03-16T16:39:16","slug":"cuatriciclo-sahl-hasheesh","status":"publish","type":"page","link":"https:\/\/www.safariredsea.com\/es\/safari-sahl-hachis\/cuatriciclo-sahl-hasheesh\/","title":{"rendered":"Cuatriciclo Sahl Hasheesh"},"content":{"rendered":"<h2 style=\"text-align: center;\"><strong>Cuatriciclo Sahl Hasheesh<\/strong><\/h2>\n<p>&nbsp;<\/p>\n<p style=\"text-align: center;\">En cuanto a la forma de vida e historia de este Best, <strong>Cuatriciclo Sahl Hasheesh<\/strong> se mantiene complacido todo el d\u00eda. Junto con esto, traemos muchas m\u00e1s cosas emocionantes que te sorprender\u00e1n con su encanto y emoci\u00f3n.<\/p>\n<p>&nbsp;<\/p>\n","protected":false},"excerpt":{"rendered":"<p>Cuatriciclo Sahl Hasheesh &nbsp; En cuanto a la forma de vida e historia de este Best, Cuatriciclo Sahl Hasheesh se mantiene complacido todo el d\u00eda. Junto con esto, traemos muchas m\u00e1s cosas emocionantes que te sorprender\u00e1n con su encanto y emoci\u00f3n. &nbsp;<\/p>\n","protected":false},"author":1,"featured_media":7014,"parent":13167,"menu_order":0,"comment_status":"closed","ping_status":"closed","template":"page-template-city.php","meta":{"_acf_changed":false,"footnotes":""},"class_list":["post-13235","page","type-page","status-publish","has-post-thumbnail","hentry","entry"],"acf":[],"_links":{"self":[{"href":"https:\/\/www.safariredsea.com\/es\/wp-json\/wp\/v2\/pages\/13235","targetHints":{"allow":["GET"]}}],"collection":[{"href":"https:\/\/www.safariredsea.com\/es\/wp-json\/wp\/v2\/pages"}],"about":[{"href":"https:\/\/www.safariredsea.com\/es\/wp-json\/wp\/v2\/types\/page"}],"author":[{"embeddable":true,"href":"https:\/\/www.safariredsea.com\/es\/wp-json\/wp\/v2\/users\/1"}],"replies":[{"embeddable":true,"href":"https:\/\/www.safariredsea.com\/es\/wp-json\/wp\/v2\/comments?post=13235"}],"version-history":[{"count":6,"href":"https:\/\/www.safariredsea.com\/es\/wp-json\/wp\/v2\/pages\/13235\/revisions"}],"predecessor-version":[{"id":15674,"href":"https:\/\/www.safariredsea.com\/es\/wp-json\/wp\/v2\/pages\/13235\/revisions\/15674"}],"up":[{"embeddable":true,"href":"https:\/\/www.safariredsea.com\/es\/wp-json\/wp\/v2\/pages\/13167"}],"wp:featuredmedia":[{"embeddable":true,"href":"https:\/\/www.safariredsea.com\/es\/wp-json\/wp\/v2\/media\/7014"}],"wp:attachment":[{"href":"https:\/\/www.safariredsea.com\/es\/wp-json\/wp\/v2\/media?parent=13235"}],"curies":[{"name":"wp","href":"https:\/\/api.w.org\/{rel}","templated":true}]}}