{"id":13562,"date":"2022-03-08T13:08:38","date_gmt":"2022-03-08T13:08:38","guid":{"rendered":"http:\/\/safariredsea.com\/?page_id=13562"},"modified":"2022-03-15T16:21:03","modified_gmt":"2022-03-15T16:21:03","slug":"viaje-de-safari-a-sharm-el-sheikh","status":"publish","type":"page","link":"https:\/\/www.safariredsea.com\/es\/viaje-de-safari-a-sharm-el-sheikh\/","title":{"rendered":"Viaje de safari a Sharm El Sheikh"},"content":{"rendered":"<h2 style=\"text-align: center;\"><strong>Viaje de safari a Sharm El Sheikh<\/strong><\/h2>\n<p>&nbsp;<\/p>\n<p style=\"text-align: center;\">En cuanto a la forma de vida y la historia de este Best, Sharm El Sheikh Safari Trip se mantiene satisfecho todo el d\u00eda. Junto con esto, traemos muchas m\u00e1s cosas emocionantes que te sorprender\u00e1n con su encanto y emoci\u00f3n.<\/p>\n","protected":false},"excerpt":{"rendered":"<p>Viaje de safari a Sharm El Sheikh &nbsp; En cuanto a la forma de vida y la historia de este Best, Sharm El Sheikh Safari Trip se mantiene satisfecho todo el d\u00eda. Junto con esto, traemos muchas m\u00e1s cosas emocionantes que te sorprender\u00e1n con su encanto y emoci\u00f3n.<\/p>\n","protected":false},"author":1,"featured_media":7322,"parent":0,"menu_order":0,"comment_status":"closed","ping_status":"closed","template":"page-template-city.php","meta":{"_acf_changed":false,"footnotes":""},"class_list":["post-13562","page","type-page","status-publish","has-post-thumbnail","hentry","entry"],"acf":[],"_links":{"self":[{"href":"https:\/\/www.safariredsea.com\/es\/wp-json\/wp\/v2\/pages\/13562","targetHints":{"allow":["GET"]}}],"collection":[{"href":"https:\/\/www.safariredsea.com\/es\/wp-json\/wp\/v2\/pages"}],"about":[{"href":"https:\/\/www.safariredsea.com\/es\/wp-json\/wp\/v2\/types\/page"}],"author":[{"embeddable":true,"href":"https:\/\/www.safariredsea.com\/es\/wp-json\/wp\/v2\/users\/1"}],"replies":[{"embeddable":true,"href":"https:\/\/www.safariredsea.com\/es\/wp-json\/wp\/v2\/comments?post=13562"}],"version-history":[{"count":6,"href":"https:\/\/www.safariredsea.com\/es\/wp-json\/wp\/v2\/pages\/13562\/revisions"}],"predecessor-version":[{"id":15435,"href":"https:\/\/www.safariredsea.com\/es\/wp-json\/wp\/v2\/pages\/13562\/revisions\/15435"}],"wp:featuredmedia":[{"embeddable":true,"href":"https:\/\/www.safariredsea.com\/es\/wp-json\/wp\/v2\/media\/7322"}],"wp:attachment":[{"href":"https:\/\/www.safariredsea.com\/es\/wp-json\/wp\/v2\/media?parent=13562"}],"curies":[{"name":"wp","href":"https:\/\/api.w.org\/{rel}","templated":true}]}}