{"id":13852,"date":"2022-03-09T11:28:04","date_gmt":"2022-03-09T11:28:04","guid":{"rendered":"http:\/\/safariredsea.com\/?page_id=13852"},"modified":"2022-03-15T18:06:16","modified_gmt":"2022-03-15T18:06:16","slug":"safari-de-un-dia-en-el-desierto-al-atardecer-de-marsa-alam","status":"publish","type":"page","link":"https:\/\/www.safariredsea.com\/es\/safari-de-un-dia-en-el-desierto-al-atardecer-de-marsa-alam\/","title":{"rendered":"Safari de un d\u00eda en el desierto al atardecer de Marsa Alam"},"content":{"rendered":"<h2 style=\"text-align: center;\"><strong>Safari de un d\u00eda en el desierto al atardecer de Marsa Alam<\/strong><\/h2>\n<p>&nbsp;<\/p>\n<p style=\"text-align: center;\">En cuanto a la forma de vida y la historia de este Best, <strong>Safari de un d\u00eda en el desierto al atardecer de Marsa Alam<\/strong> se mantiene satisfecho durante todo el d\u00eda. Junto con esto, traemos muchas m\u00e1s cosas emocionantes que te sorprender\u00e1n con su encanto y emoci\u00f3n.<\/p>\n","protected":false},"excerpt":{"rendered":"<p>Safari de un d\u00eda en el desierto al atardecer de Marsa Alam &nbsp; En cuanto a la forma de vida y la historia de este Best, Safari de un d\u00eda en el desierto al atardecer de Marsa Alam se mantiene satisfecho durante todo el d\u00eda. Junto con esto, traemos muchas m\u00e1s cosas emocionantes que te [&hellip;]<\/p>\n","protected":false},"author":1,"featured_media":7255,"parent":0,"menu_order":0,"comment_status":"closed","ping_status":"closed","template":"page-template-city.php","meta":{"_acf_changed":false,"footnotes":""},"class_list":["post-13852","page","type-page","status-publish","has-post-thumbnail","hentry","entry"],"acf":[],"_links":{"self":[{"href":"https:\/\/www.safariredsea.com\/es\/wp-json\/wp\/v2\/pages\/13852","targetHints":{"allow":["GET"]}}],"collection":[{"href":"https:\/\/www.safariredsea.com\/es\/wp-json\/wp\/v2\/pages"}],"about":[{"href":"https:\/\/www.safariredsea.com\/es\/wp-json\/wp\/v2\/types\/page"}],"author":[{"embeddable":true,"href":"https:\/\/www.safariredsea.com\/es\/wp-json\/wp\/v2\/users\/1"}],"replies":[{"embeddable":true,"href":"https:\/\/www.safariredsea.com\/es\/wp-json\/wp\/v2\/comments?post=13852"}],"version-history":[{"count":5,"href":"https:\/\/www.safariredsea.com\/es\/wp-json\/wp\/v2\/pages\/13852\/revisions"}],"predecessor-version":[{"id":15494,"href":"https:\/\/www.safariredsea.com\/es\/wp-json\/wp\/v2\/pages\/13852\/revisions\/15494"}],"wp:featuredmedia":[{"embeddable":true,"href":"https:\/\/www.safariredsea.com\/es\/wp-json\/wp\/v2\/media\/7255"}],"wp:attachment":[{"href":"https:\/\/www.safariredsea.com\/es\/wp-json\/wp\/v2\/media?parent=13852"}],"curies":[{"name":"wp","href":"https:\/\/api.w.org\/{rel}","templated":true}]}}