{"id":13909,"date":"2022-03-09T12:18:46","date_gmt":"2022-03-09T12:18:46","guid":{"rendered":"http:\/\/safariredsea.com\/?page_id=13909"},"modified":"2022-03-16T13:20:09","modified_gmt":"2022-03-16T13:20:09","slug":"cuatrimotos-el-gouna","status":"publish","type":"page","link":"https:\/\/www.safariredsea.com\/es\/safari-el-gouna\/cuatrimotos-el-gouna\/","title":{"rendered":"Cuatrimotos El Gouna"},"content":{"rendered":"<h2 style=\"text-align: center;\"><strong>Cuatrimotos El Gouna<\/strong><\/h2>\n<p>&nbsp;<\/p>\n<p style=\"text-align: center;\">En cuanto a la forma de vida y la historia de este Best, <strong>Cuatrimotos El Gouna<\/strong> se mantiene contento todo el d\u00eda. Junto con esto, traemos muchas m\u00e1s cosas emocionantes que te sorprender\u00e1n con su encanto y emoci\u00f3n.<\/p>\n","protected":false},"excerpt":{"rendered":"<p>Cuatrimotos El Gouna &nbsp; En cuanto a la forma de vida y la historia de este Best, Cuatrimotos El Gouna se mantiene contento todo el d\u00eda. Junto con esto, traemos muchas m\u00e1s cosas emocionantes que te sorprender\u00e1n con su encanto y emoci\u00f3n.<\/p>\n","protected":false},"author":1,"featured_media":6961,"parent":13215,"menu_order":0,"comment_status":"closed","ping_status":"closed","template":"page-template-city.php","meta":{"_acf_changed":false,"footnotes":""},"class_list":["post-13909","page","type-page","status-publish","has-post-thumbnail","hentry","entry"],"acf":[],"_links":{"self":[{"href":"https:\/\/www.safariredsea.com\/es\/wp-json\/wp\/v2\/pages\/13909","targetHints":{"allow":["GET"]}}],"collection":[{"href":"https:\/\/www.safariredsea.com\/es\/wp-json\/wp\/v2\/pages"}],"about":[{"href":"https:\/\/www.safariredsea.com\/es\/wp-json\/wp\/v2\/types\/page"}],"author":[{"embeddable":true,"href":"https:\/\/www.safariredsea.com\/es\/wp-json\/wp\/v2\/users\/1"}],"replies":[{"embeddable":true,"href":"https:\/\/www.safariredsea.com\/es\/wp-json\/wp\/v2\/comments?post=13909"}],"version-history":[{"count":6,"href":"https:\/\/www.safariredsea.com\/es\/wp-json\/wp\/v2\/pages\/13909\/revisions"}],"predecessor-version":[{"id":15583,"href":"https:\/\/www.safariredsea.com\/es\/wp-json\/wp\/v2\/pages\/13909\/revisions\/15583"}],"up":[{"embeddable":true,"href":"https:\/\/www.safariredsea.com\/es\/wp-json\/wp\/v2\/pages\/13215"}],"wp:featuredmedia":[{"embeddable":true,"href":"https:\/\/www.safariredsea.com\/es\/wp-json\/wp\/v2\/media\/6961"}],"wp:attachment":[{"href":"https:\/\/www.safariredsea.com\/es\/wp-json\/wp\/v2\/media?parent=13909"}],"curies":[{"name":"wp","href":"https:\/\/api.w.org\/{rel}","templated":true}]}}