{"id":13966,"date":"2022-03-09T12:51:34","date_gmt":"2022-03-09T12:51:34","guid":{"rendered":"http:\/\/safariredsea.com\/?page_id=13966"},"modified":"2022-03-16T13:11:01","modified_gmt":"2022-03-16T13:11:01","slug":"buggy-safari-el-gouna","status":"publish","type":"page","link":"https:\/\/www.safariredsea.com\/es\/safari-el-gouna\/buggy-safari-el-gouna\/","title":{"rendered":"Buggy Safari El Gouna"},"content":{"rendered":"<h2 style=\"text-align: center;\"><strong>Buggy Safari El Gouna<\/strong><\/h2>\n<p>&nbsp;<\/p>\n<p>&nbsp;<\/p>\n<p style=\"text-align: center;\">En cuanto a la forma de vida e historia de este Best, <strong>Buggy Safari El Gouna<\/strong> se mantiene complacido todo el d\u00eda. Junto con esto, traemos muchas m\u00e1s cosas emocionantes que te sorprender\u00e1n con su encanto y emoci\u00f3n.<\/p>\n","protected":false},"excerpt":{"rendered":"<p>Buggy Safari El Gouna &nbsp; &nbsp; En cuanto a la forma de vida e historia de este Best, Buggy Safari El Gouna se mantiene complacido todo el d\u00eda. Junto con esto, traemos muchas m\u00e1s cosas emocionantes que te sorprender\u00e1n con su encanto y emoci\u00f3n.<\/p>\n","protected":false},"author":1,"featured_media":6981,"parent":13215,"menu_order":0,"comment_status":"closed","ping_status":"closed","template":"page-template-city.php","meta":{"_acf_changed":false,"footnotes":""},"class_list":["post-13966","page","type-page","status-publish","has-post-thumbnail","hentry","entry"],"acf":[],"_links":{"self":[{"href":"https:\/\/www.safariredsea.com\/es\/wp-json\/wp\/v2\/pages\/13966","targetHints":{"allow":["GET"]}}],"collection":[{"href":"https:\/\/www.safariredsea.com\/es\/wp-json\/wp\/v2\/pages"}],"about":[{"href":"https:\/\/www.safariredsea.com\/es\/wp-json\/wp\/v2\/types\/page"}],"author":[{"embeddable":true,"href":"https:\/\/www.safariredsea.com\/es\/wp-json\/wp\/v2\/users\/1"}],"replies":[{"embeddable":true,"href":"https:\/\/www.safariredsea.com\/es\/wp-json\/wp\/v2\/comments?post=13966"}],"version-history":[{"count":6,"href":"https:\/\/www.safariredsea.com\/es\/wp-json\/wp\/v2\/pages\/13966\/revisions"}],"predecessor-version":[{"id":15572,"href":"https:\/\/www.safariredsea.com\/es\/wp-json\/wp\/v2\/pages\/13966\/revisions\/15572"}],"up":[{"embeddable":true,"href":"https:\/\/www.safariredsea.com\/es\/wp-json\/wp\/v2\/pages\/13215"}],"wp:featuredmedia":[{"embeddable":true,"href":"https:\/\/www.safariredsea.com\/es\/wp-json\/wp\/v2\/media\/6981"}],"wp:attachment":[{"href":"https:\/\/www.safariredsea.com\/es\/wp-json\/wp\/v2\/media?parent=13966"}],"curies":[{"name":"wp","href":"https:\/\/api.w.org\/{rel}","templated":true}]}}