{"id":14258,"date":"2022-03-11T10:12:51","date_gmt":"2022-03-11T10:12:51","guid":{"rendered":"http:\/\/safariredsea.com\/?page_id=14258"},"modified":"2022-03-15T10:40:55","modified_gmt":"2022-03-15T10:40:55","slug":"bahia-de-soma-en-quad","status":"publish","type":"page","link":"https:\/\/www.safariredsea.com\/es\/safari-en-la-bahia-de-soma\/bahia-de-soma-en-quad\/","title":{"rendered":"Bah\u00eda de Soma en quad"},"content":{"rendered":"<h2 style=\"text-align: center;\"><strong>Bah\u00eda de Soma en quad<\/strong><\/h2>\n<p>&nbsp;<\/p>\n<p>Para las personas que desean m\u00e1s energ\u00eda en su safari privado, ofrecemos la opci\u00f3n de fusionar Quad Bike Safari Soma Bay\u00a0como una de las actividades. Si nunca ha estado conduciendo un quad de cuatro ruedas en Safari Soma Bay, seguramente encontrar\u00e1 una base emocionante. Haremos un esfuerzo valiente para que la aventura de Quad Biking sea divertida y segura para usted.<\/p>\n<p>&nbsp;<\/p>\n","protected":false},"excerpt":{"rendered":"<p>Bah\u00eda de Soma en quad &nbsp; Para las personas que desean m\u00e1s energ\u00eda en su safari privado, ofrecemos la opci\u00f3n de fusionar Quad Bike Safari Soma Bay\u00a0como una de las actividades. Si nunca ha estado conduciendo un quad de cuatro ruedas en Safari Soma Bay, seguramente encontrar\u00e1 una base emocionante. Haremos un esfuerzo valiente para [&hellip;]<\/p>\n","protected":false},"author":1,"featured_media":8043,"parent":14268,"menu_order":0,"comment_status":"closed","ping_status":"closed","template":"page-template-city.php","meta":{"_acf_changed":false,"footnotes":""},"class_list":["post-14258","page","type-page","status-publish","has-post-thumbnail","hentry","entry"],"acf":[],"_links":{"self":[{"href":"https:\/\/www.safariredsea.com\/es\/wp-json\/wp\/v2\/pages\/14258","targetHints":{"allow":["GET"]}}],"collection":[{"href":"https:\/\/www.safariredsea.com\/es\/wp-json\/wp\/v2\/pages"}],"about":[{"href":"https:\/\/www.safariredsea.com\/es\/wp-json\/wp\/v2\/types\/page"}],"author":[{"embeddable":true,"href":"https:\/\/www.safariredsea.com\/es\/wp-json\/wp\/v2\/users\/1"}],"replies":[{"embeddable":true,"href":"https:\/\/www.safariredsea.com\/es\/wp-json\/wp\/v2\/comments?post=14258"}],"version-history":[{"count":5,"href":"https:\/\/www.safariredsea.com\/es\/wp-json\/wp\/v2\/pages\/14258\/revisions"}],"predecessor-version":[{"id":15189,"href":"https:\/\/www.safariredsea.com\/es\/wp-json\/wp\/v2\/pages\/14258\/revisions\/15189"}],"up":[{"embeddable":true,"href":"https:\/\/www.safariredsea.com\/es\/wp-json\/wp\/v2\/pages\/14268"}],"wp:featuredmedia":[{"embeddable":true,"href":"https:\/\/www.safariredsea.com\/es\/wp-json\/wp\/v2\/media\/8043"}],"wp:attachment":[{"href":"https:\/\/www.safariredsea.com\/es\/wp-json\/wp\/v2\/media?parent=14258"}],"curies":[{"name":"wp","href":"https:\/\/api.w.org\/{rel}","templated":true}]}}