{"id":14298,"date":"2022-03-11T11:08:25","date_gmt":"2022-03-11T11:08:25","guid":{"rendered":"http:\/\/safariredsea.com\/?page_id=14298"},"modified":"2022-03-15T11:24:57","modified_gmt":"2022-03-15T11:24:57","slug":"safari-en-jeep-por-la-bahia-de-soma","status":"publish","type":"page","link":"https:\/\/www.safariredsea.com\/es\/safari-en-la-bahia-de-soma\/safari-en-jeep-por-la-bahia-de-soma\/","title":{"rendered":"Safari en jeep por la bah\u00eda de Soma"},"content":{"rendered":"<h2 style=\"text-align: center;\"><strong>Safari en jeep por la bah\u00eda de Soma<\/strong><\/h2>\n<p>&nbsp;<\/p>\n<p style=\"text-align: center;\">En cuanto a la forma de vida y la historia de este Best, <strong>Safari en jeep por la bah\u00eda de Soma<\/strong> se mantiene satisfecho todo el d\u00eda. Junto con esto, traemos muchas m\u00e1s cosas emocionantes que te sorprender\u00e1n con su encanto y emoci\u00f3n.<\/p>\n<p>&nbsp;<\/p>\n","protected":false},"excerpt":{"rendered":"<p>Safari en jeep por la bah\u00eda de Soma &nbsp; En cuanto a la forma de vida y la historia de este Best, Safari en jeep por la bah\u00eda de Soma se mantiene satisfecho todo el d\u00eda. Junto con esto, traemos muchas m\u00e1s cosas emocionantes que te sorprender\u00e1n con su encanto y emoci\u00f3n. &nbsp;<\/p>\n","protected":false},"author":1,"featured_media":7137,"parent":14268,"menu_order":0,"comment_status":"closed","ping_status":"closed","template":"page-template-city.php","meta":{"_acf_changed":false,"footnotes":""},"class_list":["post-14298","page","type-page","status-publish","has-post-thumbnail","hentry","entry"],"acf":[],"_links":{"self":[{"href":"https:\/\/www.safariredsea.com\/es\/wp-json\/wp\/v2\/pages\/14298","targetHints":{"allow":["GET"]}}],"collection":[{"href":"https:\/\/www.safariredsea.com\/es\/wp-json\/wp\/v2\/pages"}],"about":[{"href":"https:\/\/www.safariredsea.com\/es\/wp-json\/wp\/v2\/types\/page"}],"author":[{"embeddable":true,"href":"https:\/\/www.safariredsea.com\/es\/wp-json\/wp\/v2\/users\/1"}],"replies":[{"embeddable":true,"href":"https:\/\/www.safariredsea.com\/es\/wp-json\/wp\/v2\/comments?post=14298"}],"version-history":[{"count":5,"href":"https:\/\/www.safariredsea.com\/es\/wp-json\/wp\/v2\/pages\/14298\/revisions"}],"predecessor-version":[{"id":15225,"href":"https:\/\/www.safariredsea.com\/es\/wp-json\/wp\/v2\/pages\/14298\/revisions\/15225"}],"up":[{"embeddable":true,"href":"https:\/\/www.safariredsea.com\/es\/wp-json\/wp\/v2\/pages\/14268"}],"wp:featuredmedia":[{"embeddable":true,"href":"https:\/\/www.safariredsea.com\/es\/wp-json\/wp\/v2\/media\/7137"}],"wp:attachment":[{"href":"https:\/\/www.safariredsea.com\/es\/wp-json\/wp\/v2\/media?parent=14298"}],"curies":[{"name":"wp","href":"https:\/\/api.w.org\/{rel}","templated":true}]}}