{"id":15839,"date":"2022-03-24T08:41:10","date_gmt":"2022-03-24T08:41:10","guid":{"rendered":"http:\/\/safariredsea.com\/?page_id=15839"},"modified":"2022-03-24T08:41:10","modified_gmt":"2022-03-24T08:41:10","slug":"convertirse-en-un-companero","status":"publish","type":"page","link":"https:\/\/www.safariredsea.com\/es\/convertirse-en-un-companero\/","title":{"rendered":"Convertirse en un compa\u00f1ero"},"content":{"rendered":"<hr \/>\n<p>&nbsp;<\/p>\n<h1><\/h1>\n<h1 style=\"text-align: center;\"><strong><span style=\"text-shadow: -2px 1px 17px rgba(136, 136, 136, 1);\">C\u00f3mo trabajar con nosotros<\/span><\/strong><\/h1>\n<p>&nbsp;<\/p>\n<p class=\"headline\"><span style=\"font-size: 17px;\">Muestre a sus clientes lo mejor de los viajes de Safari en el Mar Rojo y ay\u00fadelos a planificar y reservar los mejores tours.<\/span><\/p>\n<p class=\"headline\"><span style=\"font-size: 17px;\"><strong>Safari Red Sea<\/strong> ofrece muchas formas para que cualquier socio venda nuestros productos. Si es un agente de viajes, una empresa de turismo, una tienda general en Egipto o una gran empresa, una aerol\u00ednea, un hotel, un conserje, una influencia, un creador de contenido o cualquier otra empresa que est\u00e9 interesada en ofrecer a sus clientes una forma divertida de experimentar Egipto , \u00a1estamos encantados de trabajar contigo!<\/span><\/p>\n<div class=\"mceTemp\"><\/div>\n<p><span style=\"font-size: 17px;\">Trabajamos con <strong>agentes de viajes en l\u00ednea (OTA)<\/strong> \/ <strong>Aerol\u00edneas<\/strong> \/ <strong>Conserjes de hoteles<\/strong> \/ &lt; strong&gt;Agentes de Viajes \/ <strong>Gu\u00edas de Viaje. <\/strong><\/span><\/p>\n<p><span style=\"font-size: 17px;\">Conecta a tus clientes con experiencias incre\u00edbles con <strong>Safari Red Sea<\/strong>. <\/span><\/p>\n<p><span style=\"font-size: 17px;\">Benef\u00edciese de nuestra integraci\u00f3n de marca blanca o POS, flujo de reserva r\u00e1pido y comunicaci\u00f3n fluida con el cliente. A cambio de promocionar los productos <strong>Safari Red Sea<\/strong> en su sitio web, ganar\u00e1 una comisi\u00f3n por cada reserva exitosa. Simplemente cont\u00e1ctenos a trav\u00e9s de una de las siguientes opciones y nos pondremos en contacto en breve.<\/span><\/p>\n<p style=\"text-align: center;\"><span style=\"font-size: 17px;\">Env\u00ede su solicitud aqu\u00ed o env\u00ede un correo electr\u00f3nico a nuestro equipo de ventas a<\/span><a href=\"mailto: partner@safariredsea.com\"><span style=\"font-size: 19px;\"> partner@safariredsea.com<\/span><\/a><\/p>\n<p style=\"text-align: center;\">\n<div class=\"wpcf7 no-js\" id=\"wpcf7-f2130-o1\" lang=\"en-US\" dir=\"ltr\" data-wpcf7-id=\"2130\">\n<div class=\"screen-reader-response\"><p role=\"status\" aria-live=\"polite\" aria-atomic=\"true\"><\/p> <ul><\/ul><\/div>\n<form action=\"\/es\/wp-json\/wp\/v2\/pages\/15839#wpcf7-f2130-o1\" method=\"post\" class=\"wpcf7-form init\" aria-label=\"Contact form\" novalidate=\"novalidate\" data-status=\"init\">\n<fieldset class=\"hidden-fields-container\"><input type=\"hidden\" name=\"_wpcf7\" value=\"2130\" \/><input type=\"hidden\" name=\"_wpcf7_version\" value=\"6.1.1\" \/><input type=\"hidden\" name=\"_wpcf7_locale\" value=\"en_US\" \/><input type=\"hidden\" name=\"_wpcf7_unit_tag\" value=\"wpcf7-f2130-o1\" \/><input type=\"hidden\" name=\"_wpcf7_container_post\" value=\"0\" \/><input type=\"hidden\" name=\"_wpcf7_posted_data_hash\" value=\"\" \/>\n<\/fieldset>\n<div class=\"row\">\n\t<div class=\"col-md-12 col-lg-12 col-sm-12 col-xs-12\">\n\t\t<div class=\"form-group\">\n\t\t\t<p><span class=\"wpcf7-form-control-wrap\" data-name=\"your-name\"><input size=\"40\" maxlength=\"400\" class=\"wpcf7-form-control wpcf7-text wpcf7-validates-as-required form-control\" aria-required=\"true\" aria-invalid=\"false\" placeholder=\"Your Name\" value=\"\" type=\"text\" name=\"your-name\" \/><\/span>\n\t\t\t<\/p>\n\t\t<\/div>\n\t<\/div>\n\t<div class=\"col-md-12 col-lg-12 col-sm-12 col-xs-12\">\n\t\t<div class=\"form-group\">\n\t\t\t<p><span class=\"wpcf7-form-control-wrap\" data-name=\"your-email\"><input size=\"40\" maxlength=\"400\" class=\"wpcf7-form-control wpcf7-email wpcf7-validates-as-required wpcf7-text wpcf7-validates-as-email form-control\" aria-required=\"true\" aria-invalid=\"false\" placeholder=\"Your Email\" value=\"\" type=\"email\" name=\"your-email\" \/><\/span>\n\t\t\t<\/p>\n\t\t<\/div>\n\t<\/div>\n\t<div class=\"col-md-12 col-lg-12 col-sm-12 col-xs-12\">\n\t\t<div class=\"form-group\">\n\t\t\t<p><span class=\"wpcf7-form-control-wrap\" data-name=\"your-subject\"><select class=\"wpcf7-form-control wpcf7-select wpcf7-validates-as-required form-control\" aria-required=\"true\" aria-invalid=\"false\" name=\"your-subject\"><option value=\"\">Business Type<\/option><option value=\"Online Travel agents (OTA)\">Online Travel agents (OTA)<\/option><option value=\"Airline\">Airline<\/option><option value=\"Hotel Concierge\">Hotel Concierge<\/option><option value=\"Travel Agent\">Travel Agent<\/option><option value=\"Travel Guide\">Travel Guide<\/option><option value=\"Travel Writer\">Travel Writer<\/option><option value=\"Travel News Website\">Travel News Website<\/option><option value=\"Other\">Other<\/option><\/select><\/span>\n\t\t\t<\/p>\n\t\t<\/div>\n\t<\/div>\n\t<div class=\"col-md-12 col-lg-12 col-sm-12 col-xs-12\">\n\t\t<div class=\"form-group\">\n\t\t\t<p><span class=\"wpcf7-form-control-wrap\" data-name=\"your-message\"><textarea cols=\"40\" rows=\"10\" maxlength=\"2000\" class=\"wpcf7-form-control wpcf7-textarea form-control\" aria-invalid=\"false\" placeholder=\"Tell us more about you and How you would like to sell our tours\" name=\"your-message\"><\/textarea><\/span>\n\t\t\t<\/p>\n\t\t<\/div>\n\t<\/div>\n\t<div class=\"col-md-12 col-lg-12 col-sm-12 col-xs-12\">\n\t\t<div class=\"form-group\">\n\t\t\t<p><input type=\"hidden\" name=\"_wpcf7_captcha_challenge_captcha-1\" value=\"1489469121\" \/><img decoding=\"async\" class=\"wpcf7-form-control wpcf7-captchac wpcf7-captcha-captcha-1\" width=\"72\" height=\"24\" alt=\"captcha\" src=\"https:\/\/www.safariredsea.com\/wp-content\/uploads\/wpcf7_captcha\/1489469121.png\" \/><span class=\"wpcf7-form-control-wrap\" data-name=\"captcha-1\"><input size=\"40\" class=\"wpcf7-form-control wpcf7-captchar\" autocomplete=\"off\" aria-invalid=\"false\" value=\"\" type=\"text\" name=\"captcha-1\" \/><\/span>\n\t\t\t<\/p>\n\t\t<\/div>\n\t<\/div>\n\t<div class=\"col-md-12 col-lg-12 col-sm-12 col-xs-12\">\n\t\t<div class=\"form-group\">\n\t\t\t<p><input class=\"wpcf7-form-control wpcf7-submit has-spinner btn_sub\" type=\"submit\" value=\"Submit Request\" \/>\n\t\t\t<\/p>\n\t\t<\/div>\n\t<\/div>\n<\/div><p style=\"display: none !important;\" class=\"akismet-fields-container\" data-prefix=\"_wpcf7_ak_\"><label>&#916;<textarea name=\"_wpcf7_ak_hp_textarea\" cols=\"45\" rows=\"8\" maxlength=\"100\"><\/textarea><\/label><input type=\"hidden\" id=\"ak_js_1\" name=\"_wpcf7_ak_js\" value=\"216\"\/><script>document.getElementById( \"ak_js_1\" ).setAttribute( \"value\", ( new Date() ).getTime() );<\/script><\/p><div class=\"wpcf7-response-output\" aria-hidden=\"true\"><\/div>\n<\/form>\n<\/div>\n<\/p>\n","protected":false},"excerpt":{"rendered":"<p>&nbsp; C\u00f3mo trabajar con nosotros &nbsp; Muestre a sus clientes lo mejor de los viajes de Safari en el Mar Rojo y ay\u00fadelos a planificar y reservar los mejores tours. Safari Red Sea ofrece muchas formas para que cualquier socio venda nuestros productos. Si es un agente de viajes, una empresa de turismo, una tienda [&hellip;]<\/p>\n","protected":false},"author":1,"featured_media":0,"parent":0,"menu_order":0,"comment_status":"closed","ping_status":"closed","template":"","meta":{"_acf_changed":false,"footnotes":""},"class_list":["post-15839","page","type-page","status-publish","hentry","entry"],"acf":[],"_links":{"self":[{"href":"https:\/\/www.safariredsea.com\/es\/wp-json\/wp\/v2\/pages\/15839","targetHints":{"allow":["GET"]}}],"collection":[{"href":"https:\/\/www.safariredsea.com\/es\/wp-json\/wp\/v2\/pages"}],"about":[{"href":"https:\/\/www.safariredsea.com\/es\/wp-json\/wp\/v2\/types\/page"}],"author":[{"embeddable":true,"href":"https:\/\/www.safariredsea.com\/es\/wp-json\/wp\/v2\/users\/1"}],"replies":[{"embeddable":true,"href":"https:\/\/www.safariredsea.com\/es\/wp-json\/wp\/v2\/comments?post=15839"}],"version-history":[{"count":1,"href":"https:\/\/www.safariredsea.com\/es\/wp-json\/wp\/v2\/pages\/15839\/revisions"}],"predecessor-version":[{"id":15968,"href":"https:\/\/www.safariredsea.com\/es\/wp-json\/wp\/v2\/pages\/15839\/revisions\/15968"}],"wp:attachment":[{"href":"https:\/\/www.safariredsea.com\/es\/wp-json\/wp\/v2\/media?parent=15839"}],"curies":[{"name":"wp","href":"https:\/\/api.w.org\/{rel}","templated":true}]}}