{"id":15871,"date":"2022-03-24T04:51:22","date_gmt":"2022-03-24T04:51:22","guid":{"rendered":"http:\/\/safariredsea.com\/?page_id=15871"},"modified":"2022-03-24T09:03:06","modified_gmt":"2022-03-24T09:03:06","slug":"terminos-y-condiciones","status":"publish","type":"page","link":"https:\/\/www.safariredsea.com\/es\/terminos-y-condiciones\/","title":{"rendered":"T\u00e9rminos y condiciones"},"content":{"rendered":"<p>Gracias por mostrar inter\u00e9s en <strong>Safari Red Sea<\/strong>. La reserva de su Safari Tour se puede realizar a trav\u00e9s de nuestro sitio web en l\u00ednea. Una vez que haya terminado de reservar su paquete Safari, se considerar\u00e1 que ha le\u00eddo los t\u00e9rminos y condiciones asociados con su recorrido. Lea los t\u00e9rminos y condiciones en detalle antes de hacer uso de su reserva. Nos reservamos los derechos de cambiar\/enmendar cualquier pol\u00edtica, en cualquier momento, teniendo en cuenta las circunstancias.<\/p>\n<p><strong>1. PRECIOS Y TARIFAS<\/strong><br \/>\nNuestra pol\u00edtica es el aseguramiento de una tasaci\u00f3n reglamentaria, adem\u00e1s del alojamiento y reserva de lugar de recogida en la web. El plan de costos cotizado para el paquete tur\u00edstico, en nuestro sitio web, se calcula por individuo \/ por persona. Estos costos no incluyen ning\u00fan tipo de propina para los trabajadores de la tripulaci\u00f3n\/personal y conductores. Las tarifas mencionadas en nuestro sitio web pueden cambiar sin previo aviso. Este aumento o disminuci\u00f3n s\u00f3lo se efectuar\u00e1 cuando se afecten econ\u00f3micamente los precios de los combustibles, la tarifa de mano de obra, las tarifas de alojamiento o cualquier tarifa de transporte.<\/p>\n<p><strong>2. MODO DE PAGO<\/strong><br \/>\nEn el momento de la recogida, el cliente tiene que pagar la totalidad en efectivo. Los clientes tambi\u00e9n pueden utilizar para pagar con tarjeta de cr\u00e9dito en l\u00ednea.<\/p>\n<p><strong>3. CONFIRMACI\u00d3N<\/strong><br \/>\nCuando reserve con nosotros, nuestro personal tur\u00edstico se comunicar\u00e1 con usted con un correo electr\u00f3nico de confirmaci\u00f3n. Se le solicita que siga el plan que se le ofrece, ya que nuestro personal ofrece el mejor plan de partidos seg\u00fan la temporada.<\/p>\n<p><strong>4. CANCELACI\u00d3N &amp; POL\u00cdTICA DE NO PRESENTACI\u00d3N<\/strong><br \/>\n<strong>4.1<\/strong> Cancelaci\u00f3n<br \/>\n\u2022 En caso de cancelaci\u00f3n, se pueden aplicar cargos.<br \/>\n\u2022 No se aplicar\u00e1n cargos en caso de cambiar o revisar el plan antes de las 24 hrs.<br \/>\n\u2022 En caso de cambio o cancelaci\u00f3n del tour dentro de las 24 hrs, se descontar\u00e1 el 50% de los cargos.<br \/>\n\u2022 En caso de cambio, modificaci\u00f3n o cancelaci\u00f3n del tour unas horas antes se descontar\u00e1 el 100% de los cargos. Y no se devolver\u00e1 dinero en efectivo.<br \/>\n<strong>4.2<\/strong> Ausencia<br \/>\nSi no se presenta al recorrido, todos los descuentos ofrecidos dar\u00e1n lugar a la cancelaci\u00f3n y no se podr\u00e1n utilizar la pr\u00f3xima vez. En caso de reprogramaci\u00f3n, se considerar\u00e1 su visita confirmada.<\/p>\n<p><strong>5. PROCEDIMIENTOS DE CANCELACI\u00d3N<\/strong><br \/>\nAntes de realizar cualquier cancelaci\u00f3n, le sugerimos que lea atentamente las reglas y regulaciones de cancelaci\u00f3n que se aplican a su tour de Safari seleccionado. Para cancelar la totalidad o cualquiera de las actividades reservadas, aseg\u00farese de notificarlo a Safari Red Sea, de lo contrario, se considerar\u00e1 como su \u00faltima reserva finalizada con nosotros. A medida que genera una solicitud de cancelaci\u00f3n, le responderemos por correo electr\u00f3nico o mediante una llamada telef\u00f3nica para confirmar que hemos reconocido su solicitud y tambi\u00e9n si se aplicaron cargos por la cancelaci\u00f3n. Safari Red Sea no se hace responsable de ning\u00fan cargo por cancelaci\u00f3n o que no haya sido confirmado por nosotros.<\/p>\n<p><strong>6. ALTERACIONES DE ITINERARIO<\/strong><br \/>\nLa b\u00fasqueda de direcciones y las instrucciones aseguradas en su paquete pueden cambiar seg\u00fan las condiciones clim\u00e1ticas\/vecindarias, los planes de direcci\u00f3n de la carretera y otras cosas relacionadas. Si en caso de alguna ambig\u00fcedad puede comunicarse directamente con la gerencia para darle la mejor alternativa dependiendo de la disponibilidad. Safari Red Sea se reserva todos los derechos para ejecutar peque\u00f1os cambios\/ajustes en el horario cuando sea necesario, sin ning\u00fan reembolso asociado con ello. Adem\u00e1s, no se pagar\u00eda ninguna compensaci\u00f3n por el incidente de cualquier desastre natural, como inundaciones y terremotos.<\/p>\n<p><strong>7. SEGURO DE VIAJE<\/strong><br \/>\nSafari Red Sea no es responsable de ning\u00fan incidente o da\u00f1o como resultado de un accidente, enfermedad, da\u00f1o o p\u00e9rdida de pertenencias individuales o incluso la cancelaci\u00f3n del tour. Se recomienda encarecidamente que el Viajero pase por una pol\u00edtica de protecci\u00f3n de viajes para manejar incidentes inesperados.<\/p>\n<p><strong>9. LIMITACIONES DE USO DEL SITIO WEB<\/strong><br \/>\nTodo el material en este sitio pertenece \u00fanicamente a Safari Red Sea, incluido su logotipo, im\u00e1genes, datos proporcionados en los paquetes tur\u00edsticos, evaluaci\u00f3n de puntos de inter\u00e9s y otros componentes importantes y delicados, que pertenecen en su totalidad a Safari Red Sea. Usted acepta no abusar de este sitio ni de ning\u00fan material para fines no individuales, comerciales o ilegales.<\/p>\n<p>&nbsp;<\/p>\n","protected":false},"excerpt":{"rendered":"<p>Gracias por mostrar inter\u00e9s en Safari Red Sea. La reserva de su Safari Tour se puede realizar a trav\u00e9s de nuestro sitio web en l\u00ednea. Una vez que haya terminado de reservar su paquete Safari, se considerar\u00e1 que ha le\u00eddo los t\u00e9rminos y condiciones asociados con su recorrido. Lea los t\u00e9rminos y condiciones en detalle [&hellip;]<\/p>\n","protected":false},"author":1,"featured_media":0,"parent":0,"menu_order":0,"comment_status":"closed","ping_status":"closed","template":"","meta":{"_acf_changed":false,"footnotes":""},"class_list":["post-15871","page","type-page","status-publish","hentry","entry"],"acf":[],"_links":{"self":[{"href":"https:\/\/www.safariredsea.com\/es\/wp-json\/wp\/v2\/pages\/15871","targetHints":{"allow":["GET"]}}],"collection":[{"href":"https:\/\/www.safariredsea.com\/es\/wp-json\/wp\/v2\/pages"}],"about":[{"href":"https:\/\/www.safariredsea.com\/es\/wp-json\/wp\/v2\/types\/page"}],"author":[{"embeddable":true,"href":"https:\/\/www.safariredsea.com\/es\/wp-json\/wp\/v2\/users\/1"}],"replies":[{"embeddable":true,"href":"https:\/\/www.safariredsea.com\/es\/wp-json\/wp\/v2\/comments?post=15871"}],"version-history":[{"count":2,"href":"https:\/\/www.safariredsea.com\/es\/wp-json\/wp\/v2\/pages\/15871\/revisions"}],"predecessor-version":[{"id":15983,"href":"https:\/\/www.safariredsea.com\/es\/wp-json\/wp\/v2\/pages\/15871\/revisions\/15983"}],"wp:attachment":[{"href":"https:\/\/www.safariredsea.com\/es\/wp-json\/wp\/v2\/media?parent=15871"}],"curies":[{"name":"wp","href":"https:\/\/api.w.org\/{rel}","templated":true}]}}