{"id":15919,"date":"2022-03-24T05:45:56","date_gmt":"2022-03-24T05:45:56","guid":{"rendered":"http:\/\/safariredsea.com\/?page_id=15919"},"modified":"2022-03-24T09:14:31","modified_gmt":"2022-03-24T09:14:31","slug":"politica-de-privacidad","status":"publish","type":"page","link":"https:\/\/www.safariredsea.com\/es\/politica-de-privacidad\/","title":{"rendered":"Pol\u00edtica de privacidad"},"content":{"rendered":"<p><em><strong>\u00daltima actualizaci\u00f3n: 2022-03-15<\/strong><\/em><\/p>\n<p><strong>POL\u00cdTICA DE PRIVACIDAD<\/strong><br \/>\nEl sitio web <strong>Safariredsea.com<\/strong> solo indica la seguridad de sus clientes que lo utilizan. Esta pol\u00edtica de privacidad solo pertenece a <strong>Safari Red Sea<\/strong>. La seguridad del cliente es nuestra primera prioridad y es nuestra parte de la pol\u00edtica. Damos la m\u00e1xima prioridad a nuestros clientes, cumpliendo con sus respectivos requisitos, incluidos los derechos de los propietarios del sitio web y del sitio. . Adem\u00e1s, la forma en que este sitio utiliza, almacena y protege los documentos de los clientes tambi\u00e9n se registra dentro de este procedimiento.<\/p>\n<p><strong>EL SITIO WEB<\/strong><br \/>\nEste sitio web y sus propietarios exclusivos adoptan un enfoque pr\u00e1ctico para tratar con la protecci\u00f3n del cliente y asegurarse de que el viaje din\u00e1mico ha tomado para confirmar la seguridad de sus clientes a lo largo de su experiencia de viaje aventurero.<\/p>\n<p><strong>USO DE COOKIES<\/strong><br \/>\nPara mejorar las relaciones con los clientes, este sitio web contiene cookies, mientras navega por este sitio web. Cuando corresponda, este sitio utiliza un marco organizado de cookies que autoriza al cliente cada vez que navega inicialmente por el sitio web y tambi\u00e9n le permite autorizar o evitar el uso de cookies en sus computadoras u otros dispositivos inteligentes. Para evitar las cookies de este sitio web, se sugiere a los clientes que si desean negar el uso de cookies y tambi\u00e9n compartir las cookies del sitio web Safariredsea.com, deben usar la configuraci\u00f3n de privacidad de los programas web en tal caso.<\/p>\n<p>Este sitio web utiliza software de seguimiento, tambi\u00e9n se ha desarrollado software bajo Google Analytics, que utiliza cookies para rastrear la actividad del usuario. Este software almacena una cookie en el dispositivo de almacenamiento de la computadora con un determinado resultado para rastrear y monitorear su movimiento y cualquier cosa que est\u00e9 haciendo mientras consume y usa el sitio web, aunque no almacenar\u00e1 ni recopilar\u00e1 datos individuales. Para cualquier ambig\u00fcedad, se le sugiere que revise el acuerdo de seguridad de Google. En cualquier caso, no recopilamos ning\u00fan tipo de datos ni los guardamos para futuras referencias.<\/p>\n<p><strong>CONTACTO &amp; COMUNICACI\u00d3N<\/strong><br \/>\nSus datos privados se reservan confidenciales y se guardan cuidadosamente en nuestra base de datos, y esos datos son solo por el per\u00edodo de tiempo, para nuestro uso requerido, como se establece en la Protecci\u00f3n de datos.<\/p>\n<p><strong>BOLET\u00cdN DE NOTICIAS POR CORREO ELECTR\u00d3NICO<\/strong><br \/>\nComunicamos y utilizamos la informaci\u00f3n actualizada a trav\u00e9s de nuestras cartas de correo electr\u00f3nico, los suscriptores se actualizan a trav\u00e9s de nuestros productos y servicios proporcionados por este sitio web. Los clientes completos que deseen pueden suscribirse a trav\u00e9s de nuestro proceso programado en l\u00ednea.<\/p>\n<p><strong>CONTENIDO EXTERNO<\/strong><br \/>\nLas fotograf\u00edas tomadas son de un tercero. Todo el contenido es propiedad de <strong>Safari Red Sea<\/strong>. El sitio no debe ser considerado responsable de ning\u00fan da\u00f1o de ninguna forma en ning\u00fan punto espec\u00edfico. ANUNCIOS Y ENLACES PATROCINADOS Este sitio web tiene publicidad y pocos enlaces respaldados que generalmente son ayudados por nuestras conexiones publicitarias, que siguen pol\u00edticas de privacidad relacionadas con los anuncios que publican. Cada vez que haga clic en el enlace o en cualquier publicidad, lo llevar\u00e1 a su p\u00e1gina principal de publicidad. Esto tambi\u00e9n puede contener el consumo de cookies que, a cambio, pueden almacenarse en la unidad de almacenamiento de su computadora. PLATAFORMAS DE MEDIOS SOCIALES Se recomienda a los clientes que usen las plataformas de redes en l\u00ednea con prudencia y contribuyan con una actitud receptiva y compartan cuidadosamente informaci\u00f3n personal o confidencial a trav\u00e9s de las plataformas de redes en l\u00ednea. Se recomienda encarecidamente compartir informaci\u00f3n utilizando alg\u00fan canal s\u00f3lido y aut\u00e9ntico.<\/p>\n","protected":false},"excerpt":{"rendered":"<p>\u00daltima actualizaci\u00f3n: 2022-03-15 POL\u00cdTICA DE PRIVACIDAD El sitio web Safariredsea.com solo indica la seguridad de sus clientes que lo utilizan. Esta pol\u00edtica de privacidad solo pertenece a Safari Red Sea. La seguridad del cliente es nuestra primera prioridad y es nuestra parte de la pol\u00edtica. Damos la m\u00e1xima prioridad a nuestros clientes, cumpliendo con sus [&hellip;]<\/p>\n","protected":false},"author":1,"featured_media":0,"parent":0,"menu_order":0,"comment_status":"closed","ping_status":"closed","template":"","meta":{"_acf_changed":false,"footnotes":""},"class_list":["post-15919","page","type-page","status-publish","hentry","entry"],"acf":[],"_links":{"self":[{"href":"https:\/\/www.safariredsea.com\/es\/wp-json\/wp\/v2\/pages\/15919","targetHints":{"allow":["GET"]}}],"collection":[{"href":"https:\/\/www.safariredsea.com\/es\/wp-json\/wp\/v2\/pages"}],"about":[{"href":"https:\/\/www.safariredsea.com\/es\/wp-json\/wp\/v2\/types\/page"}],"author":[{"embeddable":true,"href":"https:\/\/www.safariredsea.com\/es\/wp-json\/wp\/v2\/users\/1"}],"replies":[{"embeddable":true,"href":"https:\/\/www.safariredsea.com\/es\/wp-json\/wp\/v2\/comments?post=15919"}],"version-history":[{"count":2,"href":"https:\/\/www.safariredsea.com\/es\/wp-json\/wp\/v2\/pages\/15919\/revisions"}],"predecessor-version":[{"id":15998,"href":"https:\/\/www.safariredsea.com\/es\/wp-json\/wp\/v2\/pages\/15919\/revisions\/15998"}],"wp:attachment":[{"href":"https:\/\/www.safariredsea.com\/es\/wp-json\/wp\/v2\/media?parent=15919"}],"curies":[{"name":"wp","href":"https:\/\/api.w.org\/{rel}","templated":true}]}}