{"id":16097,"date":"2022-03-31T10:14:14","date_gmt":"2022-03-31T10:14:14","guid":{"rendered":"http:\/\/safariredsea.com\/?page_id=16097"},"modified":"2022-03-31T10:18:57","modified_gmt":"2022-03-31T10:18:57","slug":"sobre-nosotros","status":"publish","type":"page","link":"https:\/\/www.safariredsea.com\/es\/sobre-nosotros\/","title":{"rendered":"Sobre nosotros"},"content":{"rendered":"<h1>Qui\u00e9nes somos<\/h1>\n<p>Proveedor de safaris <strong>n.\u00ba 1<\/strong> en el Mar Rojo, Hurghada, El Gouna, Makadi Bay, Soma Bay, Marsa Alam y Sharm El Sheikh.<\/p>\n<p><strong>Safari Red Sea<\/strong> ofrece una amplia gama de paquetes de Safari con todo incluido en Egipto para diferentes tipos de safaris por el desierto con muchas opciones adicionales, como buscadores de aventuras todoterreno como buggies y quads con gu\u00edas profesionales expertos. .<\/p>\n<p>Todos nuestros <strong>coches 4&#215;4<\/strong>, <strong>cuatriciclos<\/strong>, <strong>buggys<\/strong> son nuevos y est\u00e1n bien mantenidos para estar listos para usted con conductores y gu\u00edas autorizados.<\/p>\n<p>Somos el agente en l\u00ednea preferido para reservas de <strong>safari por el desierto de Hurghada<\/strong>, ya que no creemos en ganar dinero extra solo porque tenemos una oportunidad.<\/p>\n<p>\u00a1S\u00ed! Tu sue\u00f1as y nosotros te ayudamos a llenar tu sue\u00f1o de entusiasmo. Reserva ahora y disfruta de la diferencia con nosotros.<\/p>\n<h2><strong>\u00bfPor qu\u00e9 reservar tours con Safari Red Sea?<\/strong><\/h2>\n<div class=\"abtlst\">\n<ul>\n<li><i><img decoding=\"async\" src=\"http:\/\/safariredsea.com\/wp-content\/uploads\/assets\/destination1.png\" alt=\"\" \/><\/i><em>Variedad de opciones de Safari , Ubicaciones.<\/em><\/li>\n<li><i><img decoding=\"async\" src=\"http:\/\/safariredsea.com\/wp-content\/uploads\/assets\/Group1838.png\" alt=\"\" \/><\/i><em>Reservas y pagos en l\u00ednea son seguras y sencillas.<\/em><\/li>\n<li><i><img decoding=\"async\" src=\"http:\/\/safariredsea.com\/wp-content\/uploads\/assets\/Group.png\" alt=\"\" \/><\/i><em>Gu\u00edas locales principales. <\/em><\/li>\n<\/ul>\n<ul>\n<li><i><img decoding=\"async\" src=\"http:\/\/safariredsea.com\/wp-content\/uploads\/assets\/offer1.png\" alt=\"\" \/><\/i><em>Mejor precio en el web.<\/em><\/li>\n<li><i><img decoding=\"async\" src=\"http:\/\/safariredsea.com\/wp-content\/uploads\/assets\/honesty1.png\" alt=\"\" \/><\/i><em>Organizaci\u00f3n autorizada que puede confiar.<\/em><\/li>\n<li><i><img decoding=\"async\" src=\"http:\/\/safariredsea.com\/wp-content\/uploads\/assets\/Vector.png\" alt=\"\" \/><\/i><em>Atenci\u00f3n al cliente amigable 24 \/7.<\/em><\/li>\n<\/ul>\n<\/div>\n","protected":false},"excerpt":{"rendered":"<p>Qui\u00e9nes somos Proveedor de safaris n.\u00ba 1 en el Mar Rojo, Hurghada, El Gouna, Makadi Bay, Soma Bay, Marsa Alam y Sharm El Sheikh. Safari Red Sea ofrece una amplia gama de paquetes de Safari con todo incluido en Egipto para diferentes tipos de safaris por el desierto con muchas opciones adicionales, como buscadores de [&hellip;]<\/p>\n","protected":false},"author":1,"featured_media":16052,"parent":0,"menu_order":0,"comment_status":"closed","ping_status":"closed","template":"","meta":{"_acf_changed":false,"footnotes":""},"class_list":["post-16097","page","type-page","status-publish","has-post-thumbnail","hentry","entry"],"acf":[],"_links":{"self":[{"href":"https:\/\/www.safariredsea.com\/es\/wp-json\/wp\/v2\/pages\/16097","targetHints":{"allow":["GET"]}}],"collection":[{"href":"https:\/\/www.safariredsea.com\/es\/wp-json\/wp\/v2\/pages"}],"about":[{"href":"https:\/\/www.safariredsea.com\/es\/wp-json\/wp\/v2\/types\/page"}],"author":[{"embeddable":true,"href":"https:\/\/www.safariredsea.com\/es\/wp-json\/wp\/v2\/users\/1"}],"replies":[{"embeddable":true,"href":"https:\/\/www.safariredsea.com\/es\/wp-json\/wp\/v2\/comments?post=16097"}],"version-history":[{"count":7,"href":"https:\/\/www.safariredsea.com\/es\/wp-json\/wp\/v2\/pages\/16097\/revisions"}],"predecessor-version":[{"id":16104,"href":"https:\/\/www.safariredsea.com\/es\/wp-json\/wp\/v2\/pages\/16097\/revisions\/16104"}],"wp:featuredmedia":[{"embeddable":true,"href":"https:\/\/www.safariredsea.com\/es\/wp-json\/wp\/v2\/media\/16052"}],"wp:attachment":[{"href":"https:\/\/www.safariredsea.com\/es\/wp-json\/wp\/v2\/media?parent=16097"}],"curies":[{"name":"wp","href":"https:\/\/api.w.org\/{rel}","templated":true}]}}