{"id":9525,"date":"2022-02-07T14:59:22","date_gmt":"2022-02-07T14:59:22","guid":{"rendered":"http:\/\/safariredsea.com\/?page_id=9525"},"modified":"2025-08-16T01:31:23","modified_gmt":"2025-08-15T22:31:23","slug":"excursion-al-safari-marino-al-amanecer-en-buggy-por-la-bahia-de-makadi","status":"publish","type":"page","link":"https:\/\/www.safariredsea.com\/es\/excursion-al-safari-marino-al-amanecer-en-buggy-por-la-bahia-de-makadi\/","title":{"rendered":"Excursi\u00f3n al safari marino al amanecer en buggy por la bah\u00eda de Makadi"},"content":{"rendered":"<p>Excursi\u00f3n al safari marino al amanecer en buggy por la bah\u00eda de Makadi<\/p>\n","protected":false},"excerpt":{"rendered":"<p>Excursi\u00f3n al safari marino al amanecer en buggy por la bah\u00eda de Makadi<\/p>\n","protected":false},"author":1,"featured_media":9037,"parent":0,"menu_order":0,"comment_status":"closed","ping_status":"closed","template":"page-tours.php","meta":{"_acf_changed":false,"footnotes":""},"class_list":["post-9525","page","type-page","status-publish","has-post-thumbnail","hentry","entry"],"acf":[],"_links":{"self":[{"href":"https:\/\/www.safariredsea.com\/es\/wp-json\/wp\/v2\/pages\/9525","targetHints":{"allow":["GET"]}}],"collection":[{"href":"https:\/\/www.safariredsea.com\/es\/wp-json\/wp\/v2\/pages"}],"about":[{"href":"https:\/\/www.safariredsea.com\/es\/wp-json\/wp\/v2\/types\/page"}],"author":[{"embeddable":true,"href":"https:\/\/www.safariredsea.com\/es\/wp-json\/wp\/v2\/users\/1"}],"replies":[{"embeddable":true,"href":"https:\/\/www.safariredsea.com\/es\/wp-json\/wp\/v2\/comments?post=9525"}],"version-history":[{"count":10,"href":"https:\/\/www.safariredsea.com\/es\/wp-json\/wp\/v2\/pages\/9525\/revisions"}],"predecessor-version":[{"id":18622,"href":"https:\/\/www.safariredsea.com\/es\/wp-json\/wp\/v2\/pages\/9525\/revisions\/18622"}],"wp:featuredmedia":[{"embeddable":true,"href":"https:\/\/www.safariredsea.com\/es\/wp-json\/wp\/v2\/media\/9037"}],"wp:attachment":[{"href":"https:\/\/www.safariredsea.com\/es\/wp-json\/wp\/v2\/media?parent=9525"}],"curies":[{"name":"wp","href":"https:\/\/api.w.org\/{rel}","templated":true}]}}