{"id":9592,"date":"2022-02-08T09:02:40","date_gmt":"2022-02-08T09:02:40","guid":{"rendered":"http:\/\/safariredsea.com\/?page_id=9592"},"modified":"2025-08-16T01:39:02","modified_gmt":"2025-08-15T22:39:02","slug":"excursion-marina-en-buggy-por-la-bahia-de-makadi","status":"publish","type":"page","link":"https:\/\/www.safariredsea.com\/es\/excursion-marina-en-buggy-por-la-bahia-de-makadi\/","title":{"rendered":"Excursi\u00f3n marina en buggy por la bah\u00eda de Makadi"},"content":{"rendered":"<p>Excursi\u00f3n marina en buggy por la bah\u00eda de Makadi<\/p>\n","protected":false},"excerpt":{"rendered":"<p>Excursi\u00f3n marina en buggy por la bah\u00eda de Makadi<\/p>\n","protected":false},"author":1,"featured_media":5036,"parent":0,"menu_order":0,"comment_status":"closed","ping_status":"closed","template":"page-tours.php","meta":{"_acf_changed":false,"footnotes":""},"class_list":["post-9592","page","type-page","status-publish","has-post-thumbnail","hentry","entry"],"acf":[],"_links":{"self":[{"href":"https:\/\/www.safariredsea.com\/es\/wp-json\/wp\/v2\/pages\/9592","targetHints":{"allow":["GET"]}}],"collection":[{"href":"https:\/\/www.safariredsea.com\/es\/wp-json\/wp\/v2\/pages"}],"about":[{"href":"https:\/\/www.safariredsea.com\/es\/wp-json\/wp\/v2\/types\/page"}],"author":[{"embeddable":true,"href":"https:\/\/www.safariredsea.com\/es\/wp-json\/wp\/v2\/users\/1"}],"replies":[{"embeddable":true,"href":"https:\/\/www.safariredsea.com\/es\/wp-json\/wp\/v2\/comments?post=9592"}],"version-history":[{"count":12,"href":"https:\/\/www.safariredsea.com\/es\/wp-json\/wp\/v2\/pages\/9592\/revisions"}],"predecessor-version":[{"id":18628,"href":"https:\/\/www.safariredsea.com\/es\/wp-json\/wp\/v2\/pages\/9592\/revisions\/18628"}],"wp:featuredmedia":[{"embeddable":true,"href":"https:\/\/www.safariredsea.com\/es\/wp-json\/wp\/v2\/media\/5036"}],"wp:attachment":[{"href":"https:\/\/www.safariredsea.com\/es\/wp-json\/wp\/v2\/media?parent=9592"}],"curies":[{"name":"wp","href":"https:\/\/api.w.org\/{rel}","templated":true}]}}