{"id":10231,"date":"2022-02-11T17:12:10","date_gmt":"2022-02-11T17:12:10","guid":{"rendered":"http:\/\/safariredsea.com\/?page_id=10231"},"modified":"2025-08-16T15:58:27","modified_gmt":"2025-08-16T12:58:27","slug":"excursion-a-cheval-a-marsa-alam","status":"publish","type":"page","link":"https:\/\/www.safariredsea.com\/fr\/excursion-a-cheval-a-marsa-alam\/","title":{"rendered":"Excursion \u00e0 cheval \u00e0 Marsa Alam"},"content":{"rendered":"<p>Excursion \u00e0 cheval \u00e0 Marsa Alam<\/p>\n","protected":false},"excerpt":{"rendered":"<p>Excursion \u00e0 cheval \u00e0 Marsa Alam<\/p>\n","protected":false},"author":1,"featured_media":6444,"parent":0,"menu_order":0,"comment_status":"closed","ping_status":"closed","template":"page-tours.php","meta":{"_acf_changed":false,"footnotes":""},"class_list":["post-10231","page","type-page","status-publish","has-post-thumbnail","hentry","entry"],"acf":[],"_links":{"self":[{"href":"https:\/\/www.safariredsea.com\/fr\/wp-json\/wp\/v2\/pages\/10231","targetHints":{"allow":["GET"]}}],"collection":[{"href":"https:\/\/www.safariredsea.com\/fr\/wp-json\/wp\/v2\/pages"}],"about":[{"href":"https:\/\/www.safariredsea.com\/fr\/wp-json\/wp\/v2\/types\/page"}],"author":[{"embeddable":true,"href":"https:\/\/www.safariredsea.com\/fr\/wp-json\/wp\/v2\/users\/1"}],"replies":[{"embeddable":true,"href":"https:\/\/www.safariredsea.com\/fr\/wp-json\/wp\/v2\/comments?post=10231"}],"version-history":[{"count":11,"href":"https:\/\/www.safariredsea.com\/fr\/wp-json\/wp\/v2\/pages\/10231\/revisions"}],"predecessor-version":[{"id":18688,"href":"https:\/\/www.safariredsea.com\/fr\/wp-json\/wp\/v2\/pages\/10231\/revisions\/18688"}],"wp:featuredmedia":[{"embeddable":true,"href":"https:\/\/www.safariredsea.com\/fr\/wp-json\/wp\/v2\/media\/6444"}],"wp:attachment":[{"href":"https:\/\/www.safariredsea.com\/fr\/wp-json\/wp\/v2\/media?parent=10231"}],"curies":[{"name":"wp","href":"https:\/\/api.w.org\/{rel}","templated":true}]}}