{"id":12021,"date":"2022-03-03T16:22:45","date_gmt":"2022-03-03T16:22:45","guid":{"rendered":"http:\/\/safariredsea.com\/?page_id=12021"},"modified":"2022-03-13T21:27:23","modified_gmt":"2022-03-13T21:27:23","slug":"safari-hurghada","status":"publish","type":"page","link":"https:\/\/www.safariredsea.com\/fr\/safari-hurghada\/","title":{"rendered":"Safari Hurghada"},"content":{"rendered":"<h1 style=\"text-align: center;\"><span style=\"color: #ffcc00;\"><strong>Safari Hurghada &#8211; Excursions en quad, Jeep Safari, Dune Buggy Hurghada<\/strong><\/span><\/h1>\n<p>Desert Safari\u00a0Hurghada est une rencontre merveilleuse, car \u00e0 tout moment vous vous aidez \u00e0 garder le temps o\u00f9 vous vous sentez revigor\u00e9 une fois de plus.<\/p>\n<p>Le soutien de millions de personnes lors de cette visite avec les familles et les conjoints garantit que Desert Safari Hurghada est la meilleure visite parmi le large \u00e9ventail de visites diverses.<\/p>\n<p>Des v\u00e9hicules extr\u00eamement parfaits et propres et un guide de safari affable pour vous. Aussi, le climat familial est vital pour nos voyages safari.<\/p>\n","protected":false},"excerpt":{"rendered":"<p>Safari Hurghada &#8211; Excursions en quad, Jeep Safari, Dune Buggy Hurghada Desert Safari\u00a0Hurghada est une rencontre merveilleuse, car \u00e0 tout moment vous vous aidez \u00e0 garder le temps o\u00f9 vous vous sentez revigor\u00e9 une fois de plus. Le soutien de millions de personnes lors de cette visite avec les familles et les conjoints garantit que [&hellip;]<\/p>\n","protected":false},"author":1,"featured_media":16822,"parent":0,"menu_order":0,"comment_status":"closed","ping_status":"closed","template":"page-template.php","meta":{"_acf_changed":false,"footnotes":""},"class_list":["post-12021","page","type-page","status-publish","has-post-thumbnail","hentry","entry"],"acf":[],"_links":{"self":[{"href":"https:\/\/www.safariredsea.com\/fr\/wp-json\/wp\/v2\/pages\/12021","targetHints":{"allow":["GET"]}}],"collection":[{"href":"https:\/\/www.safariredsea.com\/fr\/wp-json\/wp\/v2\/pages"}],"about":[{"href":"https:\/\/www.safariredsea.com\/fr\/wp-json\/wp\/v2\/types\/page"}],"author":[{"embeddable":true,"href":"https:\/\/www.safariredsea.com\/fr\/wp-json\/wp\/v2\/users\/1"}],"replies":[{"embeddable":true,"href":"https:\/\/www.safariredsea.com\/fr\/wp-json\/wp\/v2\/comments?post=12021"}],"version-history":[{"count":2,"href":"https:\/\/www.safariredsea.com\/fr\/wp-json\/wp\/v2\/pages\/12021\/revisions"}],"predecessor-version":[{"id":14702,"href":"https:\/\/www.safariredsea.com\/fr\/wp-json\/wp\/v2\/pages\/12021\/revisions\/14702"}],"wp:featuredmedia":[{"embeddable":true,"href":"https:\/\/www.safariredsea.com\/fr\/wp-json\/wp\/v2\/media\/16822"}],"wp:attachment":[{"href":"https:\/\/www.safariredsea.com\/fr\/wp-json\/wp\/v2\/media?parent=12021"}],"curies":[{"name":"wp","href":"https:\/\/api.w.org\/{rel}","templated":true}]}}