{"id":12059,"date":"2022-03-04T08:19:24","date_gmt":"2022-03-04T08:19:24","guid":{"rendered":"http:\/\/safariredsea.com\/?page_id=12059"},"modified":"2022-03-16T13:37:27","modified_gmt":"2022-03-16T13:37:27","slug":"quad-hurghada","status":"publish","type":"page","link":"https:\/\/www.safariredsea.com\/fr\/safari-hurghada\/quad-hurghada\/","title":{"rendered":"Quad Hurghada"},"content":{"rendered":"<h2 style=\"text-align: center;\"><strong>Quad Hurghada<\/strong><\/h2>\n<p>&nbsp;<\/p>\n<p>Avec ce meilleur safari dans le d\u00e9sert, nous avons apport\u00e9 divers autres exercices tr\u00e8s demand\u00e9s. Bien que nous ayons plus de types de safaris pour vous comme Sunset Desert Safari, les offres Quad Biking Hurghada, suivies de Evening Desert Safari, vous pouvez choisir et savourer les offres de safari dans le d\u00e9sert admir\u00e9es.<\/p>\n","protected":false},"excerpt":{"rendered":"<p>Quad Hurghada &nbsp; Avec ce meilleur safari dans le d\u00e9sert, nous avons apport\u00e9 divers autres exercices tr\u00e8s demand\u00e9s. Bien que nous ayons plus de types de safaris pour vous comme Sunset Desert Safari, les offres Quad Biking Hurghada, suivies de Evening Desert Safari, vous pouvez choisir et savourer les offres de safari dans le d\u00e9sert [&hellip;]<\/p>\n","protected":false},"author":1,"featured_media":6948,"parent":12021,"menu_order":0,"comment_status":"closed","ping_status":"closed","template":"page-template-cat.php","meta":{"_acf_changed":false,"footnotes":""},"class_list":["post-12059","page","type-page","status-publish","has-post-thumbnail","hentry","entry"],"acf":[],"_links":{"self":[{"href":"https:\/\/www.safariredsea.com\/fr\/wp-json\/wp\/v2\/pages\/12059","targetHints":{"allow":["GET"]}}],"collection":[{"href":"https:\/\/www.safariredsea.com\/fr\/wp-json\/wp\/v2\/pages"}],"about":[{"href":"https:\/\/www.safariredsea.com\/fr\/wp-json\/wp\/v2\/types\/page"}],"author":[{"embeddable":true,"href":"https:\/\/www.safariredsea.com\/fr\/wp-json\/wp\/v2\/users\/1"}],"replies":[{"embeddable":true,"href":"https:\/\/www.safariredsea.com\/fr\/wp-json\/wp\/v2\/comments?post=12059"}],"version-history":[{"count":7,"href":"https:\/\/www.safariredsea.com\/fr\/wp-json\/wp\/v2\/pages\/12059\/revisions"}],"predecessor-version":[{"id":15601,"href":"https:\/\/www.safariredsea.com\/fr\/wp-json\/wp\/v2\/pages\/12059\/revisions\/15601"}],"up":[{"embeddable":true,"href":"https:\/\/www.safariredsea.com\/fr\/wp-json\/wp\/v2\/pages\/12021"}],"wp:featuredmedia":[{"embeddable":true,"href":"https:\/\/www.safariredsea.com\/fr\/wp-json\/wp\/v2\/media\/6948"}],"wp:attachment":[{"href":"https:\/\/www.safariredsea.com\/fr\/wp-json\/wp\/v2\/media?parent=12059"}],"curies":[{"name":"wp","href":"https:\/\/api.w.org\/{rel}","templated":true}]}}