{"id":12081,"date":"2022-03-04T08:55:34","date_gmt":"2022-03-04T08:55:34","guid":{"rendered":"http:\/\/safariredsea.com\/?page_id=12081"},"modified":"2022-03-16T13:31:20","modified_gmt":"2022-03-16T13:31:20","slug":"safari-en-jeep-a-hurghada","status":"publish","type":"page","link":"https:\/\/www.safariredsea.com\/fr\/safari-hurghada\/safari-en-jeep-a-hurghada\/","title":{"rendered":"Safari en jeep \u00e0 Hurghada"},"content":{"rendered":"<h2 style=\"text-align: center;\"><strong>Safari en jeep \u00e0 Hurghada<\/strong><\/h2>\n<p>&nbsp;<\/p>\n<p style=\"text-align: center;\">Cr\u00e9ez les meilleurs souvenirs avec votre famille et vos proches \u00e0 Hurghada Jeep Safari. Le coucher et le lever du soleil sont les meilleures vues que vous devez capturer dans le d\u00e9sert d&rsquo;Hurghada.<\/p>\n","protected":false},"excerpt":{"rendered":"<p>Safari en jeep \u00e0 Hurghada &nbsp; Cr\u00e9ez les meilleurs souvenirs avec votre famille et vos proches \u00e0 Hurghada Jeep Safari. Le coucher et le lever du soleil sont les meilleures vues que vous devez capturer dans le d\u00e9sert d&rsquo;Hurghada.<\/p>\n","protected":false},"author":1,"featured_media":7087,"parent":12021,"menu_order":0,"comment_status":"closed","ping_status":"closed","template":"page-template-city.php","meta":{"_acf_changed":false,"footnotes":""},"class_list":["post-12081","page","type-page","status-publish","has-post-thumbnail","hentry","entry"],"acf":[],"_links":{"self":[{"href":"https:\/\/www.safariredsea.com\/fr\/wp-json\/wp\/v2\/pages\/12081","targetHints":{"allow":["GET"]}}],"collection":[{"href":"https:\/\/www.safariredsea.com\/fr\/wp-json\/wp\/v2\/pages"}],"about":[{"href":"https:\/\/www.safariredsea.com\/fr\/wp-json\/wp\/v2\/types\/page"}],"author":[{"embeddable":true,"href":"https:\/\/www.safariredsea.com\/fr\/wp-json\/wp\/v2\/users\/1"}],"replies":[{"embeddable":true,"href":"https:\/\/www.safariredsea.com\/fr\/wp-json\/wp\/v2\/comments?post=12081"}],"version-history":[{"count":9,"href":"https:\/\/www.safariredsea.com\/fr\/wp-json\/wp\/v2\/pages\/12081\/revisions"}],"predecessor-version":[{"id":15594,"href":"https:\/\/www.safariredsea.com\/fr\/wp-json\/wp\/v2\/pages\/12081\/revisions\/15594"}],"up":[{"embeddable":true,"href":"https:\/\/www.safariredsea.com\/fr\/wp-json\/wp\/v2\/pages\/12021"}],"wp:featuredmedia":[{"embeddable":true,"href":"https:\/\/www.safariredsea.com\/fr\/wp-json\/wp\/v2\/media\/7087"}],"wp:attachment":[{"href":"https:\/\/www.safariredsea.com\/fr\/wp-json\/wp\/v2\/media?parent=12081"}],"curies":[{"name":"wp","href":"https:\/\/api.w.org\/{rel}","templated":true}]}}