{"id":12123,"date":"2022-03-04T10:40:30","date_gmt":"2022-03-04T10:40:30","guid":{"rendered":"http:\/\/safariredsea.com\/?page_id=12123"},"modified":"2022-03-15T14:57:23","modified_gmt":"2022-03-15T14:57:23","slug":"safari-sharm-el-sheikh","status":"publish","type":"page","link":"https:\/\/www.safariredsea.com\/fr\/safari-sharm-el-sheikh\/","title":{"rendered":"Safari Sharm El-Sheikh"},"content":{"rendered":"<h1 style=\"text-align: center;\"><span style=\"color: #ffcc00;\"><strong>Sharm El Sheikh &#8211; Quad Bike Tours Sharm El Sheikh, Dune Buggy Sharm El Sheikh<\/strong><\/span><\/h1>\n<p>&nbsp;<\/p>\n<p>Le point de safari dans le d\u00e9sert de Sharm El Sheikh n&rsquo;est pas long avant le d\u00e9but du safari. Il y a une pause pour se d\u00e9tendre. Des salles de bains pour hommes et femmes sont m\u00eame l\u00e0 pour votre confort.<\/p>\n<p>Quads Bike et Dune buggy vous y attendent \u00e9galement. En supposant que vous souhaitiez participer au trajet, vous pouvez rouler pendant 20 \u00e0 30 minutes.<\/p>\n","protected":false},"excerpt":{"rendered":"<p>Sharm El Sheikh &#8211; Quad Bike Tours Sharm El Sheikh, Dune Buggy Sharm El Sheikh &nbsp; Le point de safari dans le d\u00e9sert de Sharm El Sheikh n&rsquo;est pas long avant le d\u00e9but du safari. Il y a une pause pour se d\u00e9tendre. Des salles de bains pour hommes et femmes sont m\u00eame l\u00e0 pour [&hellip;]<\/p>\n","protected":false},"author":1,"featured_media":16857,"parent":0,"menu_order":0,"comment_status":"closed","ping_status":"closed","template":"page-template.php","meta":{"_acf_changed":false,"footnotes":""},"class_list":["post-12123","page","type-page","status-publish","has-post-thumbnail","hentry","entry"],"acf":[],"_links":{"self":[{"href":"https:\/\/www.safariredsea.com\/fr\/wp-json\/wp\/v2\/pages\/12123","targetHints":{"allow":["GET"]}}],"collection":[{"href":"https:\/\/www.safariredsea.com\/fr\/wp-json\/wp\/v2\/pages"}],"about":[{"href":"https:\/\/www.safariredsea.com\/fr\/wp-json\/wp\/v2\/types\/page"}],"author":[{"embeddable":true,"href":"https:\/\/www.safariredsea.com\/fr\/wp-json\/wp\/v2\/users\/1"}],"replies":[{"embeddable":true,"href":"https:\/\/www.safariredsea.com\/fr\/wp-json\/wp\/v2\/comments?post=12123"}],"version-history":[{"count":6,"href":"https:\/\/www.safariredsea.com\/fr\/wp-json\/wp\/v2\/pages\/12123\/revisions"}],"predecessor-version":[{"id":15390,"href":"https:\/\/www.safariredsea.com\/fr\/wp-json\/wp\/v2\/pages\/12123\/revisions\/15390"}],"wp:featuredmedia":[{"embeddable":true,"href":"https:\/\/www.safariredsea.com\/fr\/wp-json\/wp\/v2\/media\/16857"}],"wp:attachment":[{"href":"https:\/\/www.safariredsea.com\/fr\/wp-json\/wp\/v2\/media?parent=12123"}],"curies":[{"name":"wp","href":"https:\/\/api.w.org\/{rel}","templated":true}]}}