{"id":12400,"date":"2022-03-05T15:58:11","date_gmt":"2022-03-05T15:58:11","guid":{"rendered":"http:\/\/safariredsea.com\/?page_id=12400"},"modified":"2022-03-16T16:44:56","modified_gmt":"2022-03-16T16:44:56","slug":"quad-a-sharm-el-sheikh","status":"publish","type":"page","link":"https:\/\/www.safariredsea.com\/fr\/safari-sharm-el-sheikh\/quad-a-sharm-el-sheikh\/","title":{"rendered":"Quad \u00e0 Sharm El Sheikh"},"content":{"rendered":"<h2 style=\"text-align: center;\"><strong>Quad \u00e0 Sharm El Sheikh<\/strong><\/h2>\n<p>&nbsp;<\/p>\n<p style=\"text-align: center;\">Cr\u00e9ez les meilleurs souvenirs avec votre famille et vos proches \u00e0 Sharm El Sheikh Quad Biking Safari. Le coucher et le lever du soleil sont les meilleures vues que vous devez capturer dans le d\u00e9sert de Sharm El Sheikh.<\/p>\n","protected":false},"excerpt":{"rendered":"<p>Quad \u00e0 Sharm El Sheikh &nbsp; Cr\u00e9ez les meilleurs souvenirs avec votre famille et vos proches \u00e0 Sharm El Sheikh Quad Biking Safari. Le coucher et le lever du soleil sont les meilleures vues que vous devez capturer dans le d\u00e9sert de Sharm El Sheikh.<\/p>\n","protected":false},"author":1,"featured_media":7003,"parent":12123,"menu_order":0,"comment_status":"closed","ping_status":"closed","template":"page-template-city.php","meta":{"_acf_changed":false,"footnotes":""},"class_list":["post-12400","page","type-page","status-publish","has-post-thumbnail","hentry","entry"],"acf":[],"_links":{"self":[{"href":"https:\/\/www.safariredsea.com\/fr\/wp-json\/wp\/v2\/pages\/12400","targetHints":{"allow":["GET"]}}],"collection":[{"href":"https:\/\/www.safariredsea.com\/fr\/wp-json\/wp\/v2\/pages"}],"about":[{"href":"https:\/\/www.safariredsea.com\/fr\/wp-json\/wp\/v2\/types\/page"}],"author":[{"embeddable":true,"href":"https:\/\/www.safariredsea.com\/fr\/wp-json\/wp\/v2\/users\/1"}],"replies":[{"embeddable":true,"href":"https:\/\/www.safariredsea.com\/fr\/wp-json\/wp\/v2\/comments?post=12400"}],"version-history":[{"count":7,"href":"https:\/\/www.safariredsea.com\/fr\/wp-json\/wp\/v2\/pages\/12400\/revisions"}],"predecessor-version":[{"id":15676,"href":"https:\/\/www.safariredsea.com\/fr\/wp-json\/wp\/v2\/pages\/12400\/revisions\/15676"}],"up":[{"embeddable":true,"href":"https:\/\/www.safariredsea.com\/fr\/wp-json\/wp\/v2\/pages\/12123"}],"wp:featuredmedia":[{"embeddable":true,"href":"https:\/\/www.safariredsea.com\/fr\/wp-json\/wp\/v2\/media\/7003"}],"wp:attachment":[{"href":"https:\/\/www.safariredsea.com\/fr\/wp-json\/wp\/v2\/media?parent=12400"}],"curies":[{"name":"wp","href":"https:\/\/api.w.org\/{rel}","templated":true}]}}