{"id":12418,"date":"2022-03-05T16:14:45","date_gmt":"2022-03-05T16:14:45","guid":{"rendered":"http:\/\/safariredsea.com\/?page_id=12418"},"modified":"2022-03-15T14:47:31","modified_gmt":"2022-03-15T14:47:31","slug":"safari-en-buggy-a-charm-el-cheikh","status":"publish","type":"page","link":"https:\/\/www.safariredsea.com\/fr\/safari-sharm-el-sheikh\/safari-en-buggy-a-charm-el-cheikh\/","title":{"rendered":"Safari en buggy \u00e0 Charm el-Cheikh"},"content":{"rendered":"<h2 style=\"text-align: center;\"><strong>Safari en buggy \u00e0 Charm el-Cheikh<\/strong><\/h2>\n<p>&nbsp;<\/p>\n<p style=\"text-align: center;\">En ce qui concerne le mode de vie et l&rsquo;histoire de ce Best, Buggy Safari Sharm El Sheikh garde le plaisir toute la journ\u00e9e. Parall\u00e8lement \u00e0 cela, nous apportons beaucoup de choses plus excitantes qui vous \u00e9tonneront par leur charme et leur frisson.<\/p>\n","protected":false},"excerpt":{"rendered":"<p>Safari en buggy \u00e0 Charm el-Cheikh &nbsp; En ce qui concerne le mode de vie et l&rsquo;histoire de ce Best, Buggy Safari Sharm El Sheikh garde le plaisir toute la journ\u00e9e. Parall\u00e8lement \u00e0 cela, nous apportons beaucoup de choses plus excitantes qui vous \u00e9tonneront par leur charme et leur frisson.<\/p>\n","protected":false},"author":1,"featured_media":6984,"parent":12123,"menu_order":0,"comment_status":"closed","ping_status":"closed","template":"page-template-city.php","meta":{"_acf_changed":false,"footnotes":""},"class_list":["post-12418","page","type-page","status-publish","has-post-thumbnail","hentry","entry"],"acf":[],"_links":{"self":[{"href":"https:\/\/www.safariredsea.com\/fr\/wp-json\/wp\/v2\/pages\/12418","targetHints":{"allow":["GET"]}}],"collection":[{"href":"https:\/\/www.safariredsea.com\/fr\/wp-json\/wp\/v2\/pages"}],"about":[{"href":"https:\/\/www.safariredsea.com\/fr\/wp-json\/wp\/v2\/types\/page"}],"author":[{"embeddable":true,"href":"https:\/\/www.safariredsea.com\/fr\/wp-json\/wp\/v2\/users\/1"}],"replies":[{"embeddable":true,"href":"https:\/\/www.safariredsea.com\/fr\/wp-json\/wp\/v2\/comments?post=12418"}],"version-history":[{"count":5,"href":"https:\/\/www.safariredsea.com\/fr\/wp-json\/wp\/v2\/pages\/12418\/revisions"}],"predecessor-version":[{"id":15375,"href":"https:\/\/www.safariredsea.com\/fr\/wp-json\/wp\/v2\/pages\/12418\/revisions\/15375"}],"up":[{"embeddable":true,"href":"https:\/\/www.safariredsea.com\/fr\/wp-json\/wp\/v2\/pages\/12123"}],"wp:featuredmedia":[{"embeddable":true,"href":"https:\/\/www.safariredsea.com\/fr\/wp-json\/wp\/v2\/media\/6984"}],"wp:attachment":[{"href":"https:\/\/www.safariredsea.com\/fr\/wp-json\/wp\/v2\/media?parent=12418"}],"curies":[{"name":"wp","href":"https:\/\/api.w.org\/{rel}","templated":true}]}}