{"id":12436,"date":"2022-03-05T16:33:38","date_gmt":"2022-03-05T16:33:38","guid":{"rendered":"http:\/\/safariredsea.com\/?page_id=12436"},"modified":"2022-03-15T12:03:58","modified_gmt":"2022-03-15T12:03:58","slug":"safari-baie-de-makadi","status":"publish","type":"page","link":"https:\/\/www.safariredsea.com\/fr\/safari-baie-de-makadi\/","title":{"rendered":"Safari Baie de Makadi"},"content":{"rendered":"<h1 style=\"text-align: center;\"><strong><span style=\"color: #ffcc00;\">Safari Baie de Makadi &#8211; Quad Bike Tours Makadi Bay, Jeep Safari Makadi Bay, Dune Buggy<br \/>\n<strong>Safari Baie de Makadi<\/strong><\/span><\/strong><\/h1>\n<p>&nbsp;<\/p>\n<p>Cr\u00e9ez les meilleurs souvenirs avec votre famille et vos proches \u00e0 Makadi Bay Safari. Le coucher et le lever du soleil sont les meilleures vues que vous devez capturer dans le d\u00e9sert de la baie de Makadi.<\/p>\n","protected":false},"excerpt":{"rendered":"<p>Safari Baie de Makadi &#8211; Quad Bike Tours Makadi Bay, Jeep Safari Makadi Bay, Dune Buggy Safari Baie de Makadi &nbsp; Cr\u00e9ez les meilleurs souvenirs avec votre famille et vos proches \u00e0 Makadi Bay Safari. Le coucher et le lever du soleil sont les meilleures vues que vous devez capturer dans le d\u00e9sert de la [&hellip;]<\/p>\n","protected":false},"author":1,"featured_media":16836,"parent":0,"menu_order":0,"comment_status":"closed","ping_status":"closed","template":"page-template.php","meta":{"_acf_changed":false,"footnotes":""},"class_list":["post-12436","page","type-page","status-publish","has-post-thumbnail","hentry","entry"],"acf":[],"_links":{"self":[{"href":"https:\/\/www.safariredsea.com\/fr\/wp-json\/wp\/v2\/pages\/12436","targetHints":{"allow":["GET"]}}],"collection":[{"href":"https:\/\/www.safariredsea.com\/fr\/wp-json\/wp\/v2\/pages"}],"about":[{"href":"https:\/\/www.safariredsea.com\/fr\/wp-json\/wp\/v2\/types\/page"}],"author":[{"embeddable":true,"href":"https:\/\/www.safariredsea.com\/fr\/wp-json\/wp\/v2\/users\/1"}],"replies":[{"embeddable":true,"href":"https:\/\/www.safariredsea.com\/fr\/wp-json\/wp\/v2\/comments?post=12436"}],"version-history":[{"count":6,"href":"https:\/\/www.safariredsea.com\/fr\/wp-json\/wp\/v2\/pages\/12436\/revisions"}],"predecessor-version":[{"id":15256,"href":"https:\/\/www.safariredsea.com\/fr\/wp-json\/wp\/v2\/pages\/12436\/revisions\/15256"}],"wp:featuredmedia":[{"embeddable":true,"href":"https:\/\/www.safariredsea.com\/fr\/wp-json\/wp\/v2\/media\/16836"}],"wp:attachment":[{"href":"https:\/\/www.safariredsea.com\/fr\/wp-json\/wp\/v2\/media?parent=12436"}],"curies":[{"name":"wp","href":"https:\/\/api.w.org\/{rel}","templated":true}]}}