{"id":12454,"date":"2022-03-05T17:23:52","date_gmt":"2022-03-05T17:23:52","guid":{"rendered":"http:\/\/safariredsea.com\/?page_id=12454"},"modified":"2022-03-16T13:59:19","modified_gmt":"2022-03-16T13:59:19","slug":"quad-dans-la-baie-de-makadi","status":"publish","type":"page","link":"https:\/\/www.safariredsea.com\/fr\/safari-baie-de-makadi\/quad-dans-la-baie-de-makadi\/","title":{"rendered":"Quad dans la baie de Makadi"},"content":{"rendered":"<h2 style=\"text-align: center;\"><strong>Quad dans la baie de Makadi<\/strong><\/h2>\n<p>&nbsp;<\/p>\n<p style=\"text-align: center;\">En ce qui concerne le mode de vie et l&rsquo;histoire de ce Best, Quad Biking Makadi Bay garde le plaisir toute la journ\u00e9e. Parall\u00e8lement \u00e0 cela, nous apportons beaucoup de choses plus excitantes qui vous \u00e9tonneront par leur charme et leur frisson.<\/p>\n","protected":false},"excerpt":{"rendered":"<p>Quad dans la baie de Makadi &nbsp; En ce qui concerne le mode de vie et l&rsquo;histoire de ce Best, Quad Biking Makadi Bay garde le plaisir toute la journ\u00e9e. Parall\u00e8lement \u00e0 cela, nous apportons beaucoup de choses plus excitantes qui vous \u00e9tonneront par leur charme et leur frisson.<\/p>\n","protected":false},"author":1,"featured_media":7039,"parent":12436,"menu_order":0,"comment_status":"closed","ping_status":"closed","template":"page-template-city.php","meta":{"_acf_changed":false,"footnotes":""},"class_list":["post-12454","page","type-page","status-publish","has-post-thumbnail","hentry","entry"],"acf":[],"_links":{"self":[{"href":"https:\/\/www.safariredsea.com\/fr\/wp-json\/wp\/v2\/pages\/12454","targetHints":{"allow":["GET"]}}],"collection":[{"href":"https:\/\/www.safariredsea.com\/fr\/wp-json\/wp\/v2\/pages"}],"about":[{"href":"https:\/\/www.safariredsea.com\/fr\/wp-json\/wp\/v2\/types\/page"}],"author":[{"embeddable":true,"href":"https:\/\/www.safariredsea.com\/fr\/wp-json\/wp\/v2\/users\/1"}],"replies":[{"embeddable":true,"href":"https:\/\/www.safariredsea.com\/fr\/wp-json\/wp\/v2\/comments?post=12454"}],"version-history":[{"count":6,"href":"https:\/\/www.safariredsea.com\/fr\/wp-json\/wp\/v2\/pages\/12454\/revisions"}],"predecessor-version":[{"id":15625,"href":"https:\/\/www.safariredsea.com\/fr\/wp-json\/wp\/v2\/pages\/12454\/revisions\/15625"}],"up":[{"embeddable":true,"href":"https:\/\/www.safariredsea.com\/fr\/wp-json\/wp\/v2\/pages\/12436"}],"wp:featuredmedia":[{"embeddable":true,"href":"https:\/\/www.safariredsea.com\/fr\/wp-json\/wp\/v2\/media\/7039"}],"wp:attachment":[{"href":"https:\/\/www.safariredsea.com\/fr\/wp-json\/wp\/v2\/media?parent=12454"}],"curies":[{"name":"wp","href":"https:\/\/api.w.org\/{rel}","templated":true}]}}