{"id":12491,"date":"2022-03-05T18:27:53","date_gmt":"2022-03-05T18:27:53","guid":{"rendered":"http:\/\/safariredsea.com\/?page_id=12491"},"modified":"2022-03-16T13:46:56","modified_gmt":"2022-03-16T13:46:56","slug":"safari-en-buggy-dans-la-baie-de-makadi","status":"publish","type":"page","link":"https:\/\/www.safariredsea.com\/fr\/safari-baie-de-makadi\/safari-en-buggy-dans-la-baie-de-makadi\/","title":{"rendered":"Safari en buggy dans la baie de Makadi"},"content":{"rendered":"<h2 style=\"text-align: center;\"><strong>Safari en buggy dans la baie de Makadi<\/strong><\/h2>\n<p>&nbsp;<\/p>\n<p style=\"text-align: center;\">Cr\u00e9ez les meilleurs souvenirs avec votre famille et vos proches \u00e0 Buggy Safari Makadi Bay. Le coucher et le lever du soleil sont les meilleures vues que vous devez capturer dans le d\u00e9sert de la baie de Makadi.<\/p>\n<p>&nbsp;<\/p>\n","protected":false},"excerpt":{"rendered":"<p>Safari en buggy dans la baie de Makadi &nbsp; Cr\u00e9ez les meilleurs souvenirs avec votre famille et vos proches \u00e0 Buggy Safari Makadi Bay. Le coucher et le lever du soleil sont les meilleures vues que vous devez capturer dans le d\u00e9sert de la baie de Makadi. &nbsp;<\/p>\n","protected":false},"author":1,"featured_media":7021,"parent":12436,"menu_order":0,"comment_status":"closed","ping_status":"closed","template":"page-template-city.php","meta":{"_acf_changed":false,"footnotes":""},"class_list":["post-12491","page","type-page","status-publish","has-post-thumbnail","hentry","entry"],"acf":[],"_links":{"self":[{"href":"https:\/\/www.safariredsea.com\/fr\/wp-json\/wp\/v2\/pages\/12491","targetHints":{"allow":["GET"]}}],"collection":[{"href":"https:\/\/www.safariredsea.com\/fr\/wp-json\/wp\/v2\/pages"}],"about":[{"href":"https:\/\/www.safariredsea.com\/fr\/wp-json\/wp\/v2\/types\/page"}],"author":[{"embeddable":true,"href":"https:\/\/www.safariredsea.com\/fr\/wp-json\/wp\/v2\/users\/1"}],"replies":[{"embeddable":true,"href":"https:\/\/www.safariredsea.com\/fr\/wp-json\/wp\/v2\/comments?post=12491"}],"version-history":[{"count":6,"href":"https:\/\/www.safariredsea.com\/fr\/wp-json\/wp\/v2\/pages\/12491\/revisions"}],"predecessor-version":[{"id":15610,"href":"https:\/\/www.safariredsea.com\/fr\/wp-json\/wp\/v2\/pages\/12491\/revisions\/15610"}],"up":[{"embeddable":true,"href":"https:\/\/www.safariredsea.com\/fr\/wp-json\/wp\/v2\/pages\/12436"}],"wp:featuredmedia":[{"embeddable":true,"href":"https:\/\/www.safariredsea.com\/fr\/wp-json\/wp\/v2\/media\/7021"}],"wp:attachment":[{"href":"https:\/\/www.safariredsea.com\/fr\/wp-json\/wp\/v2\/media?parent=12491"}],"curies":[{"name":"wp","href":"https:\/\/api.w.org\/{rel}","templated":true}]}}