{"id":12509,"date":"2022-03-05T18:46:09","date_gmt":"2022-03-05T18:46:09","guid":{"rendered":"http:\/\/safariredsea.com\/?page_id=12509"},"modified":"2022-03-15T07:37:04","modified_gmt":"2022-03-15T07:37:04","slug":"safari-dans-le-desert-dhurghada","status":"publish","type":"page","link":"https:\/\/www.safariredsea.com\/fr\/safari-dans-le-desert-dhurghada\/","title":{"rendered":"Safari dans le d\u00e9sert d&rsquo;Hurghada"},"content":{"rendered":"<h2 style=\"text-align: center;\"><strong>Safari dans le d\u00e9sert d&rsquo;Hurghada<\/strong><\/h2>\n<p>&nbsp;<\/p>\n<p style=\"text-align: center;\"><strong>Safari dans le d\u00e9sert d&rsquo;Hurghada<\/strong> est une rencontre merveilleuse car, \u00e0 tout moment, vous vous aidez \u00e0 garder le temps o\u00f9 vous vous sentez revigor\u00e9 une fois de plus.<\/p>\n<p style=\"text-align: center;\">Le soutien de millions de personnes lors de cette visite avec les familles et les conjoints garantit que Desert Safari est la baie d&rsquo;Hurghada la meilleure visite parmi le large \u00e9ventail de visites diverses.<\/p>\n<p>&nbsp;<\/p>\n","protected":false},"excerpt":{"rendered":"<p>Safari dans le d\u00e9sert d&rsquo;Hurghada &nbsp; Safari dans le d\u00e9sert d&rsquo;Hurghada est une rencontre merveilleuse car, \u00e0 tout moment, vous vous aidez \u00e0 garder le temps o\u00f9 vous vous sentez revigor\u00e9 une fois de plus. Le soutien de millions de personnes lors de cette visite avec les familles et les conjoints garantit que Desert Safari [&hellip;]<\/p>\n","protected":false},"author":1,"featured_media":7626,"parent":0,"menu_order":0,"comment_status":"closed","ping_status":"closed","template":"page-template-cat.php","meta":{"_acf_changed":false,"footnotes":""},"class_list":["post-12509","page","type-page","status-publish","has-post-thumbnail","hentry","entry"],"acf":[],"_links":{"self":[{"href":"https:\/\/www.safariredsea.com\/fr\/wp-json\/wp\/v2\/pages\/12509","targetHints":{"allow":["GET"]}}],"collection":[{"href":"https:\/\/www.safariredsea.com\/fr\/wp-json\/wp\/v2\/pages"}],"about":[{"href":"https:\/\/www.safariredsea.com\/fr\/wp-json\/wp\/v2\/types\/page"}],"author":[{"embeddable":true,"href":"https:\/\/www.safariredsea.com\/fr\/wp-json\/wp\/v2\/users\/1"}],"replies":[{"embeddable":true,"href":"https:\/\/www.safariredsea.com\/fr\/wp-json\/wp\/v2\/comments?post=12509"}],"version-history":[{"count":7,"href":"https:\/\/www.safariredsea.com\/fr\/wp-json\/wp\/v2\/pages\/12509\/revisions"}],"predecessor-version":[{"id":15034,"href":"https:\/\/www.safariredsea.com\/fr\/wp-json\/wp\/v2\/pages\/12509\/revisions\/15034"}],"wp:featuredmedia":[{"embeddable":true,"href":"https:\/\/www.safariredsea.com\/fr\/wp-json\/wp\/v2\/media\/7626"}],"wp:attachment":[{"href":"https:\/\/www.safariredsea.com\/fr\/wp-json\/wp\/v2\/media?parent=12509"}],"curies":[{"name":"wp","href":"https:\/\/api.w.org\/{rel}","templated":true}]}}