{"id":12666,"date":"2022-03-06T07:46:55","date_gmt":"2022-03-06T07:46:55","guid":{"rendered":"http:\/\/safariredsea.com\/?page_id=12666"},"modified":"2022-03-15T07:49:20","modified_gmt":"2022-03-15T07:49:20","slug":"safari-dune-journee-dans-le-desert-au-coucher-du-soleil-dhurghada","status":"publish","type":"page","link":"https:\/\/www.safariredsea.com\/fr\/safari-dune-journee-dans-le-desert-au-coucher-du-soleil-dhurghada\/","title":{"rendered":"Safari d&rsquo;une journ\u00e9e dans le d\u00e9sert au coucher du soleil d&rsquo;Hurghada"},"content":{"rendered":"<h2 style=\"text-align: center;\"><strong>Safari d&rsquo;une journ\u00e9e dans le d\u00e9sert au coucher du soleil d&rsquo;Hurghada<\/strong><\/h2>\n<p>&nbsp;<\/p>\n<p style=\"text-align: center;\">En ce qui concerne le mode de vie et l&rsquo;histoire de ce meilleur, Hurghada Sunset Desert Day Safari reste heureux toute la journ\u00e9e. Parall\u00e8lement \u00e0 cela, nous apportons beaucoup de choses plus excitantes qui vous \u00e9tonneront par leur charme et leur frisson.<\/p>\n","protected":false},"excerpt":{"rendered":"<p>Safari d&rsquo;une journ\u00e9e dans le d\u00e9sert au coucher du soleil d&rsquo;Hurghada &nbsp; En ce qui concerne le mode de vie et l&rsquo;histoire de ce meilleur, Hurghada Sunset Desert Day Safari reste heureux toute la journ\u00e9e. Parall\u00e8lement \u00e0 cela, nous apportons beaucoup de choses plus excitantes qui vous \u00e9tonneront par leur charme et leur frisson.<\/p>\n","protected":false},"author":1,"featured_media":7299,"parent":0,"menu_order":0,"comment_status":"closed","ping_status":"closed","template":"page-template-cat.php","meta":{"_acf_changed":false,"footnotes":""},"class_list":["post-12666","page","type-page","status-publish","has-post-thumbnail","hentry","entry"],"acf":[],"_links":{"self":[{"href":"https:\/\/www.safariredsea.com\/fr\/wp-json\/wp\/v2\/pages\/12666","targetHints":{"allow":["GET"]}}],"collection":[{"href":"https:\/\/www.safariredsea.com\/fr\/wp-json\/wp\/v2\/pages"}],"about":[{"href":"https:\/\/www.safariredsea.com\/fr\/wp-json\/wp\/v2\/types\/page"}],"author":[{"embeddable":true,"href":"https:\/\/www.safariredsea.com\/fr\/wp-json\/wp\/v2\/users\/1"}],"replies":[{"embeddable":true,"href":"https:\/\/www.safariredsea.com\/fr\/wp-json\/wp\/v2\/comments?post=12666"}],"version-history":[{"count":7,"href":"https:\/\/www.safariredsea.com\/fr\/wp-json\/wp\/v2\/pages\/12666\/revisions"}],"predecessor-version":[{"id":15039,"href":"https:\/\/www.safariredsea.com\/fr\/wp-json\/wp\/v2\/pages\/12666\/revisions\/15039"}],"wp:featuredmedia":[{"embeddable":true,"href":"https:\/\/www.safariredsea.com\/fr\/wp-json\/wp\/v2\/media\/7299"}],"wp:attachment":[{"href":"https:\/\/www.safariredsea.com\/fr\/wp-json\/wp\/v2\/media?parent=12666"}],"curies":[{"name":"wp","href":"https:\/\/api.w.org\/{rel}","templated":true}]}}