{"id":12846,"date":"2022-03-06T11:31:43","date_gmt":"2022-03-06T11:31:43","guid":{"rendered":"http:\/\/safariredsea.com\/?page_id=12846"},"modified":"2022-03-15T09:00:55","modified_gmt":"2022-03-15T09:00:55","slug":"excursion-en-buggy-a-hurghada","status":"publish","type":"page","link":"https:\/\/www.safariredsea.com\/fr\/excursion-en-buggy-a-hurghada\/","title":{"rendered":"Excursion en buggy \u00e0 Hurghada"},"content":{"rendered":"<h2 style=\"text-align: center;\"><strong>Excursion en buggy \u00e0 Hurghada<\/strong><\/h2>\n<p>&nbsp;<\/p>\n<p style=\"text-align: center;\">En ce qui concerne le mode de vie et l&rsquo;histoire de ce meilleur, Hurghada Buggy Tour garde le plaisir toute la journ\u00e9e. Parall\u00e8lement \u00e0 cela, nous apportons beaucoup de choses plus excitantes qui vous \u00e9tonneront par leur charme et leur frisson.<\/p>\n","protected":false},"excerpt":{"rendered":"<p>Excursion en buggy \u00e0 Hurghada &nbsp; En ce qui concerne le mode de vie et l&rsquo;histoire de ce meilleur, Hurghada Buggy Tour garde le plaisir toute la journ\u00e9e. Parall\u00e8lement \u00e0 cela, nous apportons beaucoup de choses plus excitantes qui vous \u00e9tonneront par leur charme et leur frisson.<\/p>\n","protected":false},"author":1,"featured_media":7382,"parent":0,"menu_order":0,"comment_status":"closed","ping_status":"closed","template":"page-template-cat.php","meta":{"_acf_changed":false,"footnotes":""},"class_list":["post-12846","page","type-page","status-publish","has-post-thumbnail","hentry","entry"],"acf":[],"_links":{"self":[{"href":"https:\/\/www.safariredsea.com\/fr\/wp-json\/wp\/v2\/pages\/12846","targetHints":{"allow":["GET"]}}],"collection":[{"href":"https:\/\/www.safariredsea.com\/fr\/wp-json\/wp\/v2\/pages"}],"about":[{"href":"https:\/\/www.safariredsea.com\/fr\/wp-json\/wp\/v2\/types\/page"}],"author":[{"embeddable":true,"href":"https:\/\/www.safariredsea.com\/fr\/wp-json\/wp\/v2\/users\/1"}],"replies":[{"embeddable":true,"href":"https:\/\/www.safariredsea.com\/fr\/wp-json\/wp\/v2\/comments?post=12846"}],"version-history":[{"count":5,"href":"https:\/\/www.safariredsea.com\/fr\/wp-json\/wp\/v2\/pages\/12846\/revisions"}],"predecessor-version":[{"id":15102,"href":"https:\/\/www.safariredsea.com\/fr\/wp-json\/wp\/v2\/pages\/12846\/revisions\/15102"}],"wp:featuredmedia":[{"embeddable":true,"href":"https:\/\/www.safariredsea.com\/fr\/wp-json\/wp\/v2\/media\/7382"}],"wp:attachment":[{"href":"https:\/\/www.safariredsea.com\/fr\/wp-json\/wp\/v2\/media?parent=12846"}],"curies":[{"name":"wp","href":"https:\/\/api.w.org\/{rel}","templated":true}]}}